{"id":3070,"date":"2015-05-07T13:03:36","date_gmt":"2015-05-07T13:03:36","guid":{"rendered":"http:\/\/ati-sports.com\/?page_id=3070"},"modified":"2021-01-29T21:43:28","modified_gmt":"2021-01-29T20:43:28","slug":"mentions-legales","status":"publish","type":"page","link":"https:\/\/ati-sports.com\/index.php\/mentions-legales\/","title":{"rendered":"Mentions L\u00e9gales"},"content":{"rendered":"<h1 class=\"text-boarder-top-bottom-white\">MENTIONS L\u00c9GALES<\/h1>\n<p style=\"text-align: center;\">Bienvenue sur\u00a0le site d&rsquo;<strong>ATI Sports<\/strong>, une marque d\u00e9pos\u00e9e de<strong> Alpes Techniques Industries<\/strong><\/p>\n<p><u>Forme de la soci\u00e9t\u00e9\u00a0:<\/u>\u00a0Soci\u00e9t\u00e9 \u00e0 responsabilit\u00e9 Limit\u00e9e<br \/>\n<u>Capital social\u00a0:<\/u> 2000 \u20ac<br \/>\n<u>N\u00b0 SIRET :<\/u> 523 896 504 000 25<br \/>\n<u>Si\u00e8ge social\u00a0:<\/u> 18 rue de Chamechaude, CS38360 Sassenage, FRANCE<br \/>\n<u>Num\u00e9ro de TVA :<\/u> FR 76 52 38 96 504<br \/>\n<u>G\u00e9rant :<\/u> Jos\u00e9 Rodrigues<\/p>\n<div>Afin de nous contacter, envoyez un mail \u00e0 Jose.rodrigues@alpes-techniques-industries.com<\/div>\n<p><u>H\u00e9bergeur du site :<\/u> OVH.com<br \/>\n<u>SAS au capital de<\/u> 10 059 500\u20ac<br \/>\n<u>RCS Lille M\u00e9tropole :<\/u> 424 751 419 000 45<br \/>\n<u>Code APE :<\/u> 6202A<br \/>\n<u>Si\u00e8ge social :<\/u> 2 rue Kellermann, CS59100, ROUBAIX, FRANCE<\/p>\n<p>Num\u00e9ros d&rsquo;appel (standard du si\u00e8ge social)\u00a0:<\/p>\n<p><u>T\u00e9l\u00a0:<\/u> 04 72 52 37 77<br \/>\n<u>Mobile\u00a0:<\/u> +33 (0)9.72.10.10.07<br \/>\n<u>Fax :<\/u> (+33) 4 76 27 41 69<br \/>\ndu lundi au vendredi de 9h00 \u00e0 18h00\u00a0(heure de Paris).<\/p>\n<p><b>Propri\u00e9t\u00e9 intellectuelle<br \/>\n<\/b><\/p>\n<p>Nous vous informons que toute reproduction ou repr\u00e9sentation totale ou partielle, par quelque proc\u00e9d\u00e9 que ce soit, de ce site, des logos, des images pouvant y figurer est interdite sans l\u2019autorisation expresse d&rsquo;<strong>ATI-Sports.com<\/strong>\u00a0et constituerait une contrefa\u00e7on sanctionn\u00e9e par les articles L 335-2 et suivants du Code de la propri\u00e9t\u00e9 intellectuelle.<\/p>\n<p><b>Protection des donn\u00e9es personnelles<\/b><\/p>\n<p><strong>ATI-Sports.com<\/strong>\u00a0recueille des informations vous concernant lors de la cr\u00e9ation de votre Compte Client. Les informations accompagn\u00e9es d\u2019un ast\u00e9risque sont obligatoires. Ces informations nous permettent d\u2019effectuer les op\u00e9rations relatives \u00e0 la gestion des clients, des op\u00e9rations relatives \u00e0 la prospection, \u00e0 l\u2019\u00e9laboration de statistiques commerciales, \u00e0 la gestion des demandes de droit d\u2019acc\u00e8s, de rectification et d\u2019opposition,\u00a0la gestion des impay\u00e9s et du contentieux, \u00e0 la gestion d\u2019op\u00e9rations promotionnelles, \u00e0 la gestion des avis. Ces donn\u00e9es peuvent \u00eatre utilis\u00e9es pour l\u2019envoi d\u2019informations et offres promotionnelles de la part de la soci\u00e9t\u00e9 Alpes Techniques Industries et de sa filiale ATI Sports, dont vous pouvez vous d\u00e9sinscrire \u00e0 tout moment en d\u00e9cochant l\u2019option page Mon Compte \/ G\u00e9rer mes abonnements Newsletter.<\/p>\n<p>Nous nous sommes engag\u00e9s \u00e0 assurer la s\u00e9curit\u00e9 des donn\u00e9es \u00e0 caract\u00e8re personnel via des proc\u00e9dures strictes au sein de notre entreprise. Pour les donn\u00e9es collect\u00e9es \u00ab\u00a0en ligne\u00a0\u00bb, les communications sur la partie cliente sont crypt\u00e9es entre le poste de l&rsquo;internaute et nos serveurs (zone s\u00e9curis\u00e9e HTTPS). <strong>ATI-Sports.com<\/strong> s\u2019oblige \u00e0 mettre tous ses efforts en \u0153uvre afin de prot\u00e9ger vos donn\u00e9es nominatives.<\/p>\n<p>Conform\u00e9ment aux dispositions de la Loi Informatique et Libert\u00e9s du 6 janvier 1978 (modifi\u00e9e par la loi du 6 ao\u00fbt 2004 relative \u00e0 la protection des personnes physiques \u00e0 l&rsquo;\u00e9gard des traitements de donn\u00e9es \u00e0 caract\u00e8re personnel), vous b\u00e9n\u00e9ficiez d&rsquo;un droit d&rsquo;acc\u00e8s, de rectification ou d&rsquo;opposition sur vos donn\u00e9es nominatives collect\u00e9es. Ces droits peuvent \u00eatre exerc\u00e9s en vous rendant sur la page Mon Compte \/ Informations du Compte ou en \u00e9crivant directement \u00e0 ATI, 18 rue de Chamechaude, CS38360, SASSENAGE en pr\u00e9cisant vos noms, pr\u00e9nom, num\u00e9ro de client, copie de votre pi\u00e8ce d\u2019identit\u00e9.<\/p>\n<p>Nous ne diffusons pas de donn\u00e9es nominatives sur notre site \u00e0 l\u2019exception de votre pr\u00e9nom et de votre nom ou votre pseudonyme lorsque vous formulez des critiques sur un produit ou intervenez sur un forum.<\/p>\n","protected":false},"excerpt":{"rendered":"<p>MENTIONS L\u00c9GALES Bienvenue sur\u00a0le site d&rsquo;ATI Sports, une marque d\u00e9pos\u00e9e de Alpes Techniques Industries Forme de la soci\u00e9t\u00e9\u00a0:\u00a0Soci\u00e9t\u00e9 \u00e0 responsabilit\u00e9 Limit\u00e9e Capital social\u00a0: 2000 \u20ac N\u00b0 SIRET : 523 896 504 000 25 Si\u00e8ge social\u00a0: 18 rue de Chamechaude, CS38360 Sassenage, FRANCE Num\u00e9ro de TVA : FR 76 52 38 96 504 G\u00e9rant : Jos\u00e9&hellip; <br \/> <a class=\"read-more\" href=\"https:\/\/ati-sports.com\/index.php\/mentions-legales\/\">Lire la suite<\/a><\/p>\n","protected":false},"author":7,"featured_media":0,"parent":0,"menu_order":0,"comment_status":"closed","ping_status":"open","template":"","meta":{"footnotes":""},"class_list":["post-3070","page","type-page","status-publish","hentry"],"yoast_head":"<!-- This site is optimized with the Yoast SEO plugin v27.4 - https:\/\/yoast.com\/product\/yoast-seo-wordpress\/ -->\n<title>Mentions L\u00e9gales - ATI Sports - Une glisse de qualit\u00e9 pour tous<\/title>\n<meta name=\"description\" content=\"Mentions L\u00e9gales d&#039;ATI Sports\" \/>\n<meta name=\"robots\" content=\"index, follow, max-snippet:-1, max-image-preview:large, max-video-preview:-1\" \/>\n<link rel=\"canonical\" href=\"https:\/\/ati-sports.com\/index.php\/mentions-legales\/\" \/>\n<meta property=\"og:locale\" content=\"fr_FR\" \/>\n<meta property=\"og:type\" content=\"article\" \/>\n<meta property=\"og:title\" content=\"Mentions L\u00e9gales - ATI Sports - Une glisse de qualit\u00e9 pour tous\" \/>\n<meta property=\"og:description\" content=\"Mentions L\u00e9gales d&#039;ATI Sports\" \/>\n<meta property=\"og:url\" content=\"https:\/\/ati-sports.com\/index.php\/mentions-legales\/\" \/>\n<meta property=\"og:site_name\" content=\"ATI Sports\" \/>\n<meta property=\"article:publisher\" content=\"https:\/\/www.facebook.com\/Atisports\" \/>\n<meta property=\"article:modified_time\" content=\"2021-01-29T20:43:28+00:00\" \/>\n<meta name=\"twitter:card\" content=\"summary_large_image\" \/>\n<meta name=\"twitter:label1\" content=\"Dur\u00e9e de lecture estim\u00e9e\" \/>\n\t<meta name=\"twitter:data1\" content=\"3 minutes\" \/>\n<script type=\"application\/ld+json\" class=\"yoast-schema-graph\">{\"@context\":\"https:\\\/\\\/schema.org\",\"@graph\":[{\"@type\":\"WebPage\",\"@id\":\"https:\\\/\\\/ati-sports.com\\\/index.php\\\/mentions-legales\\\/\",\"url\":\"https:\\\/\\\/ati-sports.com\\\/index.php\\\/mentions-legales\\\/\",\"name\":\"Mentions L\u00e9gales - ATI Sports - Une glisse de qualit\u00e9 pour tous\",\"isPartOf\":{\"@id\":\"https:\\\/\\\/ati-sports.com\\\/#website\"},\"datePublished\":\"2015-05-07T13:03:36+00:00\",\"dateModified\":\"2021-01-29T20:43:28+00:00\",\"description\":\"Mentions L\u00e9gales d'ATI Sports\",\"breadcrumb\":{\"@id\":\"https:\\\/\\\/ati-sports.com\\\/index.php\\\/mentions-legales\\\/#breadcrumb\"},\"inLanguage\":\"fr-FR\",\"potentialAction\":[{\"@type\":\"ReadAction\",\"target\":[\"https:\\\/\\\/ati-sports.com\\\/index.php\\\/mentions-legales\\\/\"]}]},{\"@type\":\"BreadcrumbList\",\"@id\":\"https:\\\/\\\/ati-sports.com\\\/index.php\\\/mentions-legales\\\/#breadcrumb\",\"itemListElement\":[{\"@type\":\"ListItem\",\"position\":1,\"name\":\"Accueil\",\"item\":\"https:\\\/\\\/ati-sports.com\\\/\"},{\"@type\":\"ListItem\",\"position\":2,\"name\":\"Mentions L\u00e9gales\"}]},{\"@type\":\"WebSite\",\"@id\":\"https:\\\/\\\/ati-sports.com\\\/#website\",\"url\":\"https:\\\/\\\/ati-sports.com\\\/\",\"name\":\"ATI Sports\",\"description\":\"Une glisse de qualit\u00e9 pour tous\",\"publisher\":{\"@id\":\"https:\\\/\\\/ati-sports.com\\\/#organization\"},\"potentialAction\":[{\"@type\":\"SearchAction\",\"target\":{\"@type\":\"EntryPoint\",\"urlTemplate\":\"https:\\\/\\\/ati-sports.com\\\/?s={search_term_string}\"},\"query-input\":{\"@type\":\"PropertyValueSpecification\",\"valueRequired\":true,\"valueName\":\"search_term_string\"}}],\"inLanguage\":\"fr-FR\"},{\"@type\":\"Organization\",\"@id\":\"https:\\\/\\\/ati-sports.com\\\/#organization\",\"name\":\"Alpes Techniques Industrie Sports\",\"url\":\"https:\\\/\\\/ati-sports.com\\\/\",\"logo\":{\"@type\":\"ImageObject\",\"inLanguage\":\"fr-FR\",\"@id\":\"https:\\\/\\\/ati-sports.com\\\/#\\\/schema\\\/logo\\\/image\\\/\",\"url\":\"https:\\\/\\\/ati-sports.com\\\/wp-content\\\/uploads\\\/2021\\\/01\\\/logo_ATI_sports_blanc_detoure-1024x765-1.gif\",\"contentUrl\":\"https:\\\/\\\/ati-sports.com\\\/wp-content\\\/uploads\\\/2021\\\/01\\\/logo_ATI_sports_blanc_detoure-1024x765-1.gif\",\"width\":300,\"height\":223,\"caption\":\"Alpes Techniques Industrie Sports\"},\"image\":{\"@id\":\"https:\\\/\\\/ati-sports.com\\\/#\\\/schema\\\/logo\\\/image\\\/\"},\"sameAs\":[\"https:\\\/\\\/www.facebook.com\\\/Atisports\",\"https:\\\/\\\/www.instagram.com\\\/ati_sports\\\/\"]}]}<\/script>\n<!-- \/ Yoast SEO plugin. -->","yoast_head_json":{"title":"Mentions L\u00e9gales - ATI Sports - Une glisse de qualit\u00e9 pour tous","description":"Mentions L\u00e9gales d'ATI Sports","robots":{"index":"index","follow":"follow","max-snippet":"max-snippet:-1","max-image-preview":"max-image-preview:large","max-video-preview":"max-video-preview:-1"},"canonical":"https:\/\/ati-sports.com\/index.php\/mentions-legales\/","og_locale":"fr_FR","og_type":"article","og_title":"Mentions L\u00e9gales - ATI Sports - Une glisse de qualit\u00e9 pour tous","og_description":"Mentions L\u00e9gales d'ATI Sports","og_url":"https:\/\/ati-sports.com\/index.php\/mentions-legales\/","og_site_name":"ATI Sports","article_publisher":"https:\/\/www.facebook.com\/Atisports","article_modified_time":"2021-01-29T20:43:28+00:00","twitter_card":"summary_large_image","twitter_misc":{"Dur\u00e9e de lecture estim\u00e9e":"3 minutes"},"schema":{"@context":"https:\/\/schema.org","@graph":[{"@type":"WebPage","@id":"https:\/\/ati-sports.com\/index.php\/mentions-legales\/","url":"https:\/\/ati-sports.com\/index.php\/mentions-legales\/","name":"Mentions L\u00e9gales - ATI Sports - Une glisse de qualit\u00e9 pour tous","isPartOf":{"@id":"https:\/\/ati-sports.com\/#website"},"datePublished":"2015-05-07T13:03:36+00:00","dateModified":"2021-01-29T20:43:28+00:00","description":"Mentions L\u00e9gales d'ATI Sports","breadcrumb":{"@id":"https:\/\/ati-sports.com\/index.php\/mentions-legales\/#breadcrumb"},"inLanguage":"fr-FR","potentialAction":[{"@type":"ReadAction","target":["https:\/\/ati-sports.com\/index.php\/mentions-legales\/"]}]},{"@type":"BreadcrumbList","@id":"https:\/\/ati-sports.com\/index.php\/mentions-legales\/#breadcrumb","itemListElement":[{"@type":"ListItem","position":1,"name":"Accueil","item":"https:\/\/ati-sports.com\/"},{"@type":"ListItem","position":2,"name":"Mentions L\u00e9gales"}]},{"@type":"WebSite","@id":"https:\/\/ati-sports.com\/#website","url":"https:\/\/ati-sports.com\/","name":"ATI Sports","description":"Une glisse de qualit\u00e9 pour tous","publisher":{"@id":"https:\/\/ati-sports.com\/#organization"},"potentialAction":[{"@type":"SearchAction","target":{"@type":"EntryPoint","urlTemplate":"https:\/\/ati-sports.com\/?s={search_term_string}"},"query-input":{"@type":"PropertyValueSpecification","valueRequired":true,"valueName":"search_term_string"}}],"inLanguage":"fr-FR"},{"@type":"Organization","@id":"https:\/\/ati-sports.com\/#organization","name":"Alpes Techniques Industrie Sports","url":"https:\/\/ati-sports.com\/","logo":{"@type":"ImageObject","inLanguage":"fr-FR","@id":"https:\/\/ati-sports.com\/#\/schema\/logo\/image\/","url":"https:\/\/ati-sports.com\/wp-content\/uploads\/2021\/01\/logo_ATI_sports_blanc_detoure-1024x765-1.gif","contentUrl":"https:\/\/ati-sports.com\/wp-content\/uploads\/2021\/01\/logo_ATI_sports_blanc_detoure-1024x765-1.gif","width":300,"height":223,"caption":"Alpes Techniques Industrie Sports"},"image":{"@id":"https:\/\/ati-sports.com\/#\/schema\/logo\/image\/"},"sameAs":["https:\/\/www.facebook.com\/Atisports","https:\/\/www.instagram.com\/ati_sports\/"]}]}},"_links":{"self":[{"href":"https:\/\/ati-sports.com\/index.php\/wp-json\/wp\/v2\/pages\/3070","targetHints":{"allow":["GET"]}}],"collection":[{"href":"https:\/\/ati-sports.com\/index.php\/wp-json\/wp\/v2\/pages"}],"about":[{"href":"https:\/\/ati-sports.com\/index.php\/wp-json\/wp\/v2\/types\/page"}],"author":[{"embeddable":true,"href":"https:\/\/ati-sports.com\/index.php\/wp-json\/wp\/v2\/users\/7"}],"replies":[{"embeddable":true,"href":"https:\/\/ati-sports.com\/index.php\/wp-json\/wp\/v2\/comments?post=3070"}],"version-history":[{"count":4,"href":"https:\/\/ati-sports.com\/index.php\/wp-json\/wp\/v2\/pages\/3070\/revisions"}],"predecessor-version":[{"id":7059,"href":"https:\/\/ati-sports.com\/index.php\/wp-json\/wp\/v2\/pages\/3070\/revisions\/7059"}],"wp:attachment":[{"href":"https:\/\/ati-sports.com\/index.php\/wp-json\/wp\/v2\/media?parent=3070"}],"curies":[{"name":"wp","href":"https:\/\/api.w.org\/{rel}","templated":true}]}}