{"id":5698,"date":"2019-04-03T12:07:16","date_gmt":"2019-04-03T10:07:16","guid":{"rendered":"http:\/\/ati-sports.com\/?page_id=5698"},"modified":"2021-01-31T16:18:11","modified_gmt":"2021-01-31T15:18:11","slug":"qui-sommes-nous","status":"publish","type":"page","link":"https:\/\/ati-sports.com\/index.php\/qui-sommes-nous\/","title":{"rendered":"Qui Sommes-Nous?"},"content":{"rendered":"\t\t<div data-elementor-type=\"wp-post\" data-elementor-id=\"5698\" class=\"elementor elementor-5698\">\n\t\t\t\t\t\t<section class=\"elementor-section elementor-top-section elementor-element elementor-element-2a448409 elementor-section-boxed elementor-section-height-default elementor-section-height-default\" data-id=\"2a448409\" data-element_type=\"section\" data-e-type=\"section\">\n\t\t\t\t\t\t<div class=\"elementor-container elementor-column-gap-default\">\n\t\t\t\t\t<div class=\"elementor-column elementor-col-100 elementor-top-column elementor-element elementor-element-613ed865\" data-id=\"613ed865\" data-element_type=\"column\" data-e-type=\"column\">\n\t\t\t<div class=\"elementor-widget-wrap elementor-element-populated\">\n\t\t\t\t\t\t<div class=\"elementor-element elementor-element-884196b elementor-widget elementor-widget-text-editor\" data-id=\"884196b\" data-element_type=\"widget\" data-e-type=\"widget\" data-widget_type=\"text-editor.default\">\n\t\t\t\t<div class=\"elementor-widget-container\">\n\t\t\t\t\t\t\t\t\t<p><\/p>\n<p>Alpes Techniques Industries est une entreprise de m\u00e9canique de pr\u00e9cision cr\u00e9\u00e9e en 2010, elle se compose de 7 employ\u00e9s r\u00e9partis entre un bureau d\u2019\u00e9tudes et un atelier. ATI est sensible \u00e0 l&rsquo;adaptation du sport pour tous, nous \u00e9quipons l\u2019escrime handisport fran\u00e7ais depuis les jeux paralympiques de P\u00e9kin. ATI a donc d\u00e9velopp\u00e9 une marque de sports, ATI sports afin de proposer exclusivement des produits de sport de glisse comme le wakeboard et le ski nautique pour tous. Les produits que nous proposons sont des \u00e9quipements pour le sport de glisse comme des protections, des fixations ou du textile. Les ch\u00e2ssis que nous proposons sont adaptables pour les personnes valides cherchant de nouvelles sensations ainsi que pour les personnes en r\u00e9\u00e9ducation.<\/p>\n<p>\u00a0<\/p>\n<p><\/p>\t\t\t\t\t\t\t\t<\/div>\n\t\t\t\t<\/div>\n\t\t\t\t\t<\/div>\n\t\t<\/div>\n\t\t\t\t\t<\/div>\n\t\t<\/section>\n\t\t\t\t<section class=\"elementor-section elementor-top-section elementor-element elementor-element-3b2a214 elementor-section-boxed elementor-section-height-default elementor-section-height-default\" data-id=\"3b2a214\" data-element_type=\"section\" data-e-type=\"section\">\n\t\t\t\t\t\t<div class=\"elementor-container elementor-column-gap-default\">\n\t\t\t\t\t<div class=\"elementor-column elementor-col-50 elementor-top-column elementor-element elementor-element-3772e38\" data-id=\"3772e38\" data-element_type=\"column\" data-e-type=\"column\">\n\t\t\t<div class=\"elementor-widget-wrap elementor-element-populated\">\n\t\t\t\t\t\t<div class=\"elementor-element elementor-element-07075d2 elementor-widget elementor-widget-image\" data-id=\"07075d2\" data-element_type=\"widget\" data-e-type=\"widget\" data-widget_type=\"image.default\">\n\t\t\t\t<div class=\"elementor-widget-container\">\n\t\t\t\t\t\t\t\t\t\t\t\t\t\t\t<img fetchpriority=\"high\" decoding=\"async\" width=\"224\" height=\"300\" src=\"https:\/\/ati-sports.com\/wp-content\/uploads\/2019\/05\/com_-224x300.jpg\" class=\"attachment-medium size-medium wp-image-6158\" alt=\"\" srcset=\"https:\/\/ati-sports.com\/wp-content\/uploads\/2019\/05\/com_-224x300.jpg 224w, https:\/\/ati-sports.com\/wp-content\/uploads\/2019\/05\/com_-300x402.jpg 300w, https:\/\/ati-sports.com\/wp-content\/uploads\/2019\/05\/com_-600x804.jpg 600w, https:\/\/ati-sports.com\/wp-content\/uploads\/2019\/05\/com_.jpg 716w\" sizes=\"(max-width: 224px) 100vw, 224px\" \/>\t\t\t\t\t\t\t\t\t\t\t\t\t\t\t<\/div>\n\t\t\t\t<\/div>\n\t\t\t\t<div class=\"elementor-element elementor-element-89a90fc elementor-widget elementor-widget-text-editor\" data-id=\"89a90fc\" data-element_type=\"widget\" data-e-type=\"widget\" data-widget_type=\"text-editor.default\">\n\t\t\t\t<div class=\"elementor-widget-container\">\n\t\t\t\t\t\t\t\t\t<p style=\"text-align: center;\">En juin 2013, <strong>ATI Sports<\/strong> a remport\u00e9 le prix <strong>Inosport<\/strong> gr\u00e2ce au si\u00e8ge pour la pratique du ski assis \u00ab\u00a0<strong>Seat Damper System<\/strong>\u00ab\u00a0<\/p>\t\t\t\t\t\t\t\t<\/div>\n\t\t\t\t<\/div>\n\t\t\t\t\t<\/div>\n\t\t<\/div>\n\t\t\t\t<div class=\"elementor-column elementor-col-50 elementor-top-column elementor-element elementor-element-af6c950\" data-id=\"af6c950\" data-element_type=\"column\" data-e-type=\"column\">\n\t\t\t<div class=\"elementor-widget-wrap elementor-element-populated\">\n\t\t\t\t\t\t<div class=\"elementor-element elementor-element-7078ac9 elementor-widget elementor-widget-image\" data-id=\"7078ac9\" data-element_type=\"widget\" data-e-type=\"widget\" data-widget_type=\"image.default\">\n\t\t\t\t<div class=\"elementor-widget-container\">\n\t\t\t\t\t\t\t\t\t\t\t\t\t\t\t<img decoding=\"async\" src=\"https:\/\/ati-sports.com\/wp-content\/uploads\/elementor\/thumbs\/Gosport-ino-prix-scaled-p19fhyvwkvl29w6xq1i0ze9ic28taj2cmv126hz8qo.jpg\" title=\"Gosport-ino-prix\" alt=\"ATI Sports a remport\u00e9 en juin    2013 le prix Inosport gr\u00e2ce au    si\u00e8ge pour la pratique du ski nautique assis \u201cSeat Damper System\u201d.\" loading=\"lazy\" \/>\t\t\t\t\t\t\t\t\t\t\t\t\t\t\t<\/div>\n\t\t\t\t<\/div>\n\t\t\t\t<div class=\"elementor-element elementor-element-d54146f elementor-widget elementor-widget-text-editor\" data-id=\"d54146f\" data-element_type=\"widget\" data-e-type=\"widget\" data-widget_type=\"text-editor.default\">\n\t\t\t\t<div class=\"elementor-widget-container\">\n\t\t\t\t\t\t\t\t\t<p style=\"text-align: center;\">En f\u00e9vrier 2016, <strong>ATI Sports<\/strong> a remport\u00e9 le prix <strong>GO Inov<\/strong> de la soci\u00e9t\u00e9 <strong>Go Sport<\/strong> pour la qualit\u00e9 et l&rsquo;originalit\u00e9 de son ensemble pour <strong>Wakeboard assis<\/strong><\/p>\t\t\t\t\t\t\t\t<\/div>\n\t\t\t\t<\/div>\n\t\t\t\t\t<\/div>\n\t\t<\/div>\n\t\t\t\t\t<\/div>\n\t\t<\/section>\n\t\t\t\t<\/div>\n\t\t","protected":false},"excerpt":{"rendered":"<p>Alpes Techniques Industries est une entreprise de m\u00e9canique de pr\u00e9cision cr\u00e9\u00e9e en 2010, elle se compose de 7 employ\u00e9s r\u00e9partis entre un bureau d\u2019\u00e9tudes et un atelier. ATI est sensible \u00e0 l&rsquo;adaptation du sport pour tous, nous \u00e9quipons l\u2019escrime handisport fran\u00e7ais depuis les jeux paralympiques de P\u00e9kin. ATI a donc d\u00e9velopp\u00e9 une marque de sports,&hellip; <br \/> <a class=\"read-more\" href=\"https:\/\/ati-sports.com\/index.php\/qui-sommes-nous\/\">Lire la suite<\/a><\/p>\n","protected":false},"author":7,"featured_media":0,"parent":0,"menu_order":0,"comment_status":"closed","ping_status":"closed","template":"","meta":{"footnotes":""},"class_list":["post-5698","page","type-page","status-publish","hentry"],"yoast_head":"<!-- This site is optimized with the Yoast SEO plugin v27.4 - https:\/\/yoast.com\/product\/yoast-seo-wordpress\/ -->\n<title>Qui Sommes-Nous? - ATI Sports - Une glisse de qualit\u00e9 pour tous<\/title>\n<meta name=\"robots\" content=\"index, follow, max-snippet:-1, max-image-preview:large, max-video-preview:-1\" \/>\n<link rel=\"canonical\" href=\"https:\/\/ati-sports.com\/index.php\/qui-sommes-nous\/\" \/>\n<meta property=\"og:locale\" content=\"fr_FR\" \/>\n<meta property=\"og:type\" content=\"article\" \/>\n<meta property=\"og:title\" content=\"Qui Sommes-Nous? - ATI Sports - Une glisse de qualit\u00e9 pour tous\" \/>\n<meta property=\"og:description\" content=\"Alpes Techniques Industries est une entreprise de m\u00e9canique de pr\u00e9cision cr\u00e9\u00e9e en 2010, elle se compose de 7 employ\u00e9s r\u00e9partis entre un bureau d\u2019\u00e9tudes et un atelier. ATI est sensible \u00e0 l&rsquo;adaptation du sport pour tous, nous \u00e9quipons l\u2019escrime handisport fran\u00e7ais depuis les jeux paralympiques de P\u00e9kin. ATI a donc d\u00e9velopp\u00e9 une marque de sports,&hellip; Lire la suite\" \/>\n<meta property=\"og:url\" content=\"https:\/\/ati-sports.com\/index.php\/qui-sommes-nous\/\" \/>\n<meta property=\"og:site_name\" content=\"ATI Sports\" \/>\n<meta property=\"article:publisher\" content=\"https:\/\/www.facebook.com\/Atisports\" \/>\n<meta property=\"article:modified_time\" content=\"2021-01-31T15:18:11+00:00\" \/>\n<meta property=\"og:image\" content=\"https:\/\/ati-sports.com\/wp-content\/uploads\/2019\/05\/com_-224x300.jpg\" \/>\n<meta name=\"twitter:card\" content=\"summary_large_image\" \/>\n<meta name=\"twitter:label1\" content=\"Dur\u00e9e de lecture estim\u00e9e\" \/>\n\t<meta name=\"twitter:data1\" content=\"2 minutes\" \/>\n<script type=\"application\/ld+json\" class=\"yoast-schema-graph\">{\"@context\":\"https:\\\/\\\/schema.org\",\"@graph\":[{\"@type\":\"WebPage\",\"@id\":\"https:\\\/\\\/ati-sports.com\\\/index.php\\\/qui-sommes-nous\\\/\",\"url\":\"https:\\\/\\\/ati-sports.com\\\/index.php\\\/qui-sommes-nous\\\/\",\"name\":\"Qui Sommes-Nous? - ATI Sports - Une glisse de qualit\u00e9 pour tous\",\"isPartOf\":{\"@id\":\"https:\\\/\\\/ati-sports.com\\\/#website\"},\"primaryImageOfPage\":{\"@id\":\"https:\\\/\\\/ati-sports.com\\\/index.php\\\/qui-sommes-nous\\\/#primaryimage\"},\"image\":{\"@id\":\"https:\\\/\\\/ati-sports.com\\\/index.php\\\/qui-sommes-nous\\\/#primaryimage\"},\"thumbnailUrl\":\"https:\\\/\\\/ati-sports.com\\\/wp-content\\\/uploads\\\/2019\\\/05\\\/com_-224x300.jpg\",\"datePublished\":\"2019-04-03T10:07:16+00:00\",\"dateModified\":\"2021-01-31T15:18:11+00:00\",\"breadcrumb\":{\"@id\":\"https:\\\/\\\/ati-sports.com\\\/index.php\\\/qui-sommes-nous\\\/#breadcrumb\"},\"inLanguage\":\"fr-FR\",\"potentialAction\":[{\"@type\":\"ReadAction\",\"target\":[\"https:\\\/\\\/ati-sports.com\\\/index.php\\\/qui-sommes-nous\\\/\"]}]},{\"@type\":\"ImageObject\",\"inLanguage\":\"fr-FR\",\"@id\":\"https:\\\/\\\/ati-sports.com\\\/index.php\\\/qui-sommes-nous\\\/#primaryimage\",\"url\":\"https:\\\/\\\/ati-sports.com\\\/wp-content\\\/uploads\\\/2019\\\/05\\\/com_.jpg\",\"contentUrl\":\"https:\\\/\\\/ati-sports.com\\\/wp-content\\\/uploads\\\/2019\\\/05\\\/com_.jpg\",\"width\":716,\"height\":960},{\"@type\":\"BreadcrumbList\",\"@id\":\"https:\\\/\\\/ati-sports.com\\\/index.php\\\/qui-sommes-nous\\\/#breadcrumb\",\"itemListElement\":[{\"@type\":\"ListItem\",\"position\":1,\"name\":\"Accueil\",\"item\":\"https:\\\/\\\/ati-sports.com\\\/\"},{\"@type\":\"ListItem\",\"position\":2,\"name\":\"Qui Sommes-Nous?\"}]},{\"@type\":\"WebSite\",\"@id\":\"https:\\\/\\\/ati-sports.com\\\/#website\",\"url\":\"https:\\\/\\\/ati-sports.com\\\/\",\"name\":\"ATI Sports\",\"description\":\"Une glisse de qualit\u00e9 pour tous\",\"publisher\":{\"@id\":\"https:\\\/\\\/ati-sports.com\\\/#organization\"},\"potentialAction\":[{\"@type\":\"SearchAction\",\"target\":{\"@type\":\"EntryPoint\",\"urlTemplate\":\"https:\\\/\\\/ati-sports.com\\\/?s={search_term_string}\"},\"query-input\":{\"@type\":\"PropertyValueSpecification\",\"valueRequired\":true,\"valueName\":\"search_term_string\"}}],\"inLanguage\":\"fr-FR\"},{\"@type\":\"Organization\",\"@id\":\"https:\\\/\\\/ati-sports.com\\\/#organization\",\"name\":\"Alpes Techniques Industrie Sports\",\"url\":\"https:\\\/\\\/ati-sports.com\\\/\",\"logo\":{\"@type\":\"ImageObject\",\"inLanguage\":\"fr-FR\",\"@id\":\"https:\\\/\\\/ati-sports.com\\\/#\\\/schema\\\/logo\\\/image\\\/\",\"url\":\"https:\\\/\\\/ati-sports.com\\\/wp-content\\\/uploads\\\/2021\\\/01\\\/logo_ATI_sports_blanc_detoure-1024x765-1.gif\",\"contentUrl\":\"https:\\\/\\\/ati-sports.com\\\/wp-content\\\/uploads\\\/2021\\\/01\\\/logo_ATI_sports_blanc_detoure-1024x765-1.gif\",\"width\":300,\"height\":223,\"caption\":\"Alpes Techniques Industrie Sports\"},\"image\":{\"@id\":\"https:\\\/\\\/ati-sports.com\\\/#\\\/schema\\\/logo\\\/image\\\/\"},\"sameAs\":[\"https:\\\/\\\/www.facebook.com\\\/Atisports\",\"https:\\\/\\\/www.instagram.com\\\/ati_sports\\\/\"]}]}<\/script>\n<!-- \/ Yoast SEO plugin. -->","yoast_head_json":{"title":"Qui Sommes-Nous? - ATI Sports - Une glisse de qualit\u00e9 pour tous","robots":{"index":"index","follow":"follow","max-snippet":"max-snippet:-1","max-image-preview":"max-image-preview:large","max-video-preview":"max-video-preview:-1"},"canonical":"https:\/\/ati-sports.com\/index.php\/qui-sommes-nous\/","og_locale":"fr_FR","og_type":"article","og_title":"Qui Sommes-Nous? - ATI Sports - Une glisse de qualit\u00e9 pour tous","og_description":"Alpes Techniques Industries est une entreprise de m\u00e9canique de pr\u00e9cision cr\u00e9\u00e9e en 2010, elle se compose de 7 employ\u00e9s r\u00e9partis entre un bureau d\u2019\u00e9tudes et un atelier. ATI est sensible \u00e0 l&rsquo;adaptation du sport pour tous, nous \u00e9quipons l\u2019escrime handisport fran\u00e7ais depuis les jeux paralympiques de P\u00e9kin. ATI a donc d\u00e9velopp\u00e9 une marque de sports,&hellip; Lire la suite","og_url":"https:\/\/ati-sports.com\/index.php\/qui-sommes-nous\/","og_site_name":"ATI Sports","article_publisher":"https:\/\/www.facebook.com\/Atisports","article_modified_time":"2021-01-31T15:18:11+00:00","og_image":[{"url":"https:\/\/ati-sports.com\/wp-content\/uploads\/2019\/05\/com_-224x300.jpg","type":"","width":"","height":""}],"twitter_card":"summary_large_image","twitter_misc":{"Dur\u00e9e de lecture estim\u00e9e":"2 minutes"},"schema":{"@context":"https:\/\/schema.org","@graph":[{"@type":"WebPage","@id":"https:\/\/ati-sports.com\/index.php\/qui-sommes-nous\/","url":"https:\/\/ati-sports.com\/index.php\/qui-sommes-nous\/","name":"Qui Sommes-Nous? - ATI Sports - Une glisse de qualit\u00e9 pour tous","isPartOf":{"@id":"https:\/\/ati-sports.com\/#website"},"primaryImageOfPage":{"@id":"https:\/\/ati-sports.com\/index.php\/qui-sommes-nous\/#primaryimage"},"image":{"@id":"https:\/\/ati-sports.com\/index.php\/qui-sommes-nous\/#primaryimage"},"thumbnailUrl":"https:\/\/ati-sports.com\/wp-content\/uploads\/2019\/05\/com_-224x300.jpg","datePublished":"2019-04-03T10:07:16+00:00","dateModified":"2021-01-31T15:18:11+00:00","breadcrumb":{"@id":"https:\/\/ati-sports.com\/index.php\/qui-sommes-nous\/#breadcrumb"},"inLanguage":"fr-FR","potentialAction":[{"@type":"ReadAction","target":["https:\/\/ati-sports.com\/index.php\/qui-sommes-nous\/"]}]},{"@type":"ImageObject","inLanguage":"fr-FR","@id":"https:\/\/ati-sports.com\/index.php\/qui-sommes-nous\/#primaryimage","url":"https:\/\/ati-sports.com\/wp-content\/uploads\/2019\/05\/com_.jpg","contentUrl":"https:\/\/ati-sports.com\/wp-content\/uploads\/2019\/05\/com_.jpg","width":716,"height":960},{"@type":"BreadcrumbList","@id":"https:\/\/ati-sports.com\/index.php\/qui-sommes-nous\/#breadcrumb","itemListElement":[{"@type":"ListItem","position":1,"name":"Accueil","item":"https:\/\/ati-sports.com\/"},{"@type":"ListItem","position":2,"name":"Qui Sommes-Nous?"}]},{"@type":"WebSite","@id":"https:\/\/ati-sports.com\/#website","url":"https:\/\/ati-sports.com\/","name":"ATI Sports","description":"Une glisse de qualit\u00e9 pour tous","publisher":{"@id":"https:\/\/ati-sports.com\/#organization"},"potentialAction":[{"@type":"SearchAction","target":{"@type":"EntryPoint","urlTemplate":"https:\/\/ati-sports.com\/?s={search_term_string}"},"query-input":{"@type":"PropertyValueSpecification","valueRequired":true,"valueName":"search_term_string"}}],"inLanguage":"fr-FR"},{"@type":"Organization","@id":"https:\/\/ati-sports.com\/#organization","name":"Alpes Techniques Industrie Sports","url":"https:\/\/ati-sports.com\/","logo":{"@type":"ImageObject","inLanguage":"fr-FR","@id":"https:\/\/ati-sports.com\/#\/schema\/logo\/image\/","url":"https:\/\/ati-sports.com\/wp-content\/uploads\/2021\/01\/logo_ATI_sports_blanc_detoure-1024x765-1.gif","contentUrl":"https:\/\/ati-sports.com\/wp-content\/uploads\/2021\/01\/logo_ATI_sports_blanc_detoure-1024x765-1.gif","width":300,"height":223,"caption":"Alpes Techniques Industrie Sports"},"image":{"@id":"https:\/\/ati-sports.com\/#\/schema\/logo\/image\/"},"sameAs":["https:\/\/www.facebook.com\/Atisports","https:\/\/www.instagram.com\/ati_sports\/"]}]}},"_links":{"self":[{"href":"https:\/\/ati-sports.com\/index.php\/wp-json\/wp\/v2\/pages\/5698","targetHints":{"allow":["GET"]}}],"collection":[{"href":"https:\/\/ati-sports.com\/index.php\/wp-json\/wp\/v2\/pages"}],"about":[{"href":"https:\/\/ati-sports.com\/index.php\/wp-json\/wp\/v2\/types\/page"}],"author":[{"embeddable":true,"href":"https:\/\/ati-sports.com\/index.php\/wp-json\/wp\/v2\/users\/7"}],"replies":[{"embeddable":true,"href":"https:\/\/ati-sports.com\/index.php\/wp-json\/wp\/v2\/comments?post=5698"}],"version-history":[{"count":8,"href":"https:\/\/ati-sports.com\/index.php\/wp-json\/wp\/v2\/pages\/5698\/revisions"}],"predecessor-version":[{"id":7242,"href":"https:\/\/ati-sports.com\/index.php\/wp-json\/wp\/v2\/pages\/5698\/revisions\/7242"}],"wp:attachment":[{"href":"https:\/\/ati-sports.com\/index.php\/wp-json\/wp\/v2\/media?parent=5698"}],"curies":[{"name":"wp","href":"https:\/\/api.w.org\/{rel}","templated":true}]}}