{"id":5701,"date":"2019-04-03T12:07:16","date_gmt":"2019-04-03T10:07:16","guid":{"rendered":"http:\/\/ati-sports.com\/?page_id=5701"},"modified":"2022-06-02T12:03:22","modified_gmt":"2022-06-02T10:03:22","slug":"nous-contacter","status":"publish","type":"page","link":"https:\/\/ati-sports.com\/index.php\/nous-contacter\/","title":{"rendered":"Nous contacter"},"content":{"rendered":"\t\t<div data-elementor-type=\"wp-post\" data-elementor-id=\"5701\" class=\"elementor elementor-5701\">\n\t\t\t\t\t\t<section class=\"elementor-section elementor-top-section elementor-element elementor-element-76596d4 elementor-section-boxed elementor-section-height-default elementor-section-height-default\" data-id=\"76596d4\" data-element_type=\"section\" data-e-type=\"section\">\n\t\t\t\t\t\t<div class=\"elementor-container elementor-column-gap-default\">\n\t\t\t\t\t<div class=\"elementor-column elementor-col-100 elementor-top-column elementor-element elementor-element-633d9206\" data-id=\"633d9206\" data-element_type=\"column\" data-e-type=\"column\">\n\t\t\t<div class=\"elementor-widget-wrap elementor-element-populated\">\n\t\t\t\t\t\t<div class=\"elementor-element elementor-element-f19269e elementor-widget elementor-widget-text-editor\" data-id=\"f19269e\" data-element_type=\"widget\" data-e-type=\"widget\" data-widget_type=\"text-editor.default\">\n\t\t\t\t<div class=\"elementor-widget-container\">\n\t\t\t\t\t\t\t\t\t\n<p> ATI et ses filiales sont \u00e0 l\u2019\u00e9coute de tous les projets. Nous vous proposons donc de nous contacter si vous souhaitez adapter votre \u00e9quipement sportif \u00e0 vos handicaps. Nos ing\u00e9nieurs trouveront une solution adapt\u00e9e \u00e0 votre probl\u00e9matique. <\/p>\n\t\t\t\t\t\t\t\t<\/div>\n\t\t\t\t<\/div>\n\t\t\t\t\t<\/div>\n\t\t<\/div>\n\t\t\t\t\t<\/div>\n\t\t<\/section>\n\t\t\t\t<section class=\"elementor-section elementor-top-section elementor-element elementor-element-7a2ff0e elementor-section-boxed elementor-section-height-default elementor-section-height-default\" data-id=\"7a2ff0e\" data-element_type=\"section\" data-e-type=\"section\">\n\t\t\t\t\t\t<div class=\"elementor-container elementor-column-gap-default\">\n\t\t\t\t\t<div class=\"elementor-column elementor-col-50 elementor-top-column elementor-element elementor-element-559c8fa\" data-id=\"559c8fa\" data-element_type=\"column\" data-e-type=\"column\">\n\t\t\t<div class=\"elementor-widget-wrap elementor-element-populated\">\n\t\t\t\t\t\t<div class=\"elementor-element elementor-element-3f3507b elementor-widget elementor-widget-google_maps\" data-id=\"3f3507b\" data-element_type=\"widget\" data-e-type=\"widget\" data-widget_type=\"google_maps.default\">\n\t\t\t\t<div class=\"elementor-widget-container\">\n\t\t\t\t\t\t\t<div class=\"elementor-custom-embed\">\n\t\t\t<iframe loading=\"lazy\"\n\t\t\t\t\tsrc=\"https:\/\/maps.google.com\/maps?q=18%20rue%20de%20chamechaude%2038360%20sassenage&#038;t=m&#038;z=15&#038;output=embed&#038;iwloc=near\"\n\t\t\t\t\ttitle=\"18 rue de chamechaude 38360 sassenage\"\n\t\t\t\t\taria-label=\"18 rue de chamechaude 38360 sassenage\"\n\t\t\t><\/iframe>\n\t\t<\/div>\n\t\t\t\t\t\t<\/div>\n\t\t\t\t<\/div>\n\t\t\t\t\t<\/div>\n\t\t<\/div>\n\t\t\t\t<div class=\"elementor-column elementor-col-50 elementor-top-column elementor-element elementor-element-5b923f8\" data-id=\"5b923f8\" data-element_type=\"column\" data-e-type=\"column\" data-settings=\"{&quot;background_background&quot;:&quot;classic&quot;}\">\n\t\t\t<div class=\"elementor-widget-wrap elementor-element-populated\">\n\t\t\t\t\t\t<div class=\"elementor-element elementor-element-4076863 elementor-widget elementor-widget-shortcode\" data-id=\"4076863\" data-element_type=\"widget\" data-e-type=\"widget\" data-widget_type=\"shortcode.default\">\n\t\t\t\t<div class=\"elementor-widget-container\">\n\t\t\t\t\t\t\t<div class=\"elementor-shortcode\">\n<div class=\"wpcf7 no-js\" id=\"wpcf7-f7420-o1\" lang=\"fr-FR\" dir=\"ltr\" data-wpcf7-id=\"7420\">\n<div class=\"screen-reader-response\"><p role=\"status\" aria-live=\"polite\" aria-atomic=\"true\"><\/p> <ul><\/ul><\/div>\n<form action=\"\/index.php\/wp-json\/wp\/v2\/pages\/5701#wpcf7-f7420-o1\" method=\"post\" class=\"wpcf7-form init\" aria-label=\"Formulaire de contact\" novalidate=\"novalidate\" data-status=\"init\">\n<fieldset class=\"hidden-fields-container\"><input type=\"hidden\" name=\"_wpcf7\" value=\"7420\" \/><input type=\"hidden\" name=\"_wpcf7_version\" value=\"6.1.5\" \/><input type=\"hidden\" name=\"_wpcf7_locale\" value=\"fr_FR\" \/><input type=\"hidden\" name=\"_wpcf7_unit_tag\" value=\"wpcf7-f7420-o1\" \/><input type=\"hidden\" name=\"_wpcf7_container_post\" value=\"0\" \/><input type=\"hidden\" name=\"_wpcf7_posted_data_hash\" value=\"\" \/><input type=\"hidden\" name=\"_wpcf7_recaptcha_response\" value=\"\" \/>\n<\/fieldset>\n<p><label> Votre nom<br \/>\n<span class=\"wpcf7-form-control-wrap\" data-name=\"your-name\"><input size=\"40\" maxlength=\"400\" class=\"wpcf7-form-control wpcf7-text wpcf7-validates-as-required\" aria-required=\"true\" aria-invalid=\"false\" value=\"\" type=\"text\" name=\"your-name\" \/><\/span> <\/label>\n<\/p>\n<p><label> Votre e-mail<br \/>\n<span class=\"wpcf7-form-control-wrap\" data-name=\"your-email\"><input size=\"40\" maxlength=\"400\" class=\"wpcf7-form-control wpcf7-email wpcf7-validates-as-required wpcf7-text wpcf7-validates-as-email\" aria-required=\"true\" aria-invalid=\"false\" value=\"\" type=\"email\" name=\"your-email\" \/><\/span> <\/label>\n<\/p>\n<p><label> Votre Num\u00e9ro de T\u00e9l\u00e9phone<br \/>\n<span class=\"wpcf7-form-control-wrap\" data-name=\"tel-183\"><input size=\"40\" maxlength=\"400\" class=\"wpcf7-form-control wpcf7-tel wpcf7-validates-as-required wpcf7-text wpcf7-validates-as-tel\" aria-required=\"true\" aria-invalid=\"false\" value=\"\" type=\"tel\" name=\"tel-183\" \/><\/span> <\/label>\n<\/p>\n<p><label> Objet<br \/>\n<span class=\"wpcf7-form-control-wrap\" data-name=\"menu-881\"><select class=\"wpcf7-form-control wpcf7-select wpcf7-validates-as-required\" aria-required=\"true\" aria-invalid=\"false\" name=\"menu-881\"><option value=\"\">&#8212;Veuillez choisir une option&#8212;<\/option><option value=\"Nous contacter\">Nous contacter<\/option><option value=\"Ch\u00e2ssis de ski nautique \u00c9cole &amp; Club\">Ch\u00e2ssis de ski nautique \u00c9cole &amp; Club<\/option><option value=\"Ch\u00e2ssis de Wakeboard assis \u00c9cole\">Ch\u00e2ssis de Wakeboard assis \u00c9cole<\/option><option value=\"Ch\u00e2ssis ReveOlution\">Ch\u00e2ssis ReveOlution<\/option><option value=\"Ch\u00e2ssis school 2020\">Ch\u00e2ssis school 2020<\/option><option value=\"Ch\u00e2ssis ski nautique Comp\u00e9tition\">Ch\u00e2ssis ski nautique Comp\u00e9tition<\/option><option value=\"Ch\u00e2ssis Titanium\">Ch\u00e2ssis Titanium<\/option><option value=\"Ch\u00e2ssis wakeboard 2019\">Ch\u00e2ssis wakeboard 2019<\/option><option value=\"Chausse carbone\">Chausse carbone<\/option><option value=\"Coque personnalis\u00e9e\">Coque personnalis\u00e9e<\/option><option value=\"Coque semi-personnalis\u00e9e\">Coque semi-personnalis\u00e9e<\/option><option value=\"D\u00e9rive de ski nautique WAARK\">D\u00e9rive de ski nautique WAARK<\/option><option value=\"Palonnier Comp\u00e9tition\">Palonnier Comp\u00e9tition<\/option><option value=\"Stabilisateur pour ski nautique assis\">Stabilisateur pour ski nautique assis<\/option><\/select><\/span> <\/label>\n<\/p>\n<p><label> Votre message<br \/>\n<span class=\"wpcf7-form-control-wrap\" data-name=\"your-message\"><textarea cols=\"40\" rows=\"10\" maxlength=\"2000\" class=\"wpcf7-form-control wpcf7-textarea wpcf7-validates-as-required\" aria-required=\"true\" aria-invalid=\"false\" name=\"your-message\"><\/textarea><\/span> <\/label>\n<\/p>\n<p><span class=\"wpcf7-form-control-wrap\" data-name=\"acceptance-424\"><span class=\"wpcf7-form-control wpcf7-acceptance\"><span class=\"wpcf7-list-item\"><label><input type=\"checkbox\" name=\"acceptance-424\" value=\"1\" aria-invalid=\"false\" \/><span class=\"wpcf7-list-item-label\">Merci de cocher cette case pour acceptation d'envoi du message<\/span><\/label><\/span><\/span><\/span>\n<\/p>\n<p><input class=\"wpcf7-form-control wpcf7-submit has-spinner\" type=\"submit\" value=\"Envoyer\" \/>\n<\/p>\n<p><span class=\"wpcf7-form-control-wrap kc_captcha\" data-name=\"kc_captcha\"><span class=\"wpcf7-form-control wpcf7-radio\"><span class=\"captcha-image\" ><span class=\"cf7ic_instructions\">Veuillez prouver que vous \u00eates humain en s\u00e9lectionnant<span> le c\u0153ur<\/span>.<\/span><label><input aria-label=\"1\" type=\"radio\" name=\"kc_captcha\" value=\"kc_human\" \/><svg aria-hidden=\"true\" role=\"img\" xmlns=\"http:\/\/www.w3.org\/2000\/svg\" viewBox=\"0 0 576 512\"><path fill=\"currentColor\" d=\"M415 24c-53 0-103 42-127 65-24-23-74-65-127-65C70 24 16 77 16 166c0 72 67 133 69 135l187 181c9 8 23 8 32 0l187-180c2-3 69-64 69-136 0-89-54-142-145-142z\"\/><\/svg><\/label><label><input aria-label=\"2\" type=\"radio\" name=\"kc_captcha\" value=\"bot\" \/><svg aria-hidden=\"true\" role=\"img\" xmlns=\"http:\/\/www.w3.org\/2000\/svg\" viewBox=\"0 0 576 512\"><path fill=\"currentColor\" d=\"M488 313v143c0 13-11 24-24 24H348c-7 0-12-5-12-12V356c0-7-5-12-12-12h-72c-7 0-12 5-12 12v112c0 7-5 12-12 12H112c-13 0-24-11-24-24V313c0-4 2-7 4-10l188-154c5-4 11-4 16 0l188 154c2 3 4 6 4 10zm84-61l-84-69V44c0-6-5-12-12-12h-56c-7 0-12 6-12 12v73l-89-74a48 48 0 00-61 0L4 252c-5 4-5 12-1 17l25 31c5 5 12 5 17 1l235-193c5-4 11-4 16 0l235 193c5 5 13 4 17-1l25-31c4-6 4-13-1-17z\"\/><\/svg><\/label><label><input aria-label=\"3\" type=\"radio\" name=\"kc_captcha\" value=\"bot\" \/><svg aria-hidden=\"true\" role=\"img\" xmlns=\"http:\/\/www.w3.org\/2000\/svg\" viewBox=\"0 0 512 512\"><path fill=\"currentColor\" d=\"M350 99c-54 0-98-35-166-35-25 0-47 4-68 12a56 56 0 004-24C118 24 95 1 66 0a56 56 0 00-34 102v386c0 13 11 24 24 24h16c13 0 24-11 24-24v-94c28-12 64-23 114-23 54 0 98 35 166 35 48 0 86-16 122-41 9-6 14-15 14-26V96c0-23-24-39-45-29-35 16-77 32-117 32z\"\/><\/svg><\/label>\r\n    <\/span>\r\n    <span style=\"display:none\">\r\n        <input type=\"text\" name=\"kc_honeypot\">\r\n    <\/span><\/span><\/span>\n<\/p><div class=\"wpcf7-response-output\" aria-hidden=\"true\"><\/div>\n<\/form>\n<\/div>\n<\/div>\n\t\t\t\t\t\t<\/div>\n\t\t\t\t<\/div>\n\t\t\t\t\t<\/div>\n\t\t<\/div>\n\t\t\t\t\t<\/div>\n\t\t<\/section>\n\t\t\t\t<\/div>\n\t\t","protected":false},"excerpt":{"rendered":"<p>ATI et ses filiales sont \u00e0 l\u2019\u00e9coute de tous les projets. Nous vous proposons donc de nous contacter si vous souhaitez adapter votre \u00e9quipement sportif \u00e0 vos handicaps. Nos ing\u00e9nieurs trouveront une solution adapt\u00e9e \u00e0 votre probl\u00e9matique.<\/p>\n","protected":false},"author":7,"featured_media":0,"parent":0,"menu_order":0,"comment_status":"closed","ping_status":"closed","template":"","meta":{"footnotes":""},"class_list":["post-5701","page","type-page","status-publish","hentry"],"yoast_head":"<!-- This site is optimized with the Yoast SEO plugin v27.6 - https:\/\/yoast.com\/product\/yoast-seo-wordpress\/ -->\n<title>Nous contacter - ATI Sports - Une glisse de qualit\u00e9 pour tous<\/title>\n<meta name=\"robots\" content=\"index, follow, max-snippet:-1, max-image-preview:large, max-video-preview:-1\" \/>\n<link rel=\"canonical\" href=\"https:\/\/ati-sports.com\/index.php\/nous-contacter\/\" \/>\n<meta property=\"og:locale\" content=\"fr_FR\" \/>\n<meta property=\"og:type\" content=\"article\" \/>\n<meta property=\"og:title\" content=\"Nous contacter - ATI Sports - Une glisse de qualit\u00e9 pour tous\" \/>\n<meta property=\"og:description\" content=\"ATI et ses filiales sont \u00e0 l\u2019\u00e9coute de tous les projets. Nous vous proposons donc de nous contacter si vous souhaitez adapter votre \u00e9quipement sportif \u00e0 vos handicaps. Nos ing\u00e9nieurs trouveront une solution adapt\u00e9e \u00e0 votre probl\u00e9matique.\" \/>\n<meta property=\"og:url\" content=\"https:\/\/ati-sports.com\/index.php\/nous-contacter\/\" \/>\n<meta property=\"og:site_name\" content=\"ATI Sports\" \/>\n<meta property=\"article:publisher\" content=\"https:\/\/www.facebook.com\/Atisports\" \/>\n<meta property=\"article:modified_time\" content=\"2022-06-02T10:03:22+00:00\" \/>\n<meta name=\"twitter:card\" content=\"summary_large_image\" \/>\n<meta name=\"twitter:label1\" content=\"Dur\u00e9e de lecture estim\u00e9e\" \/>\n\t<meta name=\"twitter:data1\" content=\"1 minute\" \/>\n<script type=\"application\/ld+json\" class=\"yoast-schema-graph\">{\"@context\":\"https:\\\/\\\/schema.org\",\"@graph\":[{\"@type\":\"WebPage\",\"@id\":\"https:\\\/\\\/ati-sports.com\\\/index.php\\\/nous-contacter\\\/\",\"url\":\"https:\\\/\\\/ati-sports.com\\\/index.php\\\/nous-contacter\\\/\",\"name\":\"Nous contacter - ATI Sports - Une glisse de qualit\u00e9 pour tous\",\"isPartOf\":{\"@id\":\"https:\\\/\\\/ati-sports.com\\\/#website\"},\"datePublished\":\"2019-04-03T10:07:16+00:00\",\"dateModified\":\"2022-06-02T10:03:22+00:00\",\"breadcrumb\":{\"@id\":\"https:\\\/\\\/ati-sports.com\\\/index.php\\\/nous-contacter\\\/#breadcrumb\"},\"inLanguage\":\"fr-FR\",\"potentialAction\":[{\"@type\":\"ReadAction\",\"target\":[\"https:\\\/\\\/ati-sports.com\\\/index.php\\\/nous-contacter\\\/\"]}]},{\"@type\":\"BreadcrumbList\",\"@id\":\"https:\\\/\\\/ati-sports.com\\\/index.php\\\/nous-contacter\\\/#breadcrumb\",\"itemListElement\":[{\"@type\":\"ListItem\",\"position\":1,\"name\":\"Accueil\",\"item\":\"https:\\\/\\\/ati-sports.com\\\/\"},{\"@type\":\"ListItem\",\"position\":2,\"name\":\"Nous contacter\"}]},{\"@type\":\"WebSite\",\"@id\":\"https:\\\/\\\/ati-sports.com\\\/#website\",\"url\":\"https:\\\/\\\/ati-sports.com\\\/\",\"name\":\"ATI Sports\",\"description\":\"Une glisse de qualit\u00e9 pour tous\",\"publisher\":{\"@id\":\"https:\\\/\\\/ati-sports.com\\\/#organization\"},\"potentialAction\":[{\"@type\":\"SearchAction\",\"target\":{\"@type\":\"EntryPoint\",\"urlTemplate\":\"https:\\\/\\\/ati-sports.com\\\/?s={search_term_string}\"},\"query-input\":{\"@type\":\"PropertyValueSpecification\",\"valueRequired\":true,\"valueName\":\"search_term_string\"}}],\"inLanguage\":\"fr-FR\"},{\"@type\":\"Organization\",\"@id\":\"https:\\\/\\\/ati-sports.com\\\/#organization\",\"name\":\"Alpes Techniques Industrie Sports\",\"url\":\"https:\\\/\\\/ati-sports.com\\\/\",\"logo\":{\"@type\":\"ImageObject\",\"inLanguage\":\"fr-FR\",\"@id\":\"https:\\\/\\\/ati-sports.com\\\/#\\\/schema\\\/logo\\\/image\\\/\",\"url\":\"https:\\\/\\\/ati-sports.com\\\/wp-content\\\/uploads\\\/2021\\\/01\\\/logo_ATI_sports_blanc_detoure-1024x765-1.gif\",\"contentUrl\":\"https:\\\/\\\/ati-sports.com\\\/wp-content\\\/uploads\\\/2021\\\/01\\\/logo_ATI_sports_blanc_detoure-1024x765-1.gif\",\"width\":300,\"height\":223,\"caption\":\"Alpes Techniques Industrie Sports\"},\"image\":{\"@id\":\"https:\\\/\\\/ati-sports.com\\\/#\\\/schema\\\/logo\\\/image\\\/\"},\"sameAs\":[\"https:\\\/\\\/www.facebook.com\\\/Atisports\",\"https:\\\/\\\/www.instagram.com\\\/ati_sports\\\/\"]}]}<\/script>\n<!-- \/ Yoast SEO plugin. -->","yoast_head_json":{"title":"Nous contacter - ATI Sports - Une glisse de qualit\u00e9 pour tous","robots":{"index":"index","follow":"follow","max-snippet":"max-snippet:-1","max-image-preview":"max-image-preview:large","max-video-preview":"max-video-preview:-1"},"canonical":"https:\/\/ati-sports.com\/index.php\/nous-contacter\/","og_locale":"fr_FR","og_type":"article","og_title":"Nous contacter - ATI Sports - Une glisse de qualit\u00e9 pour tous","og_description":"ATI et ses filiales sont \u00e0 l\u2019\u00e9coute de tous les projets. Nous vous proposons donc de nous contacter si vous souhaitez adapter votre \u00e9quipement sportif \u00e0 vos handicaps. Nos ing\u00e9nieurs trouveront une solution adapt\u00e9e \u00e0 votre probl\u00e9matique.","og_url":"https:\/\/ati-sports.com\/index.php\/nous-contacter\/","og_site_name":"ATI Sports","article_publisher":"https:\/\/www.facebook.com\/Atisports","article_modified_time":"2022-06-02T10:03:22+00:00","twitter_card":"summary_large_image","twitter_misc":{"Dur\u00e9e de lecture estim\u00e9e":"1 minute"},"schema":{"@context":"https:\/\/schema.org","@graph":[{"@type":"WebPage","@id":"https:\/\/ati-sports.com\/index.php\/nous-contacter\/","url":"https:\/\/ati-sports.com\/index.php\/nous-contacter\/","name":"Nous contacter - ATI Sports - Une glisse de qualit\u00e9 pour tous","isPartOf":{"@id":"https:\/\/ati-sports.com\/#website"},"datePublished":"2019-04-03T10:07:16+00:00","dateModified":"2022-06-02T10:03:22+00:00","breadcrumb":{"@id":"https:\/\/ati-sports.com\/index.php\/nous-contacter\/#breadcrumb"},"inLanguage":"fr-FR","potentialAction":[{"@type":"ReadAction","target":["https:\/\/ati-sports.com\/index.php\/nous-contacter\/"]}]},{"@type":"BreadcrumbList","@id":"https:\/\/ati-sports.com\/index.php\/nous-contacter\/#breadcrumb","itemListElement":[{"@type":"ListItem","position":1,"name":"Accueil","item":"https:\/\/ati-sports.com\/"},{"@type":"ListItem","position":2,"name":"Nous contacter"}]},{"@type":"WebSite","@id":"https:\/\/ati-sports.com\/#website","url":"https:\/\/ati-sports.com\/","name":"ATI Sports","description":"Une glisse de qualit\u00e9 pour tous","publisher":{"@id":"https:\/\/ati-sports.com\/#organization"},"potentialAction":[{"@type":"SearchAction","target":{"@type":"EntryPoint","urlTemplate":"https:\/\/ati-sports.com\/?s={search_term_string}"},"query-input":{"@type":"PropertyValueSpecification","valueRequired":true,"valueName":"search_term_string"}}],"inLanguage":"fr-FR"},{"@type":"Organization","@id":"https:\/\/ati-sports.com\/#organization","name":"Alpes Techniques Industrie Sports","url":"https:\/\/ati-sports.com\/","logo":{"@type":"ImageObject","inLanguage":"fr-FR","@id":"https:\/\/ati-sports.com\/#\/schema\/logo\/image\/","url":"https:\/\/ati-sports.com\/wp-content\/uploads\/2021\/01\/logo_ATI_sports_blanc_detoure-1024x765-1.gif","contentUrl":"https:\/\/ati-sports.com\/wp-content\/uploads\/2021\/01\/logo_ATI_sports_blanc_detoure-1024x765-1.gif","width":300,"height":223,"caption":"Alpes Techniques Industrie Sports"},"image":{"@id":"https:\/\/ati-sports.com\/#\/schema\/logo\/image\/"},"sameAs":["https:\/\/www.facebook.com\/Atisports","https:\/\/www.instagram.com\/ati_sports\/"]}]}},"_links":{"self":[{"href":"https:\/\/ati-sports.com\/index.php\/wp-json\/wp\/v2\/pages\/5701","targetHints":{"allow":["GET"]}}],"collection":[{"href":"https:\/\/ati-sports.com\/index.php\/wp-json\/wp\/v2\/pages"}],"about":[{"href":"https:\/\/ati-sports.com\/index.php\/wp-json\/wp\/v2\/types\/page"}],"author":[{"embeddable":true,"href":"https:\/\/ati-sports.com\/index.php\/wp-json\/wp\/v2\/users\/7"}],"replies":[{"embeddable":true,"href":"https:\/\/ati-sports.com\/index.php\/wp-json\/wp\/v2\/comments?post=5701"}],"version-history":[{"count":13,"href":"https:\/\/ati-sports.com\/index.php\/wp-json\/wp\/v2\/pages\/5701\/revisions"}],"predecessor-version":[{"id":7423,"href":"https:\/\/ati-sports.com\/index.php\/wp-json\/wp\/v2\/pages\/5701\/revisions\/7423"}],"wp:attachment":[{"href":"https:\/\/ati-sports.com\/index.php\/wp-json\/wp\/v2\/media?parent=5701"}],"curies":[{"name":"wp","href":"https:\/\/api.w.org\/{rel}","templated":true}]}}