{"id":5709,"date":"2019-04-03T12:07:16","date_gmt":"2019-04-03T10:07:16","guid":{"rendered":"http:\/\/ati-sports.com\/?page_id=5709"},"modified":"2019-12-04T10:05:14","modified_gmt":"2019-12-04T09:05:14","slug":"equipe","status":"publish","type":"page","link":"https:\/\/ati-sports.com\/index.php\/equipe\/","title":{"rendered":"\u00c9quipe"},"content":{"rendered":"\t\t<div data-elementor-type=\"wp-post\" data-elementor-id=\"5709\" class=\"elementor elementor-5709\">\n\t\t\t\t\t\t<section class=\"elementor-section elementor-top-section elementor-element elementor-element-da9e0fd elementor-section-boxed elementor-section-height-default elementor-section-height-default\" data-id=\"da9e0fd\" data-element_type=\"section\" data-e-type=\"section\">\n\t\t\t\t\t\t<div class=\"elementor-container elementor-column-gap-default\">\n\t\t\t\t\t<div class=\"elementor-column elementor-col-100 elementor-top-column elementor-element elementor-element-ca8eecd\" data-id=\"ca8eecd\" data-element_type=\"column\" data-e-type=\"column\">\n\t\t\t<div class=\"elementor-widget-wrap elementor-element-populated\">\n\t\t\t\t\t\t<div class=\"elementor-element elementor-element-653e80e elementor-widget elementor-widget-image-gallery\" data-id=\"653e80e\" data-element_type=\"widget\" data-e-type=\"widget\" data-widget_type=\"image-gallery.default\">\n\t\t\t\t<div class=\"elementor-widget-container\">\n\t\t\t\t\t\t\t<div class=\"elementor-image-gallery\">\n\t\t\t\n\t\t<style type=\"text\/css\">\n\t\t\t#gallery-1 {\n\t\t\t\tmargin: auto;\n\t\t\t}\n\t\t\t#gallery-1 .gallery-item {\n\t\t\t\tfloat: left;\n\t\t\t\tmargin-top: 10px;\n\t\t\t\ttext-align: center;\n\t\t\t\twidth: 33%;\n\t\t\t}\n\t\t\t#gallery-1 img {\n\t\t\t\tborder: 2px solid #cfcfcf;\n\t\t\t}\n\t\t\t#gallery-1 .gallery-caption {\n\t\t\t\tmargin-left: 0;\n\t\t\t}\n\t\t\t\/* see gallery_shortcode() in wp-includes\/media.php *\/\n\t\t<\/style>\n\t\t<div id='gallery-1' class='gallery galleryid-5709 gallery-columns-3 gallery-size-thumbnail'><dl class='gallery-item'>\n\t\t\t<dt class='gallery-icon portrait'>\n\t\t\t\t<a data-elementor-open-lightbox=\"yes\" data-elementor-lightbox-slideshow=\"653e80e\" data-elementor-lightbox-title=\"DSC_0197-e1434485494302\" data-e-action-hash=\"#elementor-action%3Aaction%3Dlightbox%26settings%3DeyJpZCI6NTUyOSwidXJsIjoiaHR0cHM6XC9cL2F0aS1zcG9ydHMuY29tXC93cC1jb250ZW50XC91cGxvYWRzXC8yMDE4XC8xMlwvRFNDXzAxOTctZTE0MzQ0ODU0OTQzMDIuanBnIiwic2xpZGVzaG93IjoiNjUzZTgwZSJ9\" href='https:\/\/ati-sports.com\/wp-content\/uploads\/2018\/12\/DSC_0197-e1434485494302.jpg'><img decoding=\"async\" width=\"150\" height=\"150\" src=\"https:\/\/ati-sports.com\/wp-content\/uploads\/2018\/12\/DSC_0197-e1434485494302-150x150.jpg\" class=\"attachment-thumbnail size-thumbnail\" alt=\"\" aria-describedby=\"gallery-1-5529\" srcset=\"https:\/\/ati-sports.com\/wp-content\/uploads\/2018\/12\/DSC_0197-e1434485494302-150x150.jpg 150w, https:\/\/ati-sports.com\/wp-content\/uploads\/2018\/12\/DSC_0197-e1434485494302-100x100.jpg 100w\" sizes=\"(max-width: 150px) 100vw, 150px\" loading=\"lazy\" \/><\/a>\n\t\t\t<\/dt>\n\t\t\t\t<dd class='wp-caption-text gallery-caption' id='gallery-1-5529'>\n\t\t\t\tJos\u00e9 Rodrigues- G\u00e9rant \n\t\t\t\t<\/dd><\/dl><dl class='gallery-item'>\n\t\t\t<dt class='gallery-icon portrait'>\n\t\t\t\t<a data-elementor-open-lightbox=\"yes\" data-elementor-lightbox-slideshow=\"653e80e\" data-elementor-lightbox-title=\"Jm-monde\" data-e-action-hash=\"#elementor-action%3Aaction%3Dlightbox%26settings%3DeyJpZCI6NTE2OSwidXJsIjoiaHR0cHM6XC9cL2F0aS1zcG9ydHMuY29tXC93cC1jb250ZW50XC91cGxvYWRzXC8yMDE4XC8xMlwvSm0tbW9uZGUuanBnIiwic2xpZGVzaG93IjoiNjUzZTgwZSJ9\" href='https:\/\/ati-sports.com\/wp-content\/uploads\/2018\/12\/Jm-monde.jpg'><img decoding=\"async\" width=\"150\" height=\"150\" src=\"https:\/\/ati-sports.com\/wp-content\/uploads\/2018\/12\/Jm-monde-150x150.jpg\" class=\"attachment-thumbnail size-thumbnail\" alt=\"\" aria-describedby=\"gallery-1-5169\" srcset=\"https:\/\/ati-sports.com\/wp-content\/uploads\/2018\/12\/Jm-monde-150x150.jpg 150w, https:\/\/ati-sports.com\/wp-content\/uploads\/2018\/12\/Jm-monde-100x100.jpg 100w\" sizes=\"(max-width: 150px) 100vw, 150px\" loading=\"lazy\" \/><\/a>\n\t\t\t<\/dt>\n\t\t\t\t<dd class='wp-caption-text gallery-caption' id='gallery-1-5169'>\n\t\t\t\tJean-Marc Piollat- Directeur \n\t\t\t\t<\/dd><\/dl><dl class='gallery-item'>\n\t\t\t<dt class='gallery-icon landscape'>\n\t\t\t\t<a data-elementor-open-lightbox=\"yes\" data-elementor-lightbox-slideshow=\"653e80e\" data-elementor-lightbox-title=\"IMG_1316-e1434541896707\" data-e-action-hash=\"#elementor-action%3Aaction%3Dlightbox%26settings%3DeyJpZCI6NTU0MywidXJsIjoiaHR0cHM6XC9cL2F0aS1zcG9ydHMuY29tXC93cC1jb250ZW50XC91cGxvYWRzXC8yMDE4XC8xMlwvSU1HXzEzMTYtZTE0MzQ1NDE4OTY3MDcuanBnIiwic2xpZGVzaG93IjoiNjUzZTgwZSJ9\" href='https:\/\/ati-sports.com\/wp-content\/uploads\/2018\/12\/IMG_1316-e1434541896707.jpg'><img decoding=\"async\" width=\"150\" height=\"150\" src=\"https:\/\/ati-sports.com\/wp-content\/uploads\/2018\/12\/IMG_1316-e1434541896707-150x150.jpg\" class=\"attachment-thumbnail size-thumbnail\" alt=\"\" aria-describedby=\"gallery-1-5543\" srcset=\"https:\/\/ati-sports.com\/wp-content\/uploads\/2018\/12\/IMG_1316-e1434541896707-150x150.jpg 150w, https:\/\/ati-sports.com\/wp-content\/uploads\/2018\/12\/IMG_1316-e1434541896707-100x100.jpg 100w, https:\/\/ati-sports.com\/wp-content\/uploads\/2018\/12\/IMG_1316-e1434541896707.jpg 248w\" sizes=\"(max-width: 150px) 100vw, 150px\" loading=\"lazy\" \/><\/a>\n\t\t\t<\/dt>\n\t\t\t\t<dd class='wp-caption-text gallery-caption' id='gallery-1-5543'>\n\t\t\t\tLaurent Debove- Ing\u00e9nieur\n\t\t\t\t<\/dd><\/dl><br style=\"clear: both\" \/>\n\t\t<\/div>\n\t\t<\/div>\n\t\t\t\t\t\t<\/div>\n\t\t\t\t<\/div>\n\t\t\t\t\t<\/div>\n\t\t<\/div>\n\t\t\t\t\t<\/div>\n\t\t<\/section>\n\t\t\t\t<\/div>\n\t\t","protected":false},"excerpt":{"rendered":"<p>Jos\u00e9 Rodrigues- G\u00e9rant Jean-Marc Piollat- Directeur Laurent Debove- Ing\u00e9nieur<\/p>\n","protected":false},"author":7,"featured_media":0,"parent":0,"menu_order":0,"comment_status":"closed","ping_status":"closed","template":"","meta":{"footnotes":""},"class_list":["post-5709","page","type-page","status-publish","hentry"],"yoast_head":"<!-- This site is optimized with the Yoast SEO plugin v27.4 - https:\/\/yoast.com\/product\/yoast-seo-wordpress\/ -->\n<title>\u00c9quipe - ATI Sports - Une glisse de qualit\u00e9 pour tous<\/title>\n<meta name=\"robots\" content=\"index, follow, max-snippet:-1, max-image-preview:large, max-video-preview:-1\" \/>\n<link rel=\"canonical\" href=\"https:\/\/ati-sports.com\/index.php\/equipe\/\" \/>\n<meta property=\"og:locale\" content=\"fr_FR\" \/>\n<meta property=\"og:type\" content=\"article\" \/>\n<meta property=\"og:title\" content=\"\u00c9quipe - ATI Sports - Une glisse de qualit\u00e9 pour tous\" \/>\n<meta property=\"og:description\" content=\"Jos\u00e9 Rodrigues- G\u00e9rant Jean-Marc Piollat- Directeur Laurent Debove- Ing\u00e9nieur\" \/>\n<meta property=\"og:url\" content=\"https:\/\/ati-sports.com\/index.php\/equipe\/\" \/>\n<meta property=\"og:site_name\" content=\"ATI Sports\" \/>\n<meta property=\"article:publisher\" content=\"https:\/\/www.facebook.com\/Atisports\" \/>\n<meta property=\"article:modified_time\" content=\"2019-12-04T09:05:14+00:00\" \/>\n<meta property=\"og:image\" content=\"http:\/\/ati-sports.com\/wp-content\/uploads\/2018\/12\/DSC_0197-e1434485494302-150x150.jpg\" \/>\n<meta name=\"twitter:card\" content=\"summary_large_image\" \/>\n<script type=\"application\/ld+json\" class=\"yoast-schema-graph\">{\"@context\":\"https:\\\/\\\/schema.org\",\"@graph\":[{\"@type\":\"WebPage\",\"@id\":\"https:\\\/\\\/ati-sports.com\\\/index.php\\\/equipe\\\/\",\"url\":\"https:\\\/\\\/ati-sports.com\\\/index.php\\\/equipe\\\/\",\"name\":\"\u00c9quipe - ATI Sports - Une glisse de qualit\u00e9 pour tous\",\"isPartOf\":{\"@id\":\"https:\\\/\\\/ati-sports.com\\\/#website\"},\"primaryImageOfPage\":{\"@id\":\"https:\\\/\\\/ati-sports.com\\\/index.php\\\/equipe\\\/#primaryimage\"},\"image\":{\"@id\":\"https:\\\/\\\/ati-sports.com\\\/index.php\\\/equipe\\\/#primaryimage\"},\"thumbnailUrl\":\"http:\\\/\\\/ati-sports.com\\\/wp-content\\\/uploads\\\/2018\\\/12\\\/DSC_0197-e1434485494302-150x150.jpg\",\"datePublished\":\"2019-04-03T10:07:16+00:00\",\"dateModified\":\"2019-12-04T09:05:14+00:00\",\"breadcrumb\":{\"@id\":\"https:\\\/\\\/ati-sports.com\\\/index.php\\\/equipe\\\/#breadcrumb\"},\"inLanguage\":\"fr-FR\",\"potentialAction\":[{\"@type\":\"ReadAction\",\"target\":[\"https:\\\/\\\/ati-sports.com\\\/index.php\\\/equipe\\\/\"]}]},{\"@type\":\"ImageObject\",\"inLanguage\":\"fr-FR\",\"@id\":\"https:\\\/\\\/ati-sports.com\\\/index.php\\\/equipe\\\/#primaryimage\",\"url\":\"https:\\\/\\\/ati-sports.com\\\/wp-content\\\/uploads\\\/2018\\\/12\\\/DSC_0197-e1434485494302.jpg\",\"contentUrl\":\"https:\\\/\\\/ati-sports.com\\\/wp-content\\\/uploads\\\/2018\\\/12\\\/DSC_0197-e1434485494302.jpg\",\"width\":1481,\"height\":2226,\"caption\":\"Jos\u00e9 Rodrigues- G\u00e9rant\"},{\"@type\":\"BreadcrumbList\",\"@id\":\"https:\\\/\\\/ati-sports.com\\\/index.php\\\/equipe\\\/#breadcrumb\",\"itemListElement\":[{\"@type\":\"ListItem\",\"position\":1,\"name\":\"Accueil\",\"item\":\"https:\\\/\\\/ati-sports.com\\\/\"},{\"@type\":\"ListItem\",\"position\":2,\"name\":\"\u00c9quipe\"}]},{\"@type\":\"WebSite\",\"@id\":\"https:\\\/\\\/ati-sports.com\\\/#website\",\"url\":\"https:\\\/\\\/ati-sports.com\\\/\",\"name\":\"ATI Sports\",\"description\":\"Une glisse de qualit\u00e9 pour tous\",\"publisher\":{\"@id\":\"https:\\\/\\\/ati-sports.com\\\/#organization\"},\"potentialAction\":[{\"@type\":\"SearchAction\",\"target\":{\"@type\":\"EntryPoint\",\"urlTemplate\":\"https:\\\/\\\/ati-sports.com\\\/?s={search_term_string}\"},\"query-input\":{\"@type\":\"PropertyValueSpecification\",\"valueRequired\":true,\"valueName\":\"search_term_string\"}}],\"inLanguage\":\"fr-FR\"},{\"@type\":\"Organization\",\"@id\":\"https:\\\/\\\/ati-sports.com\\\/#organization\",\"name\":\"Alpes Techniques Industrie Sports\",\"url\":\"https:\\\/\\\/ati-sports.com\\\/\",\"logo\":{\"@type\":\"ImageObject\",\"inLanguage\":\"fr-FR\",\"@id\":\"https:\\\/\\\/ati-sports.com\\\/#\\\/schema\\\/logo\\\/image\\\/\",\"url\":\"https:\\\/\\\/ati-sports.com\\\/wp-content\\\/uploads\\\/2021\\\/01\\\/logo_ATI_sports_blanc_detoure-1024x765-1.gif\",\"contentUrl\":\"https:\\\/\\\/ati-sports.com\\\/wp-content\\\/uploads\\\/2021\\\/01\\\/logo_ATI_sports_blanc_detoure-1024x765-1.gif\",\"width\":300,\"height\":223,\"caption\":\"Alpes Techniques Industrie Sports\"},\"image\":{\"@id\":\"https:\\\/\\\/ati-sports.com\\\/#\\\/schema\\\/logo\\\/image\\\/\"},\"sameAs\":[\"https:\\\/\\\/www.facebook.com\\\/Atisports\",\"https:\\\/\\\/www.instagram.com\\\/ati_sports\\\/\"]}]}<\/script>\n<!-- \/ Yoast SEO plugin. -->","yoast_head_json":{"title":"\u00c9quipe - ATI Sports - Une glisse de qualit\u00e9 pour tous","robots":{"index":"index","follow":"follow","max-snippet":"max-snippet:-1","max-image-preview":"max-image-preview:large","max-video-preview":"max-video-preview:-1"},"canonical":"https:\/\/ati-sports.com\/index.php\/equipe\/","og_locale":"fr_FR","og_type":"article","og_title":"\u00c9quipe - ATI Sports - Une glisse de qualit\u00e9 pour tous","og_description":"Jos\u00e9 Rodrigues- G\u00e9rant Jean-Marc Piollat- Directeur Laurent Debove- Ing\u00e9nieur","og_url":"https:\/\/ati-sports.com\/index.php\/equipe\/","og_site_name":"ATI Sports","article_publisher":"https:\/\/www.facebook.com\/Atisports","article_modified_time":"2019-12-04T09:05:14+00:00","og_image":[{"url":"http:\/\/ati-sports.com\/wp-content\/uploads\/2018\/12\/DSC_0197-e1434485494302-150x150.jpg","type":"","width":"","height":""}],"twitter_card":"summary_large_image","schema":{"@context":"https:\/\/schema.org","@graph":[{"@type":"WebPage","@id":"https:\/\/ati-sports.com\/index.php\/equipe\/","url":"https:\/\/ati-sports.com\/index.php\/equipe\/","name":"\u00c9quipe - ATI Sports - Une glisse de qualit\u00e9 pour tous","isPartOf":{"@id":"https:\/\/ati-sports.com\/#website"},"primaryImageOfPage":{"@id":"https:\/\/ati-sports.com\/index.php\/equipe\/#primaryimage"},"image":{"@id":"https:\/\/ati-sports.com\/index.php\/equipe\/#primaryimage"},"thumbnailUrl":"http:\/\/ati-sports.com\/wp-content\/uploads\/2018\/12\/DSC_0197-e1434485494302-150x150.jpg","datePublished":"2019-04-03T10:07:16+00:00","dateModified":"2019-12-04T09:05:14+00:00","breadcrumb":{"@id":"https:\/\/ati-sports.com\/index.php\/equipe\/#breadcrumb"},"inLanguage":"fr-FR","potentialAction":[{"@type":"ReadAction","target":["https:\/\/ati-sports.com\/index.php\/equipe\/"]}]},{"@type":"ImageObject","inLanguage":"fr-FR","@id":"https:\/\/ati-sports.com\/index.php\/equipe\/#primaryimage","url":"https:\/\/ati-sports.com\/wp-content\/uploads\/2018\/12\/DSC_0197-e1434485494302.jpg","contentUrl":"https:\/\/ati-sports.com\/wp-content\/uploads\/2018\/12\/DSC_0197-e1434485494302.jpg","width":1481,"height":2226,"caption":"Jos\u00e9 Rodrigues- G\u00e9rant"},{"@type":"BreadcrumbList","@id":"https:\/\/ati-sports.com\/index.php\/equipe\/#breadcrumb","itemListElement":[{"@type":"ListItem","position":1,"name":"Accueil","item":"https:\/\/ati-sports.com\/"},{"@type":"ListItem","position":2,"name":"\u00c9quipe"}]},{"@type":"WebSite","@id":"https:\/\/ati-sports.com\/#website","url":"https:\/\/ati-sports.com\/","name":"ATI Sports","description":"Une glisse de qualit\u00e9 pour tous","publisher":{"@id":"https:\/\/ati-sports.com\/#organization"},"potentialAction":[{"@type":"SearchAction","target":{"@type":"EntryPoint","urlTemplate":"https:\/\/ati-sports.com\/?s={search_term_string}"},"query-input":{"@type":"PropertyValueSpecification","valueRequired":true,"valueName":"search_term_string"}}],"inLanguage":"fr-FR"},{"@type":"Organization","@id":"https:\/\/ati-sports.com\/#organization","name":"Alpes Techniques Industrie Sports","url":"https:\/\/ati-sports.com\/","logo":{"@type":"ImageObject","inLanguage":"fr-FR","@id":"https:\/\/ati-sports.com\/#\/schema\/logo\/image\/","url":"https:\/\/ati-sports.com\/wp-content\/uploads\/2021\/01\/logo_ATI_sports_blanc_detoure-1024x765-1.gif","contentUrl":"https:\/\/ati-sports.com\/wp-content\/uploads\/2021\/01\/logo_ATI_sports_blanc_detoure-1024x765-1.gif","width":300,"height":223,"caption":"Alpes Techniques Industrie Sports"},"image":{"@id":"https:\/\/ati-sports.com\/#\/schema\/logo\/image\/"},"sameAs":["https:\/\/www.facebook.com\/Atisports","https:\/\/www.instagram.com\/ati_sports\/"]}]}},"_links":{"self":[{"href":"https:\/\/ati-sports.com\/index.php\/wp-json\/wp\/v2\/pages\/5709","targetHints":{"allow":["GET"]}}],"collection":[{"href":"https:\/\/ati-sports.com\/index.php\/wp-json\/wp\/v2\/pages"}],"about":[{"href":"https:\/\/ati-sports.com\/index.php\/wp-json\/wp\/v2\/types\/page"}],"author":[{"embeddable":true,"href":"https:\/\/ati-sports.com\/index.php\/wp-json\/wp\/v2\/users\/7"}],"replies":[{"embeddable":true,"href":"https:\/\/ati-sports.com\/index.php\/wp-json\/wp\/v2\/comments?post=5709"}],"version-history":[{"count":3,"href":"https:\/\/ati-sports.com\/index.php\/wp-json\/wp\/v2\/pages\/5709\/revisions"}],"predecessor-version":[{"id":6380,"href":"https:\/\/ati-sports.com\/index.php\/wp-json\/wp\/v2\/pages\/5709\/revisions\/6380"}],"wp:attachment":[{"href":"https:\/\/ati-sports.com\/index.php\/wp-json\/wp\/v2\/media?parent=5709"}],"curies":[{"name":"wp","href":"https:\/\/api.w.org\/{rel}","templated":true}]}}