{"id":5914,"date":"2019-04-24T14:44:00","date_gmt":"2019-04-24T12:44:00","guid":{"rendered":"http:\/\/ati-sports.com\/?page_id=5914"},"modified":"2021-02-04T11:01:48","modified_gmt":"2021-02-04T10:01:48","slug":"chassis-ski-nautiquecompetition","status":"publish","type":"page","link":"https:\/\/ati-sports.com\/index.php\/produits-dequipement\/matos-dete\/boutique-equipements\/chassis-ski-nautiquecompetition\/","title":{"rendered":"Ch\u00e2ssis Ski nautique \u00ab\u00a0Comp\u00e9tition\u00a0\u00bb"},"content":{"rendered":"\t\t<div data-elementor-type=\"wp-post\" data-elementor-id=\"5914\" class=\"elementor elementor-5914\">\n\t\t\t\t\t\t<section class=\"elementor-section elementor-top-section elementor-element elementor-element-be2be33 elementor-section-boxed elementor-section-height-default elementor-section-height-default\" data-id=\"be2be33\" data-element_type=\"section\" data-e-type=\"section\">\n\t\t\t\t\t\t<div class=\"elementor-container elementor-column-gap-default\">\n\t\t\t\t\t<div class=\"elementor-column elementor-col-50 elementor-top-column elementor-element elementor-element-b95d72c\" data-id=\"b95d72c\" data-element_type=\"column\" data-e-type=\"column\">\n\t\t\t<div class=\"elementor-widget-wrap elementor-element-populated\">\n\t\t\t\t\t\t<div class=\"elementor-element elementor-element-b00cf92 elementor-arrows-position-inside elementor-pagination-position-outside elementor-widget elementor-widget-image-carousel\" data-id=\"b00cf92\" data-element_type=\"widget\" data-e-type=\"widget\" data-settings=\"{&quot;slides_to_show&quot;:&quot;1&quot;,&quot;navigation&quot;:&quot;both&quot;,&quot;autoplay&quot;:&quot;yes&quot;,&quot;pause_on_hover&quot;:&quot;yes&quot;,&quot;pause_on_interaction&quot;:&quot;yes&quot;,&quot;autoplay_speed&quot;:5000,&quot;infinite&quot;:&quot;yes&quot;,&quot;effect&quot;:&quot;slide&quot;,&quot;speed&quot;:500}\" data-widget_type=\"image-carousel.default\">\n\t\t\t\t<div class=\"elementor-widget-container\">\n\t\t\t\t\t\t\t<div class=\"elementor-image-carousel-wrapper swiper\" role=\"region\" aria-roledescription=\"carousel\" aria-label=\"Carrousel d\u2019images\" dir=\"ltr\">\n\t\t\t<div class=\"elementor-image-carousel swiper-wrapper swiper-image-stretch\" aria-live=\"off\">\n\t\t\t\t\t\t\t\t<div class=\"swiper-slide\" role=\"group\" aria-roledescription=\"slide\" aria-label=\"1 sur 4\"><figure class=\"swiper-slide-inner\"><img decoding=\"async\" class=\"swiper-slide-image\" src=\"https:\/\/ati-sports.com\/wp-content\/uploads\/2021\/01\/IMG_20190627_113913-1024x768.jpg\" alt=\"IMG_20190627_113913\" loading=\"lazy\" \/><\/figure><\/div><div class=\"swiper-slide\" role=\"group\" aria-roledescription=\"slide\" aria-label=\"2 sur 4\"><figure class=\"swiper-slide-inner\"><img decoding=\"async\" class=\"swiper-slide-image\" src=\"https:\/\/ati-sports.com\/wp-content\/uploads\/2019\/04\/chassis-competition-ski-1024x603.jpg\" alt=\"chassis competition ski\" loading=\"lazy\" \/><\/figure><\/div><div class=\"swiper-slide\" role=\"group\" aria-roledescription=\"slide\" aria-label=\"3 sur 4\"><figure class=\"swiper-slide-inner\"><img decoding=\"async\" class=\"swiper-slide-image\" src=\"https:\/\/ati-sports.com\/wp-content\/uploads\/2019\/04\/chassis-nue-competition-ski.jpg\" alt=\"chassis nue competition ski\" loading=\"lazy\" \/><\/figure><\/div><div class=\"swiper-slide\" role=\"group\" aria-roledescription=\"slide\" aria-label=\"4 sur 4\"><figure class=\"swiper-slide-inner\"><img decoding=\"async\" class=\"swiper-slide-image\" src=\"https:\/\/ati-sports.com\/wp-content\/uploads\/2019\/04\/chassis-nue-competition-ski-2.jpg\" alt=\"chassis nue competition ski 2\" loading=\"lazy\" \/><\/figure><\/div>\t\t\t<\/div>\n\t\t\t\t\t\t\t\t\t\t\t\t<div class=\"elementor-swiper-button elementor-swiper-button-prev\" role=\"button\" tabindex=\"0\">\n\t\t\t\t\t\t<i aria-hidden=\"true\" class=\"eicon-chevron-left\"><\/i>\t\t\t\t\t<\/div>\n\t\t\t\t\t<div class=\"elementor-swiper-button elementor-swiper-button-next\" role=\"button\" tabindex=\"0\">\n\t\t\t\t\t\t<i aria-hidden=\"true\" class=\"eicon-chevron-right\"><\/i>\t\t\t\t\t<\/div>\n\t\t\t\t\n\t\t\t\t\t\t\t\t\t<div class=\"swiper-pagination\"><\/div>\n\t\t\t\t\t\t\t\t\t<\/div>\n\t\t\t\t\t\t<\/div>\n\t\t\t\t<\/div>\n\t\t\t\t\t<\/div>\n\t\t<\/div>\n\t\t\t\t<div class=\"elementor-column elementor-col-50 elementor-top-column elementor-element elementor-element-9fc3dee\" data-id=\"9fc3dee\" data-element_type=\"column\" data-e-type=\"column\">\n\t\t\t<div class=\"elementor-widget-wrap elementor-element-populated\">\n\t\t\t\t\t\t<div class=\"elementor-element elementor-element-c0d3fb4 elementor-widget elementor-widget-text-editor\" data-id=\"c0d3fb4\" data-element_type=\"widget\" data-e-type=\"widget\" data-widget_type=\"text-editor.default\">\n\t\t\t\t<div class=\"elementor-widget-container\">\n\t\t\t\t\t\t\t\t\t<p>Ch\u00e2ssis double amortissement cantilever pour ski nautique assis, il s\u2019adresse \u00e0 tous les sportifs voulant faire des comp\u00e9titions.<\/p><p>\u00a0Le ch\u00e2ssis s\u2019adapte ainsi sur tous types de skis.\u00a0<\/p><p>R\u00e9sistant \u00e0 l\u2019eau de mer.<\/p><p>Composition\u00a0: Alu aviation.<\/p><p>Poids\u00a0: 2.8kg (ch\u00e2ssis sans coque)<\/p><p>Finition: Nickel chimique<\/p><p>Que ce soit avec une <a href=\"https:\/\/ati-sports.com\/index.php\/coque-personnalisee\/\">coque PE personnalis\u00e9e<\/a> ou une<a href=\"https:\/\/ati-sports.com\/index.php\/coque-semi-personnalisee\/\"> coque fibre<\/a> ce ch\u00e2ssis r\u00e9pondra a toutes vos attentes en terme de sportivit\u00e9 et de plaisirs<\/p>\t\t\t\t\t\t\t\t<\/div>\n\t\t\t\t<\/div>\n\t\t\t\t\t<\/div>\n\t\t<\/div>\n\t\t\t\t\t<\/div>\n\t\t<\/section>\n\t\t\t\t<section class=\"elementor-section elementor-top-section elementor-element elementor-element-ad3869a elementor-section-boxed elementor-section-height-default elementor-section-height-default\" data-id=\"ad3869a\" data-element_type=\"section\" data-e-type=\"section\">\n\t\t\t\t\t\t<div class=\"elementor-container elementor-column-gap-default\">\n\t\t\t\t\t<div class=\"elementor-column elementor-col-100 elementor-top-column elementor-element elementor-element-23049b3\" data-id=\"23049b3\" data-element_type=\"column\" data-e-type=\"column\">\n\t\t\t<div class=\"elementor-widget-wrap elementor-element-populated\">\n\t\t\t\t\t\t<div class=\"elementor-element elementor-element-505529b elementor-widget elementor-widget-heading\" data-id=\"505529b\" data-element_type=\"widget\" data-e-type=\"widget\" data-widget_type=\"heading.default\">\n\t\t\t\t<div class=\"elementor-widget-container\">\n\t\t\t\t\t<h3 class=\"elementor-heading-title elementor-size-default\">Les prix n'\u00e9tant pas renseign\u00e9s, veuillez nous contacter ci-dessous pour obtenir un devis.<\/h3>\t\t\t\t<\/div>\n\t\t\t\t<\/div>\n\t\t\t\t\t<\/div>\n\t\t<\/div>\n\t\t\t\t\t<\/div>\n\t\t<\/section>\n\t\t\t\t<section class=\"elementor-section elementor-top-section elementor-element elementor-element-c73a603 elementor-section-boxed elementor-section-height-default elementor-section-height-default\" data-id=\"c73a603\" data-element_type=\"section\" data-e-type=\"section\">\n\t\t\t\t\t\t<div class=\"elementor-container elementor-column-gap-default\">\n\t\t\t\t\t<div class=\"elementor-column elementor-col-100 elementor-top-column elementor-element elementor-element-2417ac9\" data-id=\"2417ac9\" data-element_type=\"column\" data-e-type=\"column\">\n\t\t\t<div class=\"elementor-widget-wrap elementor-element-populated\">\n\t\t\t\t\t\t<div class=\"elementor-element elementor-element-392433b elementor-widget elementor-widget-shortcode\" data-id=\"392433b\" data-element_type=\"widget\" data-e-type=\"widget\" data-widget_type=\"shortcode.default\">\n\t\t\t\t<div class=\"elementor-widget-container\">\n\t\t\t\t\t\t\t<div class=\"elementor-shortcode\">\n<div class=\"wpcf7 no-js\" id=\"wpcf7-f6150-o1\" lang=\"fr-FR\" dir=\"ltr\" data-wpcf7-id=\"6150\">\n<div class=\"screen-reader-response\"><p role=\"status\" aria-live=\"polite\" aria-atomic=\"true\"><\/p> <ul><\/ul><\/div>\n<form action=\"\/index.php\/wp-json\/wp\/v2\/pages\/5914#wpcf7-f6150-o1\" method=\"post\" class=\"wpcf7-form init\" aria-label=\"Formulaire de contact\" novalidate=\"novalidate\" data-status=\"init\">\n<fieldset class=\"hidden-fields-container\"><input type=\"hidden\" name=\"_wpcf7\" value=\"6150\" \/><input type=\"hidden\" name=\"_wpcf7_version\" value=\"6.1.5\" \/><input type=\"hidden\" name=\"_wpcf7_locale\" value=\"fr_FR\" \/><input type=\"hidden\" name=\"_wpcf7_unit_tag\" value=\"wpcf7-f6150-o1\" \/><input type=\"hidden\" name=\"_wpcf7_container_post\" value=\"0\" \/><input type=\"hidden\" name=\"_wpcf7_posted_data_hash\" value=\"\" \/><input type=\"hidden\" name=\"_wpcf7_recaptcha_response\" value=\"\" \/>\n<\/fieldset>\n<p><label> Votre nom:<br \/>\n<span class=\"wpcf7-form-control-wrap\" data-name=\"your-name\"><input size=\"40\" maxlength=\"400\" class=\"wpcf7-form-control wpcf7-text wpcf7-validates-as-required\" aria-required=\"true\" aria-invalid=\"false\" value=\"\" type=\"text\" name=\"your-name\" \/><\/span> <\/label>\n<\/p>\n<p><label> Votre pr\u00e9nom:<br \/>\n<span class=\"wpcf7-form-control-wrap\" data-name=\"your-surname\"><input size=\"40\" maxlength=\"400\" class=\"wpcf7-form-control wpcf7-text wpcf7-validates-as-required\" aria-required=\"true\" aria-invalid=\"false\" value=\"\" type=\"text\" name=\"your-surname\" \/><\/span> <\/label>\n<\/p>\n<p><label> N\u00b0 t\u00e9l\u00e9phone:<br \/>\n<span class=\"wpcf7-form-control-wrap\" data-name=\"your-phone\"><input size=\"40\" maxlength=\"400\" class=\"wpcf7-form-control wpcf7-tel wpcf7-validates-as-required wpcf7-text wpcf7-validates-as-tel\" aria-required=\"true\" aria-invalid=\"false\" value=\"\" type=\"tel\" name=\"your-phone\" \/><\/span> <\/label>\n<\/p>\n<p><label> Votre adresse de messagerie:<br \/>\n<span class=\"wpcf7-form-control-wrap\" data-name=\"your-email\"><input size=\"40\" maxlength=\"400\" class=\"wpcf7-form-control wpcf7-email wpcf7-validates-as-required wpcf7-text wpcf7-validates-as-email\" aria-required=\"true\" aria-invalid=\"false\" value=\"\" type=\"email\" name=\"your-email\" \/><\/span> <\/label>\n<\/p>\n<p><label> Demandes sp\u00e9cifiques:<br \/>\n<span class=\"wpcf7-form-control-wrap\" data-name=\"your-message\"><textarea cols=\"40\" rows=\"10\" maxlength=\"2000\" class=\"wpcf7-form-control wpcf7-textarea\" aria-invalid=\"false\" name=\"your-message\"><\/textarea><\/span> <\/label>\n<\/p>\n<p><input class=\"wpcf7-form-control wpcf7-submit has-spinner\" type=\"submit\" value=\"Envoyer\" \/><br \/>\n<span class=\"wpcf7-form-control-wrap kc_captcha\" data-name=\"kc_captcha\"><span class=\"wpcf7-form-control wpcf7-radio\"><span class=\"captcha-image\" ><span class=\"cf7ic_instructions\">Veuillez prouver que vous \u00eates humain en s\u00e9lectionnant<span> le drapeau<\/span>.<\/span><label><input aria-label=\"1\" type=\"radio\" name=\"kc_captcha\" value=\"bot\" \/><svg aria-hidden=\"true\" role=\"img\" xmlns=\"http:\/\/www.w3.org\/2000\/svg\" viewBox=\"0 0 576 512\"><path fill=\"currentColor\" d=\"M415 24c-53 0-103 42-127 65-24-23-74-65-127-65C70 24 16 77 16 166c0 72 67 133 69 135l187 181c9 8 23 8 32 0l187-180c2-3 69-64 69-136 0-89-54-142-145-142z\"\/><\/svg><\/label><label><input aria-label=\"2\" type=\"radio\" name=\"kc_captcha\" value=\"kc_human\" \/><svg aria-hidden=\"true\" role=\"img\" xmlns=\"http:\/\/www.w3.org\/2000\/svg\" viewBox=\"0 0 512 512\"><path fill=\"currentColor\" d=\"M350 99c-54 0-98-35-166-35-25 0-47 4-68 12a56 56 0 004-24C118 24 95 1 66 0a56 56 0 00-34 102v386c0 13 11 24 24 24h16c13 0 24-11 24-24v-94c28-12 64-23 114-23 54 0 98 35 166 35 48 0 86-16 122-41 9-6 14-15 14-26V96c0-23-24-39-45-29-35 16-77 32-117 32z\"\/><\/svg><\/label><label><input aria-label=\"3\" type=\"radio\" name=\"kc_captcha\" value=\"bot\" \/><svg aria-hidden=\"true\" role=\"img\" xmlns=\"http:\/\/www.w3.org\/2000\/svg\" viewBox=\"0 0 384 512\"><path fill=\"currentColor\" d=\"M377 375l-83-87h34c21 0 32-25 17-40l-82-88h33c21 0 32-25 18-40L210 8c-10-11-26-11-36 0L70 120c-14 15-3 40 18 40h33l-82 88c-15 15-4 40 17 40h34L7 375c-15 16-4 41 17 41h120c0 33-11 49-34 68-12 9-5 28 10 28h144c15 0 22-19 10-28-20-16-34-32-34-68h120c21 0 32-25 17-41z\"\/><\/svg><\/label>\r\n    <\/span>\r\n    <span style=\"display:none\">\r\n        <input type=\"text\" name=\"kc_honeypot\">\r\n    <\/span><\/span><\/span>\n<\/p><div class=\"wpcf7-response-output\" aria-hidden=\"true\"><\/div>\n<\/form>\n<\/div>\n<\/div>\n\t\t\t\t\t\t<\/div>\n\t\t\t\t<\/div>\n\t\t\t\t\t<\/div>\n\t\t<\/div>\n\t\t\t\t\t<\/div>\n\t\t<\/section>\n\t\t\t\t<\/div>\n\t\t","protected":false},"excerpt":{"rendered":"<p>Pr\u00e9c\u00e9dent Suivant Ch\u00e2ssis double amortissement cantilever pour ski nautique assis, il s\u2019adresse \u00e0 tous les sportifs voulant faire des comp\u00e9titions. \u00a0Le ch\u00e2ssis s\u2019adapte ainsi sur tous types de skis.\u00a0 R\u00e9sistant \u00e0 l\u2019eau de mer. Composition\u00a0: Alu aviation. Poids\u00a0: 2.8kg (ch\u00e2ssis sans coque) Finition: Nickel chimique Que ce soit avec une coque PE personnalis\u00e9e ou une&hellip; <br \/> <a class=\"read-more\" href=\"https:\/\/ati-sports.com\/index.php\/produits-dequipement\/matos-dete\/boutique-equipements\/chassis-ski-nautiquecompetition\/\">Lire la suite<\/a><\/p>\n","protected":false},"author":7,"featured_media":0,"parent":5711,"menu_order":0,"comment_status":"closed","ping_status":"closed","template":"","meta":{"footnotes":""},"class_list":["post-5914","page","type-page","status-publish","hentry"],"yoast_head":"<!-- This site is optimized with the Yoast SEO plugin v27.4 - https:\/\/yoast.com\/product\/yoast-seo-wordpress\/ -->\n<title>Ch\u00e2ssis Ski nautique &quot;Comp\u00e9tition&quot; - ATI Sports - Une glisse de qualit\u00e9 pour tous<\/title>\n<meta name=\"description\" content=\"Seul ch\u00e2ssis de comp\u00e9tition de ski nautique assis avec amortisseur doubles contraintes, comp\u00e9tition, ski nautique assis, slalom\" \/>\n<meta name=\"robots\" content=\"index, follow, max-snippet:-1, max-image-preview:large, max-video-preview:-1\" \/>\n<link rel=\"canonical\" href=\"https:\/\/ati-sports.com\/index.php\/produits-dequipement\/matos-dete\/boutique-equipements\/chassis-ski-nautiquecompetition\/\" \/>\n<meta property=\"og:locale\" content=\"fr_FR\" \/>\n<meta property=\"og:type\" content=\"article\" \/>\n<meta property=\"og:title\" content=\"Ch\u00e2ssis Ski nautique &quot;Comp\u00e9tition&quot; - ATI Sports - Une glisse de qualit\u00e9 pour tous\" \/>\n<meta property=\"og:description\" content=\"Seul ch\u00e2ssis de comp\u00e9tition de ski nautique assis avec amortisseur doubles contraintes, comp\u00e9tition, ski nautique assis, slalom\" \/>\n<meta property=\"og:url\" content=\"https:\/\/ati-sports.com\/index.php\/produits-dequipement\/matos-dete\/boutique-equipements\/chassis-ski-nautiquecompetition\/\" \/>\n<meta property=\"og:site_name\" content=\"ATI Sports\" \/>\n<meta property=\"article:publisher\" content=\"https:\/\/www.facebook.com\/Atisports\" \/>\n<meta property=\"article:modified_time\" content=\"2021-02-04T10:01:48+00:00\" \/>\n<meta property=\"og:image\" content=\"https:\/\/ati-sports.com\/wp-content\/uploads\/2021\/01\/IMG_20190627_113913-1024x768.jpg\" \/>\n<meta name=\"twitter:card\" content=\"summary_large_image\" \/>\n<meta name=\"twitter:label1\" content=\"Dur\u00e9e de lecture estim\u00e9e\" \/>\n\t<meta name=\"twitter:data1\" content=\"2 minutes\" \/>\n<script type=\"application\/ld+json\" class=\"yoast-schema-graph\">{\"@context\":\"https:\\\/\\\/schema.org\",\"@graph\":[{\"@type\":\"WebPage\",\"@id\":\"https:\\\/\\\/ati-sports.com\\\/index.php\\\/produits-dequipement\\\/matos-dete\\\/boutique-equipements\\\/chassis-ski-nautiquecompetition\\\/\",\"url\":\"https:\\\/\\\/ati-sports.com\\\/index.php\\\/produits-dequipement\\\/matos-dete\\\/boutique-equipements\\\/chassis-ski-nautiquecompetition\\\/\",\"name\":\"Ch\u00e2ssis Ski nautique \\\"Comp\u00e9tition\\\" - ATI Sports - Une glisse de qualit\u00e9 pour tous\",\"isPartOf\":{\"@id\":\"https:\\\/\\\/ati-sports.com\\\/#website\"},\"primaryImageOfPage\":{\"@id\":\"https:\\\/\\\/ati-sports.com\\\/index.php\\\/produits-dequipement\\\/matos-dete\\\/boutique-equipements\\\/chassis-ski-nautiquecompetition\\\/#primaryimage\"},\"image\":{\"@id\":\"https:\\\/\\\/ati-sports.com\\\/index.php\\\/produits-dequipement\\\/matos-dete\\\/boutique-equipements\\\/chassis-ski-nautiquecompetition\\\/#primaryimage\"},\"thumbnailUrl\":\"https:\\\/\\\/ati-sports.com\\\/wp-content\\\/uploads\\\/2021\\\/01\\\/IMG_20190627_113913-1024x768.jpg\",\"datePublished\":\"2019-04-24T12:44:00+00:00\",\"dateModified\":\"2021-02-04T10:01:48+00:00\",\"description\":\"Seul ch\u00e2ssis de comp\u00e9tition de ski nautique assis avec amortisseur doubles contraintes, comp\u00e9tition, ski nautique assis, slalom\",\"breadcrumb\":{\"@id\":\"https:\\\/\\\/ati-sports.com\\\/index.php\\\/produits-dequipement\\\/matos-dete\\\/boutique-equipements\\\/chassis-ski-nautiquecompetition\\\/#breadcrumb\"},\"inLanguage\":\"fr-FR\",\"potentialAction\":[{\"@type\":\"ReadAction\",\"target\":[\"https:\\\/\\\/ati-sports.com\\\/index.php\\\/produits-dequipement\\\/matos-dete\\\/boutique-equipements\\\/chassis-ski-nautiquecompetition\\\/\"]}]},{\"@type\":\"ImageObject\",\"inLanguage\":\"fr-FR\",\"@id\":\"https:\\\/\\\/ati-sports.com\\\/index.php\\\/produits-dequipement\\\/matos-dete\\\/boutique-equipements\\\/chassis-ski-nautiquecompetition\\\/#primaryimage\",\"url\":\"https:\\\/\\\/ati-sports.com\\\/wp-content\\\/uploads\\\/2021\\\/01\\\/IMG_20190627_113913-1024x768.jpg\",\"contentUrl\":\"https:\\\/\\\/ati-sports.com\\\/wp-content\\\/uploads\\\/2021\\\/01\\\/IMG_20190627_113913-1024x768.jpg\"},{\"@type\":\"BreadcrumbList\",\"@id\":\"https:\\\/\\\/ati-sports.com\\\/index.php\\\/produits-dequipement\\\/matos-dete\\\/boutique-equipements\\\/chassis-ski-nautiquecompetition\\\/#breadcrumb\",\"itemListElement\":[{\"@type\":\"ListItem\",\"position\":1,\"name\":\"Accueil\",\"item\":\"https:\\\/\\\/ati-sports.com\\\/\"},{\"@type\":\"ListItem\",\"position\":2,\"name\":\"Produits d&rsquo;\u00e9quipement\",\"item\":\"https:\\\/\\\/ati-sports.com\\\/index.php\\\/produits-dequipement\\\/\"},{\"@type\":\"ListItem\",\"position\":3,\"name\":\"Matos D&rsquo;\u00e9t\u00e9\",\"item\":\"https:\\\/\\\/ati-sports.com\\\/index.php\\\/produits-dequipement\\\/matos-dete\\\/\"},{\"@type\":\"ListItem\",\"position\":4,\"name\":\"Ski nautique assis\",\"item\":\"https:\\\/\\\/ati-sports.com\\\/index.php\\\/produits-dequipement\\\/matos-dete\\\/boutique-equipements\\\/\"},{\"@type\":\"ListItem\",\"position\":5,\"name\":\"Ch\u00e2ssis Ski nautique \u00ab\u00a0Comp\u00e9tition\u00a0\u00bb\"}]},{\"@type\":\"WebSite\",\"@id\":\"https:\\\/\\\/ati-sports.com\\\/#website\",\"url\":\"https:\\\/\\\/ati-sports.com\\\/\",\"name\":\"ATI Sports\",\"description\":\"Une glisse de qualit\u00e9 pour tous\",\"publisher\":{\"@id\":\"https:\\\/\\\/ati-sports.com\\\/#organization\"},\"potentialAction\":[{\"@type\":\"SearchAction\",\"target\":{\"@type\":\"EntryPoint\",\"urlTemplate\":\"https:\\\/\\\/ati-sports.com\\\/?s={search_term_string}\"},\"query-input\":{\"@type\":\"PropertyValueSpecification\",\"valueRequired\":true,\"valueName\":\"search_term_string\"}}],\"inLanguage\":\"fr-FR\"},{\"@type\":\"Organization\",\"@id\":\"https:\\\/\\\/ati-sports.com\\\/#organization\",\"name\":\"Alpes Techniques Industrie Sports\",\"url\":\"https:\\\/\\\/ati-sports.com\\\/\",\"logo\":{\"@type\":\"ImageObject\",\"inLanguage\":\"fr-FR\",\"@id\":\"https:\\\/\\\/ati-sports.com\\\/#\\\/schema\\\/logo\\\/image\\\/\",\"url\":\"https:\\\/\\\/ati-sports.com\\\/wp-content\\\/uploads\\\/2021\\\/01\\\/logo_ATI_sports_blanc_detoure-1024x765-1.gif\",\"contentUrl\":\"https:\\\/\\\/ati-sports.com\\\/wp-content\\\/uploads\\\/2021\\\/01\\\/logo_ATI_sports_blanc_detoure-1024x765-1.gif\",\"width\":300,\"height\":223,\"caption\":\"Alpes Techniques Industrie Sports\"},\"image\":{\"@id\":\"https:\\\/\\\/ati-sports.com\\\/#\\\/schema\\\/logo\\\/image\\\/\"},\"sameAs\":[\"https:\\\/\\\/www.facebook.com\\\/Atisports\",\"https:\\\/\\\/www.instagram.com\\\/ati_sports\\\/\"]}]}<\/script>\n<!-- \/ Yoast SEO plugin. -->","yoast_head_json":{"title":"Ch\u00e2ssis Ski nautique \"Comp\u00e9tition\" - ATI Sports - Une glisse de qualit\u00e9 pour tous","description":"Seul ch\u00e2ssis de comp\u00e9tition de ski nautique assis avec amortisseur doubles contraintes, comp\u00e9tition, ski nautique assis, slalom","robots":{"index":"index","follow":"follow","max-snippet":"max-snippet:-1","max-image-preview":"max-image-preview:large","max-video-preview":"max-video-preview:-1"},"canonical":"https:\/\/ati-sports.com\/index.php\/produits-dequipement\/matos-dete\/boutique-equipements\/chassis-ski-nautiquecompetition\/","og_locale":"fr_FR","og_type":"article","og_title":"Ch\u00e2ssis Ski nautique \"Comp\u00e9tition\" - ATI Sports - Une glisse de qualit\u00e9 pour tous","og_description":"Seul ch\u00e2ssis de comp\u00e9tition de ski nautique assis avec amortisseur doubles contraintes, comp\u00e9tition, ski nautique assis, slalom","og_url":"https:\/\/ati-sports.com\/index.php\/produits-dequipement\/matos-dete\/boutique-equipements\/chassis-ski-nautiquecompetition\/","og_site_name":"ATI Sports","article_publisher":"https:\/\/www.facebook.com\/Atisports","article_modified_time":"2021-02-04T10:01:48+00:00","og_image":[{"url":"https:\/\/ati-sports.com\/wp-content\/uploads\/2021\/01\/IMG_20190627_113913-1024x768.jpg","type":"","width":"","height":""}],"twitter_card":"summary_large_image","twitter_misc":{"Dur\u00e9e de lecture estim\u00e9e":"2 minutes"},"schema":{"@context":"https:\/\/schema.org","@graph":[{"@type":"WebPage","@id":"https:\/\/ati-sports.com\/index.php\/produits-dequipement\/matos-dete\/boutique-equipements\/chassis-ski-nautiquecompetition\/","url":"https:\/\/ati-sports.com\/index.php\/produits-dequipement\/matos-dete\/boutique-equipements\/chassis-ski-nautiquecompetition\/","name":"Ch\u00e2ssis Ski nautique \"Comp\u00e9tition\" - ATI Sports - Une glisse de qualit\u00e9 pour tous","isPartOf":{"@id":"https:\/\/ati-sports.com\/#website"},"primaryImageOfPage":{"@id":"https:\/\/ati-sports.com\/index.php\/produits-dequipement\/matos-dete\/boutique-equipements\/chassis-ski-nautiquecompetition\/#primaryimage"},"image":{"@id":"https:\/\/ati-sports.com\/index.php\/produits-dequipement\/matos-dete\/boutique-equipements\/chassis-ski-nautiquecompetition\/#primaryimage"},"thumbnailUrl":"https:\/\/ati-sports.com\/wp-content\/uploads\/2021\/01\/IMG_20190627_113913-1024x768.jpg","datePublished":"2019-04-24T12:44:00+00:00","dateModified":"2021-02-04T10:01:48+00:00","description":"Seul ch\u00e2ssis de comp\u00e9tition de ski nautique assis avec amortisseur doubles contraintes, comp\u00e9tition, ski nautique assis, slalom","breadcrumb":{"@id":"https:\/\/ati-sports.com\/index.php\/produits-dequipement\/matos-dete\/boutique-equipements\/chassis-ski-nautiquecompetition\/#breadcrumb"},"inLanguage":"fr-FR","potentialAction":[{"@type":"ReadAction","target":["https:\/\/ati-sports.com\/index.php\/produits-dequipement\/matos-dete\/boutique-equipements\/chassis-ski-nautiquecompetition\/"]}]},{"@type":"ImageObject","inLanguage":"fr-FR","@id":"https:\/\/ati-sports.com\/index.php\/produits-dequipement\/matos-dete\/boutique-equipements\/chassis-ski-nautiquecompetition\/#primaryimage","url":"https:\/\/ati-sports.com\/wp-content\/uploads\/2021\/01\/IMG_20190627_113913-1024x768.jpg","contentUrl":"https:\/\/ati-sports.com\/wp-content\/uploads\/2021\/01\/IMG_20190627_113913-1024x768.jpg"},{"@type":"BreadcrumbList","@id":"https:\/\/ati-sports.com\/index.php\/produits-dequipement\/matos-dete\/boutique-equipements\/chassis-ski-nautiquecompetition\/#breadcrumb","itemListElement":[{"@type":"ListItem","position":1,"name":"Accueil","item":"https:\/\/ati-sports.com\/"},{"@type":"ListItem","position":2,"name":"Produits d&rsquo;\u00e9quipement","item":"https:\/\/ati-sports.com\/index.php\/produits-dequipement\/"},{"@type":"ListItem","position":3,"name":"Matos D&rsquo;\u00e9t\u00e9","item":"https:\/\/ati-sports.com\/index.php\/produits-dequipement\/matos-dete\/"},{"@type":"ListItem","position":4,"name":"Ski nautique assis","item":"https:\/\/ati-sports.com\/index.php\/produits-dequipement\/matos-dete\/boutique-equipements\/"},{"@type":"ListItem","position":5,"name":"Ch\u00e2ssis Ski nautique \u00ab\u00a0Comp\u00e9tition\u00a0\u00bb"}]},{"@type":"WebSite","@id":"https:\/\/ati-sports.com\/#website","url":"https:\/\/ati-sports.com\/","name":"ATI Sports","description":"Une glisse de qualit\u00e9 pour tous","publisher":{"@id":"https:\/\/ati-sports.com\/#organization"},"potentialAction":[{"@type":"SearchAction","target":{"@type":"EntryPoint","urlTemplate":"https:\/\/ati-sports.com\/?s={search_term_string}"},"query-input":{"@type":"PropertyValueSpecification","valueRequired":true,"valueName":"search_term_string"}}],"inLanguage":"fr-FR"},{"@type":"Organization","@id":"https:\/\/ati-sports.com\/#organization","name":"Alpes Techniques Industrie Sports","url":"https:\/\/ati-sports.com\/","logo":{"@type":"ImageObject","inLanguage":"fr-FR","@id":"https:\/\/ati-sports.com\/#\/schema\/logo\/image\/","url":"https:\/\/ati-sports.com\/wp-content\/uploads\/2021\/01\/logo_ATI_sports_blanc_detoure-1024x765-1.gif","contentUrl":"https:\/\/ati-sports.com\/wp-content\/uploads\/2021\/01\/logo_ATI_sports_blanc_detoure-1024x765-1.gif","width":300,"height":223,"caption":"Alpes Techniques Industrie Sports"},"image":{"@id":"https:\/\/ati-sports.com\/#\/schema\/logo\/image\/"},"sameAs":["https:\/\/www.facebook.com\/Atisports","https:\/\/www.instagram.com\/ati_sports\/"]}]}},"_links":{"self":[{"href":"https:\/\/ati-sports.com\/index.php\/wp-json\/wp\/v2\/pages\/5914","targetHints":{"allow":["GET"]}}],"collection":[{"href":"https:\/\/ati-sports.com\/index.php\/wp-json\/wp\/v2\/pages"}],"about":[{"href":"https:\/\/ati-sports.com\/index.php\/wp-json\/wp\/v2\/types\/page"}],"author":[{"embeddable":true,"href":"https:\/\/ati-sports.com\/index.php\/wp-json\/wp\/v2\/users\/7"}],"replies":[{"embeddable":true,"href":"https:\/\/ati-sports.com\/index.php\/wp-json\/wp\/v2\/comments?post=5914"}],"version-history":[{"count":42,"href":"https:\/\/ati-sports.com\/index.php\/wp-json\/wp\/v2\/pages\/5914\/revisions"}],"predecessor-version":[{"id":7323,"href":"https:\/\/ati-sports.com\/index.php\/wp-json\/wp\/v2\/pages\/5914\/revisions\/7323"}],"up":[{"embeddable":true,"href":"https:\/\/ati-sports.com\/index.php\/wp-json\/wp\/v2\/pages\/5711"}],"wp:attachment":[{"href":"https:\/\/ati-sports.com\/index.php\/wp-json\/wp\/v2\/media?parent=5914"}],"curies":[{"name":"wp","href":"https:\/\/api.w.org\/{rel}","templated":true}]}}