{"id":5928,"date":"2019-04-24T14:56:00","date_gmt":"2019-04-24T12:56:00","guid":{"rendered":"http:\/\/ati-sports.com\/?page_id=5928"},"modified":"2021-01-29T18:41:11","modified_gmt":"2021-01-29T17:41:11","slug":"derive-ski-nautiquewaark","status":"publish","type":"page","link":"https:\/\/ati-sports.com\/index.php\/produits-dequipement\/matos-dete\/boutique-equipements\/derive-ski-nautiquewaark\/","title":{"rendered":"D\u00e9rive ski nautique \u00ab\u00a0WAARK\u00a0\u00bb"},"content":{"rendered":"\t\t<div data-elementor-type=\"wp-post\" data-elementor-id=\"5928\" class=\"elementor elementor-5928\">\n\t\t\t\t\t\t<section class=\"elementor-section elementor-top-section elementor-element elementor-element-552c9b2 elementor-section-boxed elementor-section-height-default elementor-section-height-default\" data-id=\"552c9b2\" data-element_type=\"section\" data-e-type=\"section\">\n\t\t\t\t\t\t<div class=\"elementor-container elementor-column-gap-default\">\n\t\t\t\t\t<div class=\"elementor-column elementor-col-50 elementor-top-column elementor-element elementor-element-7f177bb\" data-id=\"7f177bb\" data-element_type=\"column\" data-e-type=\"column\">\n\t\t\t<div class=\"elementor-widget-wrap elementor-element-populated\">\n\t\t\t\t\t\t<div class=\"elementor-element elementor-element-2a0c598 elementor-widget elementor-widget-image\" data-id=\"2a0c598\" data-element_type=\"widget\" data-e-type=\"widget\" data-widget_type=\"image.default\">\n\t\t\t\t<div class=\"elementor-widget-container\">\n\t\t\t\t\t\t\t\t\t\t\t\t\t\t\t<img fetchpriority=\"high\" decoding=\"async\" width=\"1024\" height=\"764\" src=\"https:\/\/ati-sports.com\/wp-content\/uploads\/2019\/04\/02-1024x764.jpg\" class=\"attachment-large size-large wp-image-5876\" alt=\"\" srcset=\"https:\/\/ati-sports.com\/wp-content\/uploads\/2019\/04\/02-1024x764.jpg 1024w, https:\/\/ati-sports.com\/wp-content\/uploads\/2019\/04\/02-300x224.jpg 300w, https:\/\/ati-sports.com\/wp-content\/uploads\/2019\/04\/02-600x448.jpg 600w, https:\/\/ati-sports.com\/wp-content\/uploads\/2019\/04\/02-768x573.jpg 768w, https:\/\/ati-sports.com\/wp-content\/uploads\/2019\/04\/02-1447x1080.jpg 1447w\" sizes=\"(max-width: 1024px) 100vw, 1024px\" \/>\t\t\t\t\t\t\t\t\t\t\t\t\t\t\t<\/div>\n\t\t\t\t<\/div>\n\t\t\t\t\t<\/div>\n\t\t<\/div>\n\t\t\t\t<div class=\"elementor-column elementor-col-50 elementor-top-column elementor-element elementor-element-bb1568d\" data-id=\"bb1568d\" data-element_type=\"column\" data-e-type=\"column\">\n\t\t\t<div class=\"elementor-widget-wrap elementor-element-populated\">\n\t\t\t\t\t\t<div class=\"elementor-element elementor-element-e6a59e2 elementor-widget elementor-widget-text-editor\" data-id=\"e6a59e2\" data-element_type=\"widget\" data-e-type=\"widget\" data-widget_type=\"text-editor.default\">\n\t\t\t\t<div class=\"elementor-widget-container\">\n\t\t\t\t\t\t\t\t\t<p class=\"MsoNormal\">D\u00e9rive de remplacement pour Ski nautique assis de marque WAARK, c\u2019est un produit essentiel pour tout rider voulant rendre sa pratique du ski nautique plus agr\u00e9able.<\/p><p class=\"MsoNormal\">Composition\u00a0: alu 6061.<\/p><p class=\"MsoNormal\">Pour la forme classique de la d\u00e9rive, la profondeur est de 110mm sous la planche.\u00a0<\/p><p class=\"MsoNormal\">Plusieurs formes de d\u00e9rive peuvent \u00eatre produites sur demande.\u00a0<\/p>\t\t\t\t\t\t\t\t<\/div>\n\t\t\t\t<\/div>\n\t\t\t\t\t<\/div>\n\t\t<\/div>\n\t\t\t\t\t<\/div>\n\t\t<\/section>\n\t\t\t\t<section class=\"elementor-section elementor-top-section elementor-element elementor-element-eede661 elementor-section-boxed elementor-section-height-default elementor-section-height-default\" data-id=\"eede661\" data-element_type=\"section\" data-e-type=\"section\">\n\t\t\t\t\t\t<div class=\"elementor-container elementor-column-gap-default\">\n\t\t\t\t\t<div class=\"elementor-column elementor-col-100 elementor-top-column elementor-element elementor-element-34a8bc8\" data-id=\"34a8bc8\" data-element_type=\"column\" data-e-type=\"column\">\n\t\t\t<div class=\"elementor-widget-wrap elementor-element-populated\">\n\t\t\t\t\t\t<div class=\"elementor-element elementor-element-1be6c98 elementor-widget elementor-widget-heading\" data-id=\"1be6c98\" data-element_type=\"widget\" data-e-type=\"widget\" data-widget_type=\"heading.default\">\n\t\t\t\t<div class=\"elementor-widget-container\">\n\t\t\t\t\t<h3 class=\"elementor-heading-title elementor-size-default\">Les prix n'\u00e9tant pas renseign\u00e9s, veuillez nous contacter ci-dessous pour obtenir un devis.<\/h3>\t\t\t\t<\/div>\n\t\t\t\t<\/div>\n\t\t\t\t\t<\/div>\n\t\t<\/div>\n\t\t\t\t\t<\/div>\n\t\t<\/section>\n\t\t\t\t<section class=\"elementor-section elementor-top-section elementor-element elementor-element-5ba0f90 elementor-section-boxed elementor-section-height-default elementor-section-height-default\" data-id=\"5ba0f90\" data-element_type=\"section\" data-e-type=\"section\">\n\t\t\t\t\t\t<div class=\"elementor-container elementor-column-gap-default\">\n\t\t\t\t\t<div class=\"elementor-column elementor-col-100 elementor-top-column elementor-element elementor-element-fd37847\" data-id=\"fd37847\" data-element_type=\"column\" data-e-type=\"column\">\n\t\t\t<div class=\"elementor-widget-wrap elementor-element-populated\">\n\t\t\t\t\t\t<div class=\"elementor-element elementor-element-dc16e6f elementor-widget elementor-widget-shortcode\" data-id=\"dc16e6f\" data-element_type=\"widget\" data-e-type=\"widget\" data-widget_type=\"shortcode.default\">\n\t\t\t\t<div class=\"elementor-widget-container\">\n\t\t\t\t\t\t\t<div class=\"elementor-shortcode\">\n<div class=\"wpcf7 no-js\" id=\"wpcf7-f6153-o1\" lang=\"fr-FR\" dir=\"ltr\" data-wpcf7-id=\"6153\">\n<div class=\"screen-reader-response\"><p role=\"status\" aria-live=\"polite\" aria-atomic=\"true\"><\/p> <ul><\/ul><\/div>\n<form action=\"\/index.php\/wp-json\/wp\/v2\/pages\/5928#wpcf7-f6153-o1\" method=\"post\" class=\"wpcf7-form init\" aria-label=\"Formulaire de contact\" novalidate=\"novalidate\" data-status=\"init\">\n<fieldset class=\"hidden-fields-container\"><input type=\"hidden\" name=\"_wpcf7\" value=\"6153\" \/><input type=\"hidden\" name=\"_wpcf7_version\" value=\"6.1.5\" \/><input type=\"hidden\" name=\"_wpcf7_locale\" value=\"fr_FR\" \/><input type=\"hidden\" name=\"_wpcf7_unit_tag\" value=\"wpcf7-f6153-o1\" \/><input type=\"hidden\" name=\"_wpcf7_container_post\" value=\"0\" \/><input type=\"hidden\" name=\"_wpcf7_posted_data_hash\" value=\"\" \/><input type=\"hidden\" name=\"_wpcf7_recaptcha_response\" value=\"\" \/>\n<\/fieldset>\n<p><label> Votre nom:<br \/>\n<span class=\"wpcf7-form-control-wrap\" data-name=\"your-name\"><input size=\"40\" maxlength=\"400\" class=\"wpcf7-form-control wpcf7-text wpcf7-validates-as-required\" aria-required=\"true\" aria-invalid=\"false\" value=\"\" type=\"text\" name=\"your-name\" \/><\/span> <\/label>\n<\/p>\n<p><label> Votre pr\u00e9nom:<br \/>\n<span class=\"wpcf7-form-control-wrap\" data-name=\"your-surname\"><input size=\"40\" maxlength=\"400\" class=\"wpcf7-form-control wpcf7-text wpcf7-validates-as-required\" aria-required=\"true\" aria-invalid=\"false\" value=\"\" type=\"text\" name=\"your-surname\" \/><\/span> <\/label>\n<\/p>\n<p><label> N\u00b0 t\u00e9l\u00e9phone:<br \/>\n<span class=\"wpcf7-form-control-wrap\" data-name=\"your-phone\"><input size=\"40\" maxlength=\"400\" class=\"wpcf7-form-control wpcf7-tel wpcf7-validates-as-required wpcf7-text wpcf7-validates-as-tel\" aria-required=\"true\" aria-invalid=\"false\" value=\"\" type=\"tel\" name=\"your-phone\" \/><\/span> <\/label>\n<\/p>\n<p><label> Votre adresse de messagerie:<br \/>\n<span class=\"wpcf7-form-control-wrap\" data-name=\"your-email\"><input size=\"40\" maxlength=\"400\" class=\"wpcf7-form-control wpcf7-email wpcf7-validates-as-required wpcf7-text wpcf7-validates-as-email\" aria-required=\"true\" aria-invalid=\"false\" value=\"\" type=\"email\" name=\"your-email\" \/><\/span> <\/label>\n<\/p>\n<p><label> Demandes sp\u00e9cifiques:<br \/>\n<span class=\"wpcf7-form-control-wrap\" data-name=\"your-message\"><textarea cols=\"40\" rows=\"10\" maxlength=\"2000\" class=\"wpcf7-form-control wpcf7-textarea\" aria-invalid=\"false\" name=\"your-message\"><\/textarea><\/span> <\/label>\n<\/p>\n<p><input class=\"wpcf7-form-control wpcf7-submit has-spinner\" type=\"submit\" value=\"Envoyer\" \/><br \/>\n<span class=\"wpcf7-form-control-wrap kc_captcha\" data-name=\"kc_captcha\"><span class=\"wpcf7-form-control wpcf7-radio\"><span class=\"captcha-image\" ><span class=\"cf7ic_instructions\">Veuillez prouver que vous \u00eates humain en s\u00e9lectionnant<span> le drapeau<\/span>.<\/span><label><input aria-label=\"1\" type=\"radio\" name=\"kc_captcha\" value=\"bot\" \/><svg aria-hidden=\"true\" role=\"img\" xmlns=\"http:\/\/www.w3.org\/2000\/svg\" viewBox=\"0 0 512 512\"><path fill=\"currentColor\" d=\"M500 168h-55l-8-21a127 127 0 00-120-83H195a127 127 0 00-120 83l-8 21H12c-8 0-14 8-11 16l8 24a12 12 0 0011 8h29a64 64 0 00-33 56v48c0 16 6 31 16 42v62c0 13 11 24 24 24h48c13 0 24-11 24-24v-40h256v40c0 13 11 24 24 24h48c13 0 24-11 24-24v-62c10-11 16-26 16-42v-48c0-24-13-45-33-56h29a12 12 0 0011-8l8-24c3-8-3-16-11-16zm-365 2c9-25 33-42 60-42h122c27 0 51 17 60 42l15 38H120l15-38zM88 328a32 32 0 010-64c18 0 48 30 48 48s-30 16-48 16zm336 0c-18 0-48 2-48-16s30-48 48-48 32 14 32 32-14 32-32 32z\"\/><\/svg><\/label><label><input aria-label=\"2\" type=\"radio\" name=\"kc_captcha\" value=\"kc_human\" \/><svg aria-hidden=\"true\" role=\"img\" xmlns=\"http:\/\/www.w3.org\/2000\/svg\" viewBox=\"0 0 512 512\"><path fill=\"currentColor\" d=\"M350 99c-54 0-98-35-166-35-25 0-47 4-68 12a56 56 0 004-24C118 24 95 1 66 0a56 56 0 00-34 102v386c0 13 11 24 24 24h16c13 0 24-11 24-24v-94c28-12 64-23 114-23 54 0 98 35 166 35 48 0 86-16 122-41 9-6 14-15 14-26V96c0-23-24-39-45-29-35 16-77 32-117 32z\"\/><\/svg><\/label><label><input aria-label=\"3\" type=\"radio\" name=\"kc_captcha\" value=\"bot\" \/><svg aria-hidden=\"true\" role=\"img\" xmlns=\"http:\/\/www.w3.org\/2000\/svg\" viewBox=\"0 0 384 512\"><path fill=\"currentColor\" d=\"M377 375l-83-87h34c21 0 32-25 17-40l-82-88h33c21 0 32-25 18-40L210 8c-10-11-26-11-36 0L70 120c-14 15-3 40 18 40h33l-82 88c-15 15-4 40 17 40h34L7 375c-15 16-4 41 17 41h120c0 33-11 49-34 68-12 9-5 28 10 28h144c15 0 22-19 10-28-20-16-34-32-34-68h120c21 0 32-25 17-41z\"\/><\/svg><\/label>\r\n    <\/span>\r\n    <span style=\"display:none\">\r\n        <input type=\"text\" name=\"kc_honeypot\">\r\n    <\/span><\/span><\/span>\n<\/p><div class=\"wpcf7-response-output\" aria-hidden=\"true\"><\/div>\n<\/form>\n<\/div>\n<\/div>\n\t\t\t\t\t\t<\/div>\n\t\t\t\t<\/div>\n\t\t\t\t\t<\/div>\n\t\t<\/div>\n\t\t\t\t\t<\/div>\n\t\t<\/section>\n\t\t\t\t<\/div>\n\t\t","protected":false},"excerpt":{"rendered":"<p>D\u00e9rive de remplacement pour Ski nautique assis de marque WAARK, c\u2019est un produit essentiel pour tout rider voulant rendre sa pratique du ski nautique plus agr\u00e9able. Composition&nbsp;: alu 6061. Pour la forme classique de la d\u00e9rive, la profondeur est de 110mm sous la planche.&nbsp; Plusieurs formes de d\u00e9rive peuvent \u00eatre produites sur demande.&nbsp; Les prix&hellip; <br \/> <a class=\"read-more\" href=\"https:\/\/ati-sports.com\/index.php\/produits-dequipement\/matos-dete\/boutique-equipements\/derive-ski-nautiquewaark\/\">Lire la suite<\/a><\/p>\n","protected":false},"author":7,"featured_media":0,"parent":5711,"menu_order":0,"comment_status":"closed","ping_status":"closed","template":"","meta":{"footnotes":""},"class_list":["post-5928","page","type-page","status-publish","hentry"],"yoast_head":"<!-- This site is optimized with the Yoast SEO plugin v27.5 - https:\/\/yoast.com\/product\/yoast-seo-wordpress\/ -->\n<title>D\u00e9rive ski nautique &quot;WAARK&quot; - ATI Sports - Une glisse de qualit\u00e9 pour tous<\/title>\n<meta name=\"robots\" content=\"index, follow, max-snippet:-1, max-image-preview:large, max-video-preview:-1\" \/>\n<link rel=\"canonical\" href=\"https:\/\/ati-sports.com\/index.php\/produits-dequipement\/matos-dete\/boutique-equipements\/derive-ski-nautiquewaark\/\" \/>\n<meta property=\"og:locale\" content=\"fr_FR\" \/>\n<meta property=\"og:type\" content=\"article\" \/>\n<meta property=\"og:title\" content=\"D\u00e9rive ski nautique &quot;WAARK&quot; - ATI Sports - Une glisse de qualit\u00e9 pour tous\" \/>\n<meta property=\"og:description\" content=\"D\u00e9rive de remplacement pour Ski nautique assis de marque WAARK, c\u2019est un produit essentiel pour tout rider voulant rendre sa pratique du ski nautique plus agr\u00e9able. Composition&nbsp;: alu 6061. Pour la forme classique de la d\u00e9rive, la profondeur est de 110mm sous la planche.&nbsp; Plusieurs formes de d\u00e9rive peuvent \u00eatre produites sur demande.&nbsp; Les prix&hellip; Lire la suite\" \/>\n<meta property=\"og:url\" content=\"https:\/\/ati-sports.com\/index.php\/produits-dequipement\/matos-dete\/boutique-equipements\/derive-ski-nautiquewaark\/\" \/>\n<meta property=\"og:site_name\" content=\"ATI Sports\" \/>\n<meta property=\"article:publisher\" content=\"https:\/\/www.facebook.com\/Atisports\" \/>\n<meta property=\"article:modified_time\" content=\"2021-01-29T17:41:11+00:00\" \/>\n<meta property=\"og:image\" content=\"http:\/\/ati-sports.com\/wp-content\/uploads\/2019\/04\/02-1024x764.jpg\" \/>\n<meta name=\"twitter:card\" content=\"summary_large_image\" \/>\n<meta name=\"twitter:label1\" content=\"Dur\u00e9e de lecture estim\u00e9e\" \/>\n\t<meta name=\"twitter:data1\" content=\"1 minute\" \/>\n<script type=\"application\/ld+json\" class=\"yoast-schema-graph\">{\"@context\":\"https:\\\/\\\/schema.org\",\"@graph\":[{\"@type\":\"WebPage\",\"@id\":\"https:\\\/\\\/ati-sports.com\\\/index.php\\\/produits-dequipement\\\/matos-dete\\\/boutique-equipements\\\/derive-ski-nautiquewaark\\\/\",\"url\":\"https:\\\/\\\/ati-sports.com\\\/index.php\\\/produits-dequipement\\\/matos-dete\\\/boutique-equipements\\\/derive-ski-nautiquewaark\\\/\",\"name\":\"D\u00e9rive ski nautique \\\"WAARK\\\" - ATI Sports - Une glisse de qualit\u00e9 pour tous\",\"isPartOf\":{\"@id\":\"https:\\\/\\\/ati-sports.com\\\/#website\"},\"primaryImageOfPage\":{\"@id\":\"https:\\\/\\\/ati-sports.com\\\/index.php\\\/produits-dequipement\\\/matos-dete\\\/boutique-equipements\\\/derive-ski-nautiquewaark\\\/#primaryimage\"},\"image\":{\"@id\":\"https:\\\/\\\/ati-sports.com\\\/index.php\\\/produits-dequipement\\\/matos-dete\\\/boutique-equipements\\\/derive-ski-nautiquewaark\\\/#primaryimage\"},\"thumbnailUrl\":\"http:\\\/\\\/ati-sports.com\\\/wp-content\\\/uploads\\\/2019\\\/04\\\/02-1024x764.jpg\",\"datePublished\":\"2019-04-24T12:56:00+00:00\",\"dateModified\":\"2021-01-29T17:41:11+00:00\",\"breadcrumb\":{\"@id\":\"https:\\\/\\\/ati-sports.com\\\/index.php\\\/produits-dequipement\\\/matos-dete\\\/boutique-equipements\\\/derive-ski-nautiquewaark\\\/#breadcrumb\"},\"inLanguage\":\"fr-FR\",\"potentialAction\":[{\"@type\":\"ReadAction\",\"target\":[\"https:\\\/\\\/ati-sports.com\\\/index.php\\\/produits-dequipement\\\/matos-dete\\\/boutique-equipements\\\/derive-ski-nautiquewaark\\\/\"]}]},{\"@type\":\"ImageObject\",\"inLanguage\":\"fr-FR\",\"@id\":\"https:\\\/\\\/ati-sports.com\\\/index.php\\\/produits-dequipement\\\/matos-dete\\\/boutique-equipements\\\/derive-ski-nautiquewaark\\\/#primaryimage\",\"url\":\"https:\\\/\\\/ati-sports.com\\\/wp-content\\\/uploads\\\/2019\\\/04\\\/02-scaled.jpg\",\"contentUrl\":\"https:\\\/\\\/ati-sports.com\\\/wp-content\\\/uploads\\\/2019\\\/04\\\/02-scaled.jpg\",\"width\":2560,\"height\":1910},{\"@type\":\"BreadcrumbList\",\"@id\":\"https:\\\/\\\/ati-sports.com\\\/index.php\\\/produits-dequipement\\\/matos-dete\\\/boutique-equipements\\\/derive-ski-nautiquewaark\\\/#breadcrumb\",\"itemListElement\":[{\"@type\":\"ListItem\",\"position\":1,\"name\":\"Accueil\",\"item\":\"https:\\\/\\\/ati-sports.com\\\/\"},{\"@type\":\"ListItem\",\"position\":2,\"name\":\"Produits d&rsquo;\u00e9quipement\",\"item\":\"https:\\\/\\\/ati-sports.com\\\/index.php\\\/produits-dequipement\\\/\"},{\"@type\":\"ListItem\",\"position\":3,\"name\":\"Matos D&rsquo;\u00e9t\u00e9\",\"item\":\"https:\\\/\\\/ati-sports.com\\\/index.php\\\/produits-dequipement\\\/matos-dete\\\/\"},{\"@type\":\"ListItem\",\"position\":4,\"name\":\"Ski nautique assis\",\"item\":\"https:\\\/\\\/ati-sports.com\\\/index.php\\\/produits-dequipement\\\/matos-dete\\\/boutique-equipements\\\/\"},{\"@type\":\"ListItem\",\"position\":5,\"name\":\"D\u00e9rive ski nautique \u00ab\u00a0WAARK\u00a0\u00bb\"}]},{\"@type\":\"WebSite\",\"@id\":\"https:\\\/\\\/ati-sports.com\\\/#website\",\"url\":\"https:\\\/\\\/ati-sports.com\\\/\",\"name\":\"ATI Sports\",\"description\":\"Une glisse de qualit\u00e9 pour tous\",\"publisher\":{\"@id\":\"https:\\\/\\\/ati-sports.com\\\/#organization\"},\"potentialAction\":[{\"@type\":\"SearchAction\",\"target\":{\"@type\":\"EntryPoint\",\"urlTemplate\":\"https:\\\/\\\/ati-sports.com\\\/?s={search_term_string}\"},\"query-input\":{\"@type\":\"PropertyValueSpecification\",\"valueRequired\":true,\"valueName\":\"search_term_string\"}}],\"inLanguage\":\"fr-FR\"},{\"@type\":\"Organization\",\"@id\":\"https:\\\/\\\/ati-sports.com\\\/#organization\",\"name\":\"Alpes Techniques Industrie Sports\",\"url\":\"https:\\\/\\\/ati-sports.com\\\/\",\"logo\":{\"@type\":\"ImageObject\",\"inLanguage\":\"fr-FR\",\"@id\":\"https:\\\/\\\/ati-sports.com\\\/#\\\/schema\\\/logo\\\/image\\\/\",\"url\":\"https:\\\/\\\/ati-sports.com\\\/wp-content\\\/uploads\\\/2021\\\/01\\\/logo_ATI_sports_blanc_detoure-1024x765-1.gif\",\"contentUrl\":\"https:\\\/\\\/ati-sports.com\\\/wp-content\\\/uploads\\\/2021\\\/01\\\/logo_ATI_sports_blanc_detoure-1024x765-1.gif\",\"width\":300,\"height\":223,\"caption\":\"Alpes Techniques Industrie Sports\"},\"image\":{\"@id\":\"https:\\\/\\\/ati-sports.com\\\/#\\\/schema\\\/logo\\\/image\\\/\"},\"sameAs\":[\"https:\\\/\\\/www.facebook.com\\\/Atisports\",\"https:\\\/\\\/www.instagram.com\\\/ati_sports\\\/\"]}]}<\/script>\n<!-- \/ Yoast SEO plugin. -->","yoast_head_json":{"title":"D\u00e9rive ski nautique \"WAARK\" - ATI Sports - Une glisse de qualit\u00e9 pour tous","robots":{"index":"index","follow":"follow","max-snippet":"max-snippet:-1","max-image-preview":"max-image-preview:large","max-video-preview":"max-video-preview:-1"},"canonical":"https:\/\/ati-sports.com\/index.php\/produits-dequipement\/matos-dete\/boutique-equipements\/derive-ski-nautiquewaark\/","og_locale":"fr_FR","og_type":"article","og_title":"D\u00e9rive ski nautique \"WAARK\" - ATI Sports - Une glisse de qualit\u00e9 pour tous","og_description":"D\u00e9rive de remplacement pour Ski nautique assis de marque WAARK, c\u2019est un produit essentiel pour tout rider voulant rendre sa pratique du ski nautique plus agr\u00e9able. Composition&nbsp;: alu 6061. Pour la forme classique de la d\u00e9rive, la profondeur est de 110mm sous la planche.&nbsp; Plusieurs formes de d\u00e9rive peuvent \u00eatre produites sur demande.&nbsp; Les prix&hellip; Lire la suite","og_url":"https:\/\/ati-sports.com\/index.php\/produits-dequipement\/matos-dete\/boutique-equipements\/derive-ski-nautiquewaark\/","og_site_name":"ATI Sports","article_publisher":"https:\/\/www.facebook.com\/Atisports","article_modified_time":"2021-01-29T17:41:11+00:00","og_image":[{"url":"http:\/\/ati-sports.com\/wp-content\/uploads\/2019\/04\/02-1024x764.jpg","type":"","width":"","height":""}],"twitter_card":"summary_large_image","twitter_misc":{"Dur\u00e9e de lecture estim\u00e9e":"1 minute"},"schema":{"@context":"https:\/\/schema.org","@graph":[{"@type":"WebPage","@id":"https:\/\/ati-sports.com\/index.php\/produits-dequipement\/matos-dete\/boutique-equipements\/derive-ski-nautiquewaark\/","url":"https:\/\/ati-sports.com\/index.php\/produits-dequipement\/matos-dete\/boutique-equipements\/derive-ski-nautiquewaark\/","name":"D\u00e9rive ski nautique \"WAARK\" - ATI Sports - Une glisse de qualit\u00e9 pour tous","isPartOf":{"@id":"https:\/\/ati-sports.com\/#website"},"primaryImageOfPage":{"@id":"https:\/\/ati-sports.com\/index.php\/produits-dequipement\/matos-dete\/boutique-equipements\/derive-ski-nautiquewaark\/#primaryimage"},"image":{"@id":"https:\/\/ati-sports.com\/index.php\/produits-dequipement\/matos-dete\/boutique-equipements\/derive-ski-nautiquewaark\/#primaryimage"},"thumbnailUrl":"http:\/\/ati-sports.com\/wp-content\/uploads\/2019\/04\/02-1024x764.jpg","datePublished":"2019-04-24T12:56:00+00:00","dateModified":"2021-01-29T17:41:11+00:00","breadcrumb":{"@id":"https:\/\/ati-sports.com\/index.php\/produits-dequipement\/matos-dete\/boutique-equipements\/derive-ski-nautiquewaark\/#breadcrumb"},"inLanguage":"fr-FR","potentialAction":[{"@type":"ReadAction","target":["https:\/\/ati-sports.com\/index.php\/produits-dequipement\/matos-dete\/boutique-equipements\/derive-ski-nautiquewaark\/"]}]},{"@type":"ImageObject","inLanguage":"fr-FR","@id":"https:\/\/ati-sports.com\/index.php\/produits-dequipement\/matos-dete\/boutique-equipements\/derive-ski-nautiquewaark\/#primaryimage","url":"https:\/\/ati-sports.com\/wp-content\/uploads\/2019\/04\/02-scaled.jpg","contentUrl":"https:\/\/ati-sports.com\/wp-content\/uploads\/2019\/04\/02-scaled.jpg","width":2560,"height":1910},{"@type":"BreadcrumbList","@id":"https:\/\/ati-sports.com\/index.php\/produits-dequipement\/matos-dete\/boutique-equipements\/derive-ski-nautiquewaark\/#breadcrumb","itemListElement":[{"@type":"ListItem","position":1,"name":"Accueil","item":"https:\/\/ati-sports.com\/"},{"@type":"ListItem","position":2,"name":"Produits d&rsquo;\u00e9quipement","item":"https:\/\/ati-sports.com\/index.php\/produits-dequipement\/"},{"@type":"ListItem","position":3,"name":"Matos D&rsquo;\u00e9t\u00e9","item":"https:\/\/ati-sports.com\/index.php\/produits-dequipement\/matos-dete\/"},{"@type":"ListItem","position":4,"name":"Ski nautique assis","item":"https:\/\/ati-sports.com\/index.php\/produits-dequipement\/matos-dete\/boutique-equipements\/"},{"@type":"ListItem","position":5,"name":"D\u00e9rive ski nautique \u00ab\u00a0WAARK\u00a0\u00bb"}]},{"@type":"WebSite","@id":"https:\/\/ati-sports.com\/#website","url":"https:\/\/ati-sports.com\/","name":"ATI Sports","description":"Une glisse de qualit\u00e9 pour tous","publisher":{"@id":"https:\/\/ati-sports.com\/#organization"},"potentialAction":[{"@type":"SearchAction","target":{"@type":"EntryPoint","urlTemplate":"https:\/\/ati-sports.com\/?s={search_term_string}"},"query-input":{"@type":"PropertyValueSpecification","valueRequired":true,"valueName":"search_term_string"}}],"inLanguage":"fr-FR"},{"@type":"Organization","@id":"https:\/\/ati-sports.com\/#organization","name":"Alpes Techniques Industrie Sports","url":"https:\/\/ati-sports.com\/","logo":{"@type":"ImageObject","inLanguage":"fr-FR","@id":"https:\/\/ati-sports.com\/#\/schema\/logo\/image\/","url":"https:\/\/ati-sports.com\/wp-content\/uploads\/2021\/01\/logo_ATI_sports_blanc_detoure-1024x765-1.gif","contentUrl":"https:\/\/ati-sports.com\/wp-content\/uploads\/2021\/01\/logo_ATI_sports_blanc_detoure-1024x765-1.gif","width":300,"height":223,"caption":"Alpes Techniques Industrie Sports"},"image":{"@id":"https:\/\/ati-sports.com\/#\/schema\/logo\/image\/"},"sameAs":["https:\/\/www.facebook.com\/Atisports","https:\/\/www.instagram.com\/ati_sports\/"]}]}},"_links":{"self":[{"href":"https:\/\/ati-sports.com\/index.php\/wp-json\/wp\/v2\/pages\/5928","targetHints":{"allow":["GET"]}}],"collection":[{"href":"https:\/\/ati-sports.com\/index.php\/wp-json\/wp\/v2\/pages"}],"about":[{"href":"https:\/\/ati-sports.com\/index.php\/wp-json\/wp\/v2\/types\/page"}],"author":[{"embeddable":true,"href":"https:\/\/ati-sports.com\/index.php\/wp-json\/wp\/v2\/users\/7"}],"replies":[{"embeddable":true,"href":"https:\/\/ati-sports.com\/index.php\/wp-json\/wp\/v2\/comments?post=5928"}],"version-history":[{"count":9,"href":"https:\/\/ati-sports.com\/index.php\/wp-json\/wp\/v2\/pages\/5928\/revisions"}],"predecessor-version":[{"id":7011,"href":"https:\/\/ati-sports.com\/index.php\/wp-json\/wp\/v2\/pages\/5928\/revisions\/7011"}],"up":[{"embeddable":true,"href":"https:\/\/ati-sports.com\/index.php\/wp-json\/wp\/v2\/pages\/5711"}],"wp:attachment":[{"href":"https:\/\/ati-sports.com\/index.php\/wp-json\/wp\/v2\/media?parent=5928"}],"curies":[{"name":"wp","href":"https:\/\/api.w.org\/{rel}","templated":true}]}}