{"id":5943,"date":"2019-04-24T15:00:49","date_gmt":"2019-04-24T13:00:49","guid":{"rendered":"http:\/\/ati-sports.com\/?page_id=5943"},"modified":"2021-02-03T17:22:32","modified_gmt":"2021-02-03T16:22:32","slug":"coque-semi-personnalisee","status":"publish","type":"page","link":"https:\/\/ati-sports.com\/index.php\/coque-semi-personnalisee\/","title":{"rendered":"Coque semi-personnalis\u00e9e"},"content":{"rendered":"\t\t<div data-elementor-type=\"wp-post\" data-elementor-id=\"5943\" class=\"elementor elementor-5943\">\n\t\t\t\t\t\t<section class=\"elementor-section elementor-top-section elementor-element elementor-element-8fe9f24 elementor-section-boxed elementor-section-height-default elementor-section-height-default\" data-id=\"8fe9f24\" data-element_type=\"section\" data-e-type=\"section\">\n\t\t\t\t\t\t<div class=\"elementor-container elementor-column-gap-default\">\n\t\t\t\t\t<div class=\"elementor-column elementor-col-50 elementor-top-column elementor-element elementor-element-c861a10\" data-id=\"c861a10\" data-element_type=\"column\" data-e-type=\"column\">\n\t\t\t<div class=\"elementor-widget-wrap elementor-element-populated\">\n\t\t\t\t\t\t<div class=\"elementor-element elementor-element-9eeb86a elementor-arrows-position-inside elementor-pagination-position-outside elementor-widget elementor-widget-image-carousel\" data-id=\"9eeb86a\" data-element_type=\"widget\" data-e-type=\"widget\" data-settings=\"{&quot;slides_to_show&quot;:&quot;1&quot;,&quot;navigation&quot;:&quot;both&quot;,&quot;autoplay&quot;:&quot;yes&quot;,&quot;pause_on_hover&quot;:&quot;yes&quot;,&quot;pause_on_interaction&quot;:&quot;yes&quot;,&quot;autoplay_speed&quot;:5000,&quot;infinite&quot;:&quot;yes&quot;,&quot;effect&quot;:&quot;slide&quot;,&quot;speed&quot;:500}\" data-widget_type=\"image-carousel.default\">\n\t\t\t\t<div class=\"elementor-widget-container\">\n\t\t\t\t\t\t\t<div class=\"elementor-image-carousel-wrapper swiper\" role=\"region\" aria-roledescription=\"carousel\" aria-label=\"Carrousel d\u2019images\" dir=\"ltr\">\n\t\t\t<div class=\"elementor-image-carousel swiper-wrapper\" aria-live=\"off\">\n\t\t\t\t\t\t\t\t<div class=\"swiper-slide\" role=\"group\" aria-roledescription=\"slide\" aria-label=\"1 sur 3\"><figure class=\"swiper-slide-inner\"><img decoding=\"async\" class=\"swiper-slide-image\" src=\"https:\/\/ati-sports.com\/wp-content\/uploads\/2019\/04\/coque-fibre-JL-composite-dosier-2-1024x776.jpg\" alt=\"coque fibre JL composite + dosier 2\" loading=\"lazy\" \/><\/figure><\/div><div class=\"swiper-slide\" role=\"group\" aria-roledescription=\"slide\" aria-label=\"2 sur 3\"><figure class=\"swiper-slide-inner\"><img decoding=\"async\" class=\"swiper-slide-image\" src=\"https:\/\/ati-sports.com\/wp-content\/uploads\/2019\/04\/coque-fibre-JL-composite-dosier-938x1024.jpg\" alt=\"coque fibre JL composite + dosier\" loading=\"lazy\" \/><\/figure><\/div><div class=\"swiper-slide\" role=\"group\" aria-roledescription=\"slide\" aria-label=\"3 sur 3\"><figure class=\"swiper-slide-inner\"><img decoding=\"async\" class=\"swiper-slide-image\" src=\"https:\/\/ati-sports.com\/wp-content\/uploads\/2019\/04\/Coque-seule-Fibre-JL-compsite-1024x902.jpg\" alt=\"Coque seule Fibre JL compsite\" loading=\"lazy\" \/><\/figure><\/div>\t\t\t<\/div>\n\t\t\t\t\t\t\t\t\t\t\t\t<div class=\"elementor-swiper-button elementor-swiper-button-prev\" role=\"button\" tabindex=\"0\">\n\t\t\t\t\t\t<i aria-hidden=\"true\" class=\"eicon-chevron-left\"><\/i>\t\t\t\t\t<\/div>\n\t\t\t\t\t<div class=\"elementor-swiper-button elementor-swiper-button-next\" role=\"button\" tabindex=\"0\">\n\t\t\t\t\t\t<i aria-hidden=\"true\" class=\"eicon-chevron-right\"><\/i>\t\t\t\t\t<\/div>\n\t\t\t\t\n\t\t\t\t\t\t\t\t\t<div class=\"swiper-pagination\"><\/div>\n\t\t\t\t\t\t\t\t\t<\/div>\n\t\t\t\t\t\t<\/div>\n\t\t\t\t<\/div>\n\t\t\t\t\t<\/div>\n\t\t<\/div>\n\t\t\t\t<div class=\"elementor-column elementor-col-50 elementor-top-column elementor-element elementor-element-641db41\" data-id=\"641db41\" data-element_type=\"column\" data-e-type=\"column\">\n\t\t\t<div class=\"elementor-widget-wrap elementor-element-populated\">\n\t\t\t\t\t\t<div class=\"elementor-element elementor-element-e7daf41 elementor-widget elementor-widget-text-editor\" data-id=\"e7daf41\" data-element_type=\"widget\" data-e-type=\"widget\" data-widget_type=\"text-editor.default\">\n\t\t\t\t<div class=\"elementor-widget-container\">\n\t\t\t\t\t\t\t\t\t<p>Coque en fibre ou carbone aux couleurs de ATI Sports ou \u00e0 vos\u00a0 couleurs\u00a0 au choix.<\/p><p>Partenariat avec <a href=\"http:\/\/www.handikite.com\/prototypes\/jl-composites-ch%C3%A2ssis-mc1\/\"><strong>JL COMPOSITE<\/strong><\/a>.\u00a0<\/p><p>C\u2019est une coque rigide, 14 couches de fibres crois\u00e9es.\u00a0<\/p><p>Vos mesures sont \u00e0 pr\u00e9ciser durant la commande.\u00a0<\/p><p><strong>Fibre<\/strong>:Assise nue : 1.765 kg<\/p><p>Dossier nu : 1.400 kg<\/p><p><strong>Carbone<\/strong>: Assise nue 1.4kg<\/p><p>Coque compl\u00e8te nue : 3.190 kg avec 2 articulations.<\/p><p>Ces coques sont aussi bien faites pour le ski de neige assis ou les sports d&rsquo;eau : <a href=\"https:\/\/ati-sports.com\/index.php\/produits-dequipement\/matos-dete\/wake-assis\/\">Wake<\/a> &amp; <a href=\"https:\/\/ati-sports.com\/index.php\/produits-dequipement\/matos-dete\/boutique-equipements\/\">Ski nautique assis<\/a><\/p><p>Livr\u00e9e nue ou mous\u00e9e avec une mousse \u00e0 cellules ferm\u00e9e et assise \u00ab\u00a0Biosoft\u00a0\u00bb pour la protection anti escarres<\/p>\t\t\t\t\t\t\t\t<\/div>\n\t\t\t\t<\/div>\n\t\t\t\t\t<\/div>\n\t\t<\/div>\n\t\t\t\t\t<\/div>\n\t\t<\/section>\n\t\t\t\t<section class=\"elementor-section elementor-top-section elementor-element elementor-element-6fcd633 elementor-section-boxed elementor-section-height-default elementor-section-height-default\" data-id=\"6fcd633\" data-element_type=\"section\" data-e-type=\"section\">\n\t\t\t\t\t\t<div class=\"elementor-container elementor-column-gap-default\">\n\t\t\t\t\t<div class=\"elementor-column elementor-col-100 elementor-top-column elementor-element elementor-element-bcb9233\" data-id=\"bcb9233\" data-element_type=\"column\" data-e-type=\"column\">\n\t\t\t<div class=\"elementor-widget-wrap elementor-element-populated\">\n\t\t\t\t\t\t<div class=\"elementor-element elementor-element-70a0694 elementor-widget elementor-widget-heading\" data-id=\"70a0694\" data-element_type=\"widget\" data-e-type=\"widget\" data-widget_type=\"heading.default\">\n\t\t\t\t<div class=\"elementor-widget-container\">\n\t\t\t\t\t<h3 class=\"elementor-heading-title elementor-size-default\">Les prix n'\u00e9tant pas renseign\u00e9s, veuillez nous contacter ci-dessous pour obtenir un devis.<\/h3>\t\t\t\t<\/div>\n\t\t\t\t<\/div>\n\t\t\t\t\t<\/div>\n\t\t<\/div>\n\t\t\t\t\t<\/div>\n\t\t<\/section>\n\t\t\t\t<section class=\"elementor-section elementor-top-section elementor-element elementor-element-5428d19 elementor-section-boxed elementor-section-height-default elementor-section-height-default\" data-id=\"5428d19\" data-element_type=\"section\" data-e-type=\"section\">\n\t\t\t\t\t\t<div class=\"elementor-container elementor-column-gap-default\">\n\t\t\t\t\t<div class=\"elementor-column elementor-col-100 elementor-top-column elementor-element elementor-element-957e360\" data-id=\"957e360\" data-element_type=\"column\" data-e-type=\"column\">\n\t\t\t<div class=\"elementor-widget-wrap elementor-element-populated\">\n\t\t\t\t\t\t<div class=\"elementor-element elementor-element-08ad5f9 elementor-widget elementor-widget-shortcode\" data-id=\"08ad5f9\" data-element_type=\"widget\" data-e-type=\"widget\" data-widget_type=\"shortcode.default\">\n\t\t\t\t<div class=\"elementor-widget-container\">\n\t\t\t\t\t\t\t<div class=\"elementor-shortcode\">\n<div class=\"wpcf7 no-js\" id=\"wpcf7-f6156-o1\" lang=\"fr-FR\" dir=\"ltr\" data-wpcf7-id=\"6156\">\n<div class=\"screen-reader-response\"><p role=\"status\" aria-live=\"polite\" aria-atomic=\"true\"><\/p> <ul><\/ul><\/div>\n<form action=\"\/index.php\/wp-json\/wp\/v2\/pages\/5943#wpcf7-f6156-o1\" method=\"post\" class=\"wpcf7-form init\" aria-label=\"Formulaire de contact\" novalidate=\"novalidate\" data-status=\"init\">\n<fieldset class=\"hidden-fields-container\"><input type=\"hidden\" name=\"_wpcf7\" value=\"6156\" \/><input type=\"hidden\" name=\"_wpcf7_version\" value=\"6.1.5\" \/><input type=\"hidden\" name=\"_wpcf7_locale\" value=\"fr_FR\" \/><input type=\"hidden\" name=\"_wpcf7_unit_tag\" value=\"wpcf7-f6156-o1\" \/><input type=\"hidden\" name=\"_wpcf7_container_post\" value=\"0\" \/><input type=\"hidden\" name=\"_wpcf7_posted_data_hash\" value=\"\" \/><input type=\"hidden\" name=\"_wpcf7_recaptcha_response\" value=\"\" \/>\n<\/fieldset>\n<p><label> Votre nom:<br \/>\n<span class=\"wpcf7-form-control-wrap\" data-name=\"your-name\"><input size=\"40\" maxlength=\"400\" class=\"wpcf7-form-control wpcf7-text wpcf7-validates-as-required\" aria-required=\"true\" aria-invalid=\"false\" value=\"\" type=\"text\" name=\"your-name\" \/><\/span> <\/label>\n<\/p>\n<p><label> Votre pr\u00e9nom:<br \/>\n<span class=\"wpcf7-form-control-wrap\" data-name=\"your-surname\"><input size=\"40\" maxlength=\"400\" class=\"wpcf7-form-control wpcf7-text wpcf7-validates-as-required\" aria-required=\"true\" aria-invalid=\"false\" value=\"\" type=\"text\" name=\"your-surname\" \/><\/span> <\/label>\n<\/p>\n<p><label> N\u00b0 t\u00e9l\u00e9phone:<br \/>\n<span class=\"wpcf7-form-control-wrap\" data-name=\"your-phone\"><input size=\"40\" maxlength=\"400\" class=\"wpcf7-form-control wpcf7-tel wpcf7-validates-as-required wpcf7-text wpcf7-validates-as-tel\" aria-required=\"true\" aria-invalid=\"false\" value=\"\" type=\"tel\" name=\"your-phone\" \/><\/span> <\/label>\n<\/p>\n<p><label> Votre adresse de messagerie:<br \/>\n<span class=\"wpcf7-form-control-wrap\" data-name=\"your-email\"><input size=\"40\" maxlength=\"400\" class=\"wpcf7-form-control wpcf7-email wpcf7-validates-as-required wpcf7-text wpcf7-validates-as-email\" aria-required=\"true\" aria-invalid=\"false\" value=\"\" type=\"email\" name=\"your-email\" \/><\/span> <\/label>\n<\/p>\n<p><label> Type de coque:<br \/>\n<span class=\"wpcf7-form-control-wrap\" data-name=\"menu-type\"><select class=\"wpcf7-form-control wpcf7-select wpcf7-validates-as-required\" aria-required=\"true\" aria-invalid=\"false\" name=\"menu-type\"><option value=\"Coque Fibre\">Coque Fibre<\/option><option value=\"Coque Carbone\">Coque Carbone<\/option><\/select><\/span> <\/label>\n<\/p>\n<p><label> Demandes sp\u00e9cifiques:<br \/>\n<span class=\"wpcf7-form-control-wrap\" data-name=\"your-message\"><textarea cols=\"40\" rows=\"10\" maxlength=\"2000\" class=\"wpcf7-form-control wpcf7-textarea\" aria-invalid=\"false\" name=\"your-message\"><\/textarea><\/span> <\/label>\n<\/p>\n<p><input class=\"wpcf7-form-control wpcf7-submit has-spinner\" type=\"submit\" value=\"Envoyer\" \/><br \/>\n<span class=\"wpcf7-form-control-wrap kc_captcha\" data-name=\"kc_captcha\"><span class=\"wpcf7-form-control wpcf7-radio\"><span class=\"captcha-image\" ><span class=\"cf7ic_instructions\">Veuillez prouver que vous \u00eates humain en s\u00e9lectionnant<span> l\u2019\u00e9toile<\/span>.<\/span><label><input aria-label=\"1\" type=\"radio\" name=\"kc_captcha\" value=\"kc_human\" \/><svg aria-hidden=\"true\" role=\"img\" xmlns=\"http:\/\/www.w3.org\/2000\/svg\" viewBox=\"0 0 576 512\"><path fill=\"currentColor\" d=\"M259 18l-65 132-146 22c-26 3-37 36-18 54l106 103-25 146c-5 26 23 46 46 33l131-68 131 68c23 13 51-7 46-33l-25-146 106-103c19-18 8-51-18-54l-146-22-65-132a32 32 0 00-58 0z\"\/><\/svg><\/label><label><input aria-label=\"2\" type=\"radio\" name=\"kc_captcha\" value=\"bot\" \/><svg aria-hidden=\"true\" role=\"img\" xmlns=\"http:\/\/www.w3.org\/2000\/svg\" viewBox=\"0 0 512 512\"><path fill=\"currentColor\" d=\"M350 99c-54 0-98-35-166-35-25 0-47 4-68 12a56 56 0 004-24C118 24 95 1 66 0a56 56 0 00-34 102v386c0 13 11 24 24 24h16c13 0 24-11 24-24v-94c28-12 64-23 114-23 54 0 98 35 166 35 48 0 86-16 122-41 9-6 14-15 14-26V96c0-23-24-39-45-29-35 16-77 32-117 32z\"\/><\/svg><\/label><label><input aria-label=\"3\" type=\"radio\" name=\"kc_captcha\" value=\"bot\" \/><svg aria-hidden=\"true\" role=\"img\" xmlns=\"http:\/\/www.w3.org\/2000\/svg\" viewBox=\"0 0 384 512\"><path fill=\"currentColor\" d=\"M377 375l-83-87h34c21 0 32-25 17-40l-82-88h33c21 0 32-25 18-40L210 8c-10-11-26-11-36 0L70 120c-14 15-3 40 18 40h33l-82 88c-15 15-4 40 17 40h34L7 375c-15 16-4 41 17 41h120c0 33-11 49-34 68-12 9-5 28 10 28h144c15 0 22-19 10-28-20-16-34-32-34-68h120c21 0 32-25 17-41z\"\/><\/svg><\/label>\r\n    <\/span>\r\n    <span style=\"display:none\">\r\n        <input type=\"text\" name=\"kc_honeypot\">\r\n    <\/span><\/span><\/span>\n<\/p><div class=\"wpcf7-response-output\" aria-hidden=\"true\"><\/div>\n<\/form>\n<\/div>\n<\/div>\n\t\t\t\t\t\t<\/div>\n\t\t\t\t<\/div>\n\t\t\t\t\t<\/div>\n\t\t<\/div>\n\t\t\t\t\t<\/div>\n\t\t<\/section>\n\t\t\t\t<\/div>\n\t\t","protected":false},"excerpt":{"rendered":"<p>Pr\u00e9c\u00e9dent Suivant Coque en fibre ou carbone aux couleurs de ATI Sports ou \u00e0 vos\u00a0 couleurs\u00a0 au choix. Partenariat avec JL COMPOSITE.\u00a0 C\u2019est une coque rigide, 14 couches de fibres crois\u00e9es.\u00a0 Vos mesures sont \u00e0 pr\u00e9ciser durant la commande.\u00a0 Fibre:Assise nue : 1.765 kg Dossier nu : 1.400 kg Carbone: Assise nue 1.4kg Coque compl\u00e8te&hellip; <br \/> <a class=\"read-more\" href=\"https:\/\/ati-sports.com\/index.php\/coque-semi-personnalisee\/\">Lire la suite<\/a><\/p>\n","protected":false},"author":7,"featured_media":0,"parent":0,"menu_order":0,"comment_status":"closed","ping_status":"closed","template":"","meta":{"footnotes":""},"class_list":["post-5943","page","type-page","status-publish","hentry"],"yoast_head":"<!-- This site is optimized with the Yoast SEO plugin v27.4 - https:\/\/yoast.com\/product\/yoast-seo-wordpress\/ -->\n<title>Coque semi-personnalis\u00e9e - ATI Sports - Une glisse de qualit\u00e9 pour tous<\/title>\n<meta name=\"robots\" content=\"index, follow, max-snippet:-1, max-image-preview:large, max-video-preview:-1\" \/>\n<link rel=\"canonical\" href=\"https:\/\/ati-sports.com\/index.php\/coque-semi-personnalisee\/\" \/>\n<meta property=\"og:locale\" content=\"fr_FR\" \/>\n<meta property=\"og:type\" content=\"article\" \/>\n<meta property=\"og:title\" content=\"Coque semi-personnalis\u00e9e - ATI Sports - Une glisse de qualit\u00e9 pour tous\" \/>\n<meta property=\"og:description\" content=\"Pr\u00e9c\u00e9dent Suivant Coque en fibre ou carbone aux couleurs de ATI Sports ou \u00e0 vos\u00a0 couleurs\u00a0 au choix. Partenariat avec JL COMPOSITE.\u00a0 C\u2019est une coque rigide, 14 couches de fibres crois\u00e9es.\u00a0 Vos mesures sont \u00e0 pr\u00e9ciser durant la commande.\u00a0 Fibre:Assise nue : 1.765 kg Dossier nu : 1.400 kg Carbone: Assise nue 1.4kg Coque compl\u00e8te&hellip; Lire la suite\" \/>\n<meta property=\"og:url\" content=\"https:\/\/ati-sports.com\/index.php\/coque-semi-personnalisee\/\" \/>\n<meta property=\"og:site_name\" content=\"ATI Sports\" \/>\n<meta property=\"article:publisher\" content=\"https:\/\/www.facebook.com\/Atisports\" \/>\n<meta property=\"article:modified_time\" content=\"2021-02-03T16:22:32+00:00\" \/>\n<meta property=\"og:image\" content=\"https:\/\/ati-sports.com\/wp-content\/uploads\/2019\/04\/coque-fibre-JL-composite-dosier-2-1024x776.jpg\" \/>\n<meta name=\"twitter:card\" content=\"summary_large_image\" \/>\n<meta name=\"twitter:label1\" content=\"Dur\u00e9e de lecture estim\u00e9e\" \/>\n\t<meta name=\"twitter:data1\" content=\"1 minute\" \/>\n<script type=\"application\/ld+json\" class=\"yoast-schema-graph\">{\"@context\":\"https:\\\/\\\/schema.org\",\"@graph\":[{\"@type\":\"WebPage\",\"@id\":\"https:\\\/\\\/ati-sports.com\\\/index.php\\\/coque-semi-personnalisee\\\/\",\"url\":\"https:\\\/\\\/ati-sports.com\\\/index.php\\\/coque-semi-personnalisee\\\/\",\"name\":\"Coque semi-personnalis\u00e9e - ATI Sports - Une glisse de qualit\u00e9 pour tous\",\"isPartOf\":{\"@id\":\"https:\\\/\\\/ati-sports.com\\\/#website\"},\"primaryImageOfPage\":{\"@id\":\"https:\\\/\\\/ati-sports.com\\\/index.php\\\/coque-semi-personnalisee\\\/#primaryimage\"},\"image\":{\"@id\":\"https:\\\/\\\/ati-sports.com\\\/index.php\\\/coque-semi-personnalisee\\\/#primaryimage\"},\"thumbnailUrl\":\"https:\\\/\\\/ati-sports.com\\\/wp-content\\\/uploads\\\/2019\\\/04\\\/coque-fibre-JL-composite-dosier-2-1024x776.jpg\",\"datePublished\":\"2019-04-24T13:00:49+00:00\",\"dateModified\":\"2021-02-03T16:22:32+00:00\",\"breadcrumb\":{\"@id\":\"https:\\\/\\\/ati-sports.com\\\/index.php\\\/coque-semi-personnalisee\\\/#breadcrumb\"},\"inLanguage\":\"fr-FR\",\"potentialAction\":[{\"@type\":\"ReadAction\",\"target\":[\"https:\\\/\\\/ati-sports.com\\\/index.php\\\/coque-semi-personnalisee\\\/\"]}]},{\"@type\":\"ImageObject\",\"inLanguage\":\"fr-FR\",\"@id\":\"https:\\\/\\\/ati-sports.com\\\/index.php\\\/coque-semi-personnalisee\\\/#primaryimage\",\"url\":\"https:\\\/\\\/ati-sports.com\\\/wp-content\\\/uploads\\\/2019\\\/04\\\/coque-fibre-JL-composite-dosier-2.jpg\",\"contentUrl\":\"https:\\\/\\\/ati-sports.com\\\/wp-content\\\/uploads\\\/2019\\\/04\\\/coque-fibre-JL-composite-dosier-2.jpg\",\"width\":1506,\"height\":1141},{\"@type\":\"BreadcrumbList\",\"@id\":\"https:\\\/\\\/ati-sports.com\\\/index.php\\\/coque-semi-personnalisee\\\/#breadcrumb\",\"itemListElement\":[{\"@type\":\"ListItem\",\"position\":1,\"name\":\"Accueil\",\"item\":\"https:\\\/\\\/ati-sports.com\\\/\"},{\"@type\":\"ListItem\",\"position\":2,\"name\":\"Coque semi-personnalis\u00e9e\"}]},{\"@type\":\"WebSite\",\"@id\":\"https:\\\/\\\/ati-sports.com\\\/#website\",\"url\":\"https:\\\/\\\/ati-sports.com\\\/\",\"name\":\"ATI Sports\",\"description\":\"Une glisse de qualit\u00e9 pour tous\",\"publisher\":{\"@id\":\"https:\\\/\\\/ati-sports.com\\\/#organization\"},\"potentialAction\":[{\"@type\":\"SearchAction\",\"target\":{\"@type\":\"EntryPoint\",\"urlTemplate\":\"https:\\\/\\\/ati-sports.com\\\/?s={search_term_string}\"},\"query-input\":{\"@type\":\"PropertyValueSpecification\",\"valueRequired\":true,\"valueName\":\"search_term_string\"}}],\"inLanguage\":\"fr-FR\"},{\"@type\":\"Organization\",\"@id\":\"https:\\\/\\\/ati-sports.com\\\/#organization\",\"name\":\"Alpes Techniques Industrie Sports\",\"url\":\"https:\\\/\\\/ati-sports.com\\\/\",\"logo\":{\"@type\":\"ImageObject\",\"inLanguage\":\"fr-FR\",\"@id\":\"https:\\\/\\\/ati-sports.com\\\/#\\\/schema\\\/logo\\\/image\\\/\",\"url\":\"https:\\\/\\\/ati-sports.com\\\/wp-content\\\/uploads\\\/2021\\\/01\\\/logo_ATI_sports_blanc_detoure-1024x765-1.gif\",\"contentUrl\":\"https:\\\/\\\/ati-sports.com\\\/wp-content\\\/uploads\\\/2021\\\/01\\\/logo_ATI_sports_blanc_detoure-1024x765-1.gif\",\"width\":300,\"height\":223,\"caption\":\"Alpes Techniques Industrie Sports\"},\"image\":{\"@id\":\"https:\\\/\\\/ati-sports.com\\\/#\\\/schema\\\/logo\\\/image\\\/\"},\"sameAs\":[\"https:\\\/\\\/www.facebook.com\\\/Atisports\",\"https:\\\/\\\/www.instagram.com\\\/ati_sports\\\/\"]}]}<\/script>\n<!-- \/ Yoast SEO plugin. -->","yoast_head_json":{"title":"Coque semi-personnalis\u00e9e - ATI Sports - Une glisse de qualit\u00e9 pour tous","robots":{"index":"index","follow":"follow","max-snippet":"max-snippet:-1","max-image-preview":"max-image-preview:large","max-video-preview":"max-video-preview:-1"},"canonical":"https:\/\/ati-sports.com\/index.php\/coque-semi-personnalisee\/","og_locale":"fr_FR","og_type":"article","og_title":"Coque semi-personnalis\u00e9e - ATI Sports - Une glisse de qualit\u00e9 pour tous","og_description":"Pr\u00e9c\u00e9dent Suivant Coque en fibre ou carbone aux couleurs de ATI Sports ou \u00e0 vos\u00a0 couleurs\u00a0 au choix. Partenariat avec JL COMPOSITE.\u00a0 C\u2019est une coque rigide, 14 couches de fibres crois\u00e9es.\u00a0 Vos mesures sont \u00e0 pr\u00e9ciser durant la commande.\u00a0 Fibre:Assise nue : 1.765 kg Dossier nu : 1.400 kg Carbone: Assise nue 1.4kg Coque compl\u00e8te&hellip; Lire la suite","og_url":"https:\/\/ati-sports.com\/index.php\/coque-semi-personnalisee\/","og_site_name":"ATI Sports","article_publisher":"https:\/\/www.facebook.com\/Atisports","article_modified_time":"2021-02-03T16:22:32+00:00","og_image":[{"url":"https:\/\/ati-sports.com\/wp-content\/uploads\/2019\/04\/coque-fibre-JL-composite-dosier-2-1024x776.jpg","type":"","width":"","height":""}],"twitter_card":"summary_large_image","twitter_misc":{"Dur\u00e9e de lecture estim\u00e9e":"1 minute"},"schema":{"@context":"https:\/\/schema.org","@graph":[{"@type":"WebPage","@id":"https:\/\/ati-sports.com\/index.php\/coque-semi-personnalisee\/","url":"https:\/\/ati-sports.com\/index.php\/coque-semi-personnalisee\/","name":"Coque semi-personnalis\u00e9e - ATI Sports - Une glisse de qualit\u00e9 pour tous","isPartOf":{"@id":"https:\/\/ati-sports.com\/#website"},"primaryImageOfPage":{"@id":"https:\/\/ati-sports.com\/index.php\/coque-semi-personnalisee\/#primaryimage"},"image":{"@id":"https:\/\/ati-sports.com\/index.php\/coque-semi-personnalisee\/#primaryimage"},"thumbnailUrl":"https:\/\/ati-sports.com\/wp-content\/uploads\/2019\/04\/coque-fibre-JL-composite-dosier-2-1024x776.jpg","datePublished":"2019-04-24T13:00:49+00:00","dateModified":"2021-02-03T16:22:32+00:00","breadcrumb":{"@id":"https:\/\/ati-sports.com\/index.php\/coque-semi-personnalisee\/#breadcrumb"},"inLanguage":"fr-FR","potentialAction":[{"@type":"ReadAction","target":["https:\/\/ati-sports.com\/index.php\/coque-semi-personnalisee\/"]}]},{"@type":"ImageObject","inLanguage":"fr-FR","@id":"https:\/\/ati-sports.com\/index.php\/coque-semi-personnalisee\/#primaryimage","url":"https:\/\/ati-sports.com\/wp-content\/uploads\/2019\/04\/coque-fibre-JL-composite-dosier-2.jpg","contentUrl":"https:\/\/ati-sports.com\/wp-content\/uploads\/2019\/04\/coque-fibre-JL-composite-dosier-2.jpg","width":1506,"height":1141},{"@type":"BreadcrumbList","@id":"https:\/\/ati-sports.com\/index.php\/coque-semi-personnalisee\/#breadcrumb","itemListElement":[{"@type":"ListItem","position":1,"name":"Accueil","item":"https:\/\/ati-sports.com\/"},{"@type":"ListItem","position":2,"name":"Coque semi-personnalis\u00e9e"}]},{"@type":"WebSite","@id":"https:\/\/ati-sports.com\/#website","url":"https:\/\/ati-sports.com\/","name":"ATI Sports","description":"Une glisse de qualit\u00e9 pour tous","publisher":{"@id":"https:\/\/ati-sports.com\/#organization"},"potentialAction":[{"@type":"SearchAction","target":{"@type":"EntryPoint","urlTemplate":"https:\/\/ati-sports.com\/?s={search_term_string}"},"query-input":{"@type":"PropertyValueSpecification","valueRequired":true,"valueName":"search_term_string"}}],"inLanguage":"fr-FR"},{"@type":"Organization","@id":"https:\/\/ati-sports.com\/#organization","name":"Alpes Techniques Industrie Sports","url":"https:\/\/ati-sports.com\/","logo":{"@type":"ImageObject","inLanguage":"fr-FR","@id":"https:\/\/ati-sports.com\/#\/schema\/logo\/image\/","url":"https:\/\/ati-sports.com\/wp-content\/uploads\/2021\/01\/logo_ATI_sports_blanc_detoure-1024x765-1.gif","contentUrl":"https:\/\/ati-sports.com\/wp-content\/uploads\/2021\/01\/logo_ATI_sports_blanc_detoure-1024x765-1.gif","width":300,"height":223,"caption":"Alpes Techniques Industrie Sports"},"image":{"@id":"https:\/\/ati-sports.com\/#\/schema\/logo\/image\/"},"sameAs":["https:\/\/www.facebook.com\/Atisports","https:\/\/www.instagram.com\/ati_sports\/"]}]}},"_links":{"self":[{"href":"https:\/\/ati-sports.com\/index.php\/wp-json\/wp\/v2\/pages\/5943","targetHints":{"allow":["GET"]}}],"collection":[{"href":"https:\/\/ati-sports.com\/index.php\/wp-json\/wp\/v2\/pages"}],"about":[{"href":"https:\/\/ati-sports.com\/index.php\/wp-json\/wp\/v2\/types\/page"}],"author":[{"embeddable":true,"href":"https:\/\/ati-sports.com\/index.php\/wp-json\/wp\/v2\/users\/7"}],"replies":[{"embeddable":true,"href":"https:\/\/ati-sports.com\/index.php\/wp-json\/wp\/v2\/comments?post=5943"}],"version-history":[{"count":24,"href":"https:\/\/ati-sports.com\/index.php\/wp-json\/wp\/v2\/pages\/5943\/revisions"}],"predecessor-version":[{"id":7266,"href":"https:\/\/ati-sports.com\/index.php\/wp-json\/wp\/v2\/pages\/5943\/revisions\/7266"}],"wp:attachment":[{"href":"https:\/\/ati-sports.com\/index.php\/wp-json\/wp\/v2\/media?parent=5943"}],"curies":[{"name":"wp","href":"https:\/\/api.w.org\/{rel}","templated":true}]}}