{"id":6786,"date":"2021-01-28T01:11:16","date_gmt":"2021-01-28T00:11:16","guid":{"rendered":"https:\/\/ati-sports.com\/?page_id=6786"},"modified":"2021-01-31T16:35:52","modified_gmt":"2021-01-31T15:35:52","slug":"matos-dete","status":"publish","type":"page","link":"https:\/\/ati-sports.com\/index.php\/produits-dequipement\/matos-dete\/","title":{"rendered":"Matos D&rsquo;\u00e9t\u00e9"},"content":{"rendered":"\t\t<div data-elementor-type=\"wp-page\" data-elementor-id=\"6786\" class=\"elementor elementor-6786\">\n\t\t\t\t\t\t<section class=\"elementor-section elementor-top-section elementor-element elementor-element-78c473a elementor-section-boxed elementor-section-height-default elementor-section-height-default\" data-id=\"78c473a\" data-element_type=\"section\" data-e-type=\"section\">\n\t\t\t\t\t\t<div class=\"elementor-container elementor-column-gap-default\">\n\t\t\t\t\t<div class=\"elementor-column elementor-col-50 elementor-top-column elementor-element elementor-element-f6b410e\" data-id=\"f6b410e\" data-element_type=\"column\" data-e-type=\"column\">\n\t\t\t<div class=\"elementor-widget-wrap elementor-element-populated\">\n\t\t\t\t\t\t<div class=\"elementor-element elementor-element-02c0aac elementor-widget elementor-widget-image\" data-id=\"02c0aac\" data-element_type=\"widget\" data-e-type=\"widget\" data-widget_type=\"image.default\">\n\t\t\t\t<div class=\"elementor-widget-container\">\n\t\t\t\t\t\t\t\t\t\t\t\t<figure class=\"wp-caption\">\n\t\t\t\t\t\t\t\t\t\t\t<a href=\"https:\/\/ati-sports.com\/index.php\/produits-boutique\/boutique-equipements\/\">\n\t\t\t\t\t\t\t<img decoding=\"async\" src=\"https:\/\/ati-sports.com\/wp-content\/uploads\/elementor\/thumbs\/phil-slalom-word-2015-p1305s4trin2t3vsxlwybfx9yi7of520qzc8n5czsc.jpg\" title=\"phil-slalom-word-2015\" alt=\"phil-slalom-word-2015\" loading=\"lazy\" \/>\t\t\t\t\t\t\t\t<\/a>\n\t\t\t\t\t\t\t\t\t\t\t<figcaption class=\"widget-image-caption wp-caption-text\">SKI NAUTIQUE ASSIS<\/figcaption>\n\t\t\t\t\t\t\t\t\t\t<\/figure>\n\t\t\t\t\t\t\t\t\t<\/div>\n\t\t\t\t<\/div>\n\t\t\t\t\t<\/div>\n\t\t<\/div>\n\t\t\t\t<div class=\"elementor-column elementor-col-50 elementor-top-column elementor-element elementor-element-d03642b\" data-id=\"d03642b\" data-element_type=\"column\" data-e-type=\"column\">\n\t\t\t<div class=\"elementor-widget-wrap elementor-element-populated\">\n\t\t\t\t\t\t<div class=\"elementor-element elementor-element-c1be548 elementor-widget elementor-widget-image\" data-id=\"c1be548\" data-element_type=\"widget\" data-e-type=\"widget\" data-widget_type=\"image.default\">\n\t\t\t\t<div class=\"elementor-widget-container\">\n\t\t\t\t\t\t\t\t\t\t\t\t<figure class=\"wp-caption\">\n\t\t\t\t\t\t\t\t\t\t\t<a href=\"https:\/\/ati-sports.com\/index.php\/produits-dequipement\/matos-dete\/wake-assis\/\">\n\t\t\t\t\t\t\t<img decoding=\"async\" src=\"https:\/\/ati-sports.com\/wp-content\/uploads\/elementor\/thumbs\/Adamcool-1-p1303tmxixykmcq7d9fxmfppelv5dua5haetne9ir0.jpg\" title=\"Adamcool\" alt=\"Adamcool\" loading=\"lazy\" \/>\t\t\t\t\t\t\t\t<\/a>\n\t\t\t\t\t\t\t\t\t\t\t<figcaption class=\"widget-image-caption wp-caption-text\">WAKE ASSIS<\/figcaption>\n\t\t\t\t\t\t\t\t\t\t<\/figure>\n\t\t\t\t\t\t\t\t\t<\/div>\n\t\t\t\t<\/div>\n\t\t\t\t\t<\/div>\n\t\t<\/div>\n\t\t\t\t\t<\/div>\n\t\t<\/section>\n\t\t\t\t<\/div>\n\t\t","protected":false},"excerpt":{"rendered":"<p>SKI NAUTIQUE ASSIS WAKE ASSIS<\/p>\n","protected":false},"author":5,"featured_media":0,"parent":6702,"menu_order":0,"comment_status":"closed","ping_status":"closed","template":"","meta":{"footnotes":""},"class_list":["post-6786","page","type-page","status-publish","hentry"],"yoast_head":"<!-- This site is optimized with the Yoast SEO plugin v27.4 - https:\/\/yoast.com\/product\/yoast-seo-wordpress\/ -->\n<title>Matos D&#039;\u00e9t\u00e9 - ATI Sports - Une glisse de qualit\u00e9 pour tous<\/title>\n<meta name=\"robots\" content=\"index, follow, max-snippet:-1, max-image-preview:large, max-video-preview:-1\" \/>\n<link rel=\"canonical\" href=\"https:\/\/ati-sports.com\/index.php\/produits-dequipement\/matos-dete\/\" \/>\n<meta property=\"og:locale\" content=\"fr_FR\" \/>\n<meta property=\"og:type\" content=\"article\" \/>\n<meta property=\"og:title\" content=\"Matos D&#039;\u00e9t\u00e9 - ATI Sports - Une glisse de qualit\u00e9 pour tous\" \/>\n<meta property=\"og:description\" content=\"SKI NAUTIQUE ASSIS WAKE ASSIS\" \/>\n<meta property=\"og:url\" content=\"https:\/\/ati-sports.com\/index.php\/produits-dequipement\/matos-dete\/\" \/>\n<meta property=\"og:site_name\" content=\"ATI Sports\" \/>\n<meta property=\"article:publisher\" content=\"https:\/\/www.facebook.com\/Atisports\" \/>\n<meta property=\"article:modified_time\" content=\"2021-01-31T15:35:52+00:00\" \/>\n<meta property=\"og:image\" content=\"https:\/\/ati-sports.com\/wp-content\/uploads\/elementor\/thumbs\/phil-slalom-word-2015-p1305s4trin2t3vsxlwybfx9yi7of520qzc8n5czsc.jpg\" \/>\n<meta name=\"twitter:card\" content=\"summary_large_image\" \/>\n<meta name=\"twitter:label1\" content=\"Dur\u00e9e de lecture estim\u00e9e\" \/>\n\t<meta name=\"twitter:data1\" content=\"1 minute\" \/>\n<script type=\"application\/ld+json\" class=\"yoast-schema-graph\">{\"@context\":\"https:\\\/\\\/schema.org\",\"@graph\":[{\"@type\":\"WebPage\",\"@id\":\"https:\\\/\\\/ati-sports.com\\\/index.php\\\/produits-dequipement\\\/matos-dete\\\/\",\"url\":\"https:\\\/\\\/ati-sports.com\\\/index.php\\\/produits-dequipement\\\/matos-dete\\\/\",\"name\":\"Matos D'\u00e9t\u00e9 - ATI Sports - Une glisse de qualit\u00e9 pour tous\",\"isPartOf\":{\"@id\":\"https:\\\/\\\/ati-sports.com\\\/#website\"},\"primaryImageOfPage\":{\"@id\":\"https:\\\/\\\/ati-sports.com\\\/index.php\\\/produits-dequipement\\\/matos-dete\\\/#primaryimage\"},\"image\":{\"@id\":\"https:\\\/\\\/ati-sports.com\\\/index.php\\\/produits-dequipement\\\/matos-dete\\\/#primaryimage\"},\"thumbnailUrl\":\"https:\\\/\\\/ati-sports.com\\\/wp-content\\\/uploads\\\/elementor\\\/thumbs\\\/phil-slalom-word-2015-p1305s4trin2t3vsxlwybfx9yi7of520qzc8n5czsc.jpg\",\"datePublished\":\"2021-01-28T00:11:16+00:00\",\"dateModified\":\"2021-01-31T15:35:52+00:00\",\"breadcrumb\":{\"@id\":\"https:\\\/\\\/ati-sports.com\\\/index.php\\\/produits-dequipement\\\/matos-dete\\\/#breadcrumb\"},\"inLanguage\":\"fr-FR\",\"potentialAction\":[{\"@type\":\"ReadAction\",\"target\":[\"https:\\\/\\\/ati-sports.com\\\/index.php\\\/produits-dequipement\\\/matos-dete\\\/\"]}]},{\"@type\":\"ImageObject\",\"inLanguage\":\"fr-FR\",\"@id\":\"https:\\\/\\\/ati-sports.com\\\/index.php\\\/produits-dequipement\\\/matos-dete\\\/#primaryimage\",\"url\":\"https:\\\/\\\/ati-sports.com\\\/wp-content\\\/uploads\\\/elementor\\\/thumbs\\\/phil-slalom-word-2015-p1305s4trin2t3vsxlwybfx9yi7of520qzc8n5czsc.jpg\",\"contentUrl\":\"https:\\\/\\\/ati-sports.com\\\/wp-content\\\/uploads\\\/elementor\\\/thumbs\\\/phil-slalom-word-2015-p1305s4trin2t3vsxlwybfx9yi7of520qzc8n5czsc.jpg\"},{\"@type\":\"BreadcrumbList\",\"@id\":\"https:\\\/\\\/ati-sports.com\\\/index.php\\\/produits-dequipement\\\/matos-dete\\\/#breadcrumb\",\"itemListElement\":[{\"@type\":\"ListItem\",\"position\":1,\"name\":\"Accueil\",\"item\":\"https:\\\/\\\/ati-sports.com\\\/\"},{\"@type\":\"ListItem\",\"position\":2,\"name\":\"Produits d&rsquo;\u00e9quipement\",\"item\":\"https:\\\/\\\/ati-sports.com\\\/index.php\\\/produits-dequipement\\\/\"},{\"@type\":\"ListItem\",\"position\":3,\"name\":\"Matos D&rsquo;\u00e9t\u00e9\"}]},{\"@type\":\"WebSite\",\"@id\":\"https:\\\/\\\/ati-sports.com\\\/#website\",\"url\":\"https:\\\/\\\/ati-sports.com\\\/\",\"name\":\"ATI Sports\",\"description\":\"Une glisse de qualit\u00e9 pour tous\",\"publisher\":{\"@id\":\"https:\\\/\\\/ati-sports.com\\\/#organization\"},\"potentialAction\":[{\"@type\":\"SearchAction\",\"target\":{\"@type\":\"EntryPoint\",\"urlTemplate\":\"https:\\\/\\\/ati-sports.com\\\/?s={search_term_string}\"},\"query-input\":{\"@type\":\"PropertyValueSpecification\",\"valueRequired\":true,\"valueName\":\"search_term_string\"}}],\"inLanguage\":\"fr-FR\"},{\"@type\":\"Organization\",\"@id\":\"https:\\\/\\\/ati-sports.com\\\/#organization\",\"name\":\"Alpes Techniques Industrie Sports\",\"url\":\"https:\\\/\\\/ati-sports.com\\\/\",\"logo\":{\"@type\":\"ImageObject\",\"inLanguage\":\"fr-FR\",\"@id\":\"https:\\\/\\\/ati-sports.com\\\/#\\\/schema\\\/logo\\\/image\\\/\",\"url\":\"https:\\\/\\\/ati-sports.com\\\/wp-content\\\/uploads\\\/2021\\\/01\\\/logo_ATI_sports_blanc_detoure-1024x765-1.gif\",\"contentUrl\":\"https:\\\/\\\/ati-sports.com\\\/wp-content\\\/uploads\\\/2021\\\/01\\\/logo_ATI_sports_blanc_detoure-1024x765-1.gif\",\"width\":300,\"height\":223,\"caption\":\"Alpes Techniques Industrie Sports\"},\"image\":{\"@id\":\"https:\\\/\\\/ati-sports.com\\\/#\\\/schema\\\/logo\\\/image\\\/\"},\"sameAs\":[\"https:\\\/\\\/www.facebook.com\\\/Atisports\",\"https:\\\/\\\/www.instagram.com\\\/ati_sports\\\/\"]}]}<\/script>\n<!-- \/ Yoast SEO plugin. -->","yoast_head_json":{"title":"Matos D'\u00e9t\u00e9 - ATI Sports - Une glisse de qualit\u00e9 pour tous","robots":{"index":"index","follow":"follow","max-snippet":"max-snippet:-1","max-image-preview":"max-image-preview:large","max-video-preview":"max-video-preview:-1"},"canonical":"https:\/\/ati-sports.com\/index.php\/produits-dequipement\/matos-dete\/","og_locale":"fr_FR","og_type":"article","og_title":"Matos D'\u00e9t\u00e9 - ATI Sports - Une glisse de qualit\u00e9 pour tous","og_description":"SKI NAUTIQUE ASSIS WAKE ASSIS","og_url":"https:\/\/ati-sports.com\/index.php\/produits-dequipement\/matos-dete\/","og_site_name":"ATI Sports","article_publisher":"https:\/\/www.facebook.com\/Atisports","article_modified_time":"2021-01-31T15:35:52+00:00","og_image":[{"url":"https:\/\/ati-sports.com\/wp-content\/uploads\/elementor\/thumbs\/phil-slalom-word-2015-p1305s4trin2t3vsxlwybfx9yi7of520qzc8n5czsc.jpg","type":"","width":"","height":""}],"twitter_card":"summary_large_image","twitter_misc":{"Dur\u00e9e de lecture estim\u00e9e":"1 minute"},"schema":{"@context":"https:\/\/schema.org","@graph":[{"@type":"WebPage","@id":"https:\/\/ati-sports.com\/index.php\/produits-dequipement\/matos-dete\/","url":"https:\/\/ati-sports.com\/index.php\/produits-dequipement\/matos-dete\/","name":"Matos D'\u00e9t\u00e9 - ATI Sports - Une glisse de qualit\u00e9 pour tous","isPartOf":{"@id":"https:\/\/ati-sports.com\/#website"},"primaryImageOfPage":{"@id":"https:\/\/ati-sports.com\/index.php\/produits-dequipement\/matos-dete\/#primaryimage"},"image":{"@id":"https:\/\/ati-sports.com\/index.php\/produits-dequipement\/matos-dete\/#primaryimage"},"thumbnailUrl":"https:\/\/ati-sports.com\/wp-content\/uploads\/elementor\/thumbs\/phil-slalom-word-2015-p1305s4trin2t3vsxlwybfx9yi7of520qzc8n5czsc.jpg","datePublished":"2021-01-28T00:11:16+00:00","dateModified":"2021-01-31T15:35:52+00:00","breadcrumb":{"@id":"https:\/\/ati-sports.com\/index.php\/produits-dequipement\/matos-dete\/#breadcrumb"},"inLanguage":"fr-FR","potentialAction":[{"@type":"ReadAction","target":["https:\/\/ati-sports.com\/index.php\/produits-dequipement\/matos-dete\/"]}]},{"@type":"ImageObject","inLanguage":"fr-FR","@id":"https:\/\/ati-sports.com\/index.php\/produits-dequipement\/matos-dete\/#primaryimage","url":"https:\/\/ati-sports.com\/wp-content\/uploads\/elementor\/thumbs\/phil-slalom-word-2015-p1305s4trin2t3vsxlwybfx9yi7of520qzc8n5czsc.jpg","contentUrl":"https:\/\/ati-sports.com\/wp-content\/uploads\/elementor\/thumbs\/phil-slalom-word-2015-p1305s4trin2t3vsxlwybfx9yi7of520qzc8n5czsc.jpg"},{"@type":"BreadcrumbList","@id":"https:\/\/ati-sports.com\/index.php\/produits-dequipement\/matos-dete\/#breadcrumb","itemListElement":[{"@type":"ListItem","position":1,"name":"Accueil","item":"https:\/\/ati-sports.com\/"},{"@type":"ListItem","position":2,"name":"Produits d&rsquo;\u00e9quipement","item":"https:\/\/ati-sports.com\/index.php\/produits-dequipement\/"},{"@type":"ListItem","position":3,"name":"Matos D&rsquo;\u00e9t\u00e9"}]},{"@type":"WebSite","@id":"https:\/\/ati-sports.com\/#website","url":"https:\/\/ati-sports.com\/","name":"ATI Sports","description":"Une glisse de qualit\u00e9 pour tous","publisher":{"@id":"https:\/\/ati-sports.com\/#organization"},"potentialAction":[{"@type":"SearchAction","target":{"@type":"EntryPoint","urlTemplate":"https:\/\/ati-sports.com\/?s={search_term_string}"},"query-input":{"@type":"PropertyValueSpecification","valueRequired":true,"valueName":"search_term_string"}}],"inLanguage":"fr-FR"},{"@type":"Organization","@id":"https:\/\/ati-sports.com\/#organization","name":"Alpes Techniques Industrie Sports","url":"https:\/\/ati-sports.com\/","logo":{"@type":"ImageObject","inLanguage":"fr-FR","@id":"https:\/\/ati-sports.com\/#\/schema\/logo\/image\/","url":"https:\/\/ati-sports.com\/wp-content\/uploads\/2021\/01\/logo_ATI_sports_blanc_detoure-1024x765-1.gif","contentUrl":"https:\/\/ati-sports.com\/wp-content\/uploads\/2021\/01\/logo_ATI_sports_blanc_detoure-1024x765-1.gif","width":300,"height":223,"caption":"Alpes Techniques Industrie Sports"},"image":{"@id":"https:\/\/ati-sports.com\/#\/schema\/logo\/image\/"},"sameAs":["https:\/\/www.facebook.com\/Atisports","https:\/\/www.instagram.com\/ati_sports\/"]}]}},"_links":{"self":[{"href":"https:\/\/ati-sports.com\/index.php\/wp-json\/wp\/v2\/pages\/6786","targetHints":{"allow":["GET"]}}],"collection":[{"href":"https:\/\/ati-sports.com\/index.php\/wp-json\/wp\/v2\/pages"}],"about":[{"href":"https:\/\/ati-sports.com\/index.php\/wp-json\/wp\/v2\/types\/page"}],"author":[{"embeddable":true,"href":"https:\/\/ati-sports.com\/index.php\/wp-json\/wp\/v2\/users\/5"}],"replies":[{"embeddable":true,"href":"https:\/\/ati-sports.com\/index.php\/wp-json\/wp\/v2\/comments?post=6786"}],"version-history":[{"count":35,"href":"https:\/\/ati-sports.com\/index.php\/wp-json\/wp\/v2\/pages\/6786\/revisions"}],"predecessor-version":[{"id":7245,"href":"https:\/\/ati-sports.com\/index.php\/wp-json\/wp\/v2\/pages\/6786\/revisions\/7245"}],"up":[{"embeddable":true,"href":"https:\/\/ati-sports.com\/index.php\/wp-json\/wp\/v2\/pages\/6702"}],"wp:attachment":[{"href":"https:\/\/ati-sports.com\/index.php\/wp-json\/wp\/v2\/media?parent=6786"}],"curies":[{"name":"wp","href":"https:\/\/api.w.org\/{rel}","templated":true}]}}