{"id":6838,"date":"2021-01-28T14:56:09","date_gmt":"2021-01-28T13:56:09","guid":{"rendered":"https:\/\/ati-sports.com\/?page_id=6838"},"modified":"2021-01-29T10:23:50","modified_gmt":"2021-01-29T09:23:50","slug":"le-titanium","status":"publish","type":"page","link":"https:\/\/ati-sports.com\/index.php\/produits-dequipement\/matos-dete\/wake-assis\/le-titanium\/","title":{"rendered":"Le Titanium"},"content":{"rendered":"\t\t<div data-elementor-type=\"wp-page\" data-elementor-id=\"6838\" class=\"elementor elementor-6838\">\n\t\t\t\t\t\t<section class=\"elementor-section elementor-top-section elementor-element elementor-element-569a4d8c elementor-section-boxed elementor-section-height-default elementor-section-height-default\" data-id=\"569a4d8c\" data-element_type=\"section\" data-e-type=\"section\">\n\t\t\t\t\t\t<div class=\"elementor-container elementor-column-gap-default\">\n\t\t\t\t\t<div class=\"elementor-column elementor-col-100 elementor-top-column elementor-element elementor-element-6af6f94b\" data-id=\"6af6f94b\" data-element_type=\"column\" data-e-type=\"column\">\n\t\t\t<div class=\"elementor-widget-wrap elementor-element-populated\">\n\t\t\t\t\t\t<div class=\"elementor-element elementor-element-a06112f elementor-widget__width-initial elementor-arrows-position-inside elementor-pagination-position-outside elementor-widget elementor-widget-image-carousel\" data-id=\"a06112f\" data-element_type=\"widget\" data-e-type=\"widget\" data-settings=\"{&quot;slides_to_show&quot;:&quot;1&quot;,&quot;navigation&quot;:&quot;both&quot;,&quot;autoplay&quot;:&quot;yes&quot;,&quot;pause_on_hover&quot;:&quot;yes&quot;,&quot;pause_on_interaction&quot;:&quot;yes&quot;,&quot;autoplay_speed&quot;:5000,&quot;infinite&quot;:&quot;yes&quot;,&quot;effect&quot;:&quot;slide&quot;,&quot;speed&quot;:500}\" data-widget_type=\"image-carousel.default\">\n\t\t\t\t<div class=\"elementor-widget-container\">\n\t\t\t\t\t\t\t<div class=\"elementor-image-carousel-wrapper swiper\" role=\"region\" aria-roledescription=\"carousel\" aria-label=\"Carrousel d\u2019images\" dir=\"ltr\">\n\t\t\t<div class=\"elementor-image-carousel swiper-wrapper\" aria-live=\"off\">\n\t\t\t\t\t\t\t\t<div class=\"swiper-slide\" role=\"group\" aria-roledescription=\"slide\" aria-label=\"1 sur 6\"><figure class=\"swiper-slide-inner\"><img decoding=\"async\" class=\"swiper-slide-image\" src=\"https:\/\/ati-sports.com\/wp-content\/uploads\/2021\/01\/IMG_20191206_131611-768x1024.jpg\" alt=\"Ch\u00e2ssis titane\" loading=\"lazy\" \/><\/figure><\/div><div class=\"swiper-slide\" role=\"group\" aria-roledescription=\"slide\" aria-label=\"2 sur 6\"><figure class=\"swiper-slide-inner\"><img decoding=\"async\" class=\"swiper-slide-image\" src=\"https:\/\/ati-sports.com\/wp-content\/uploads\/2021\/01\/IMG_20191206_1416211-768x1024.jpg\" alt=\"IMG_20191206_141621(1)\" loading=\"lazy\" \/><\/figure><\/div><div class=\"swiper-slide\" role=\"group\" aria-roledescription=\"slide\" aria-label=\"3 sur 6\"><figure class=\"swiper-slide-inner\"><img decoding=\"async\" class=\"swiper-slide-image\" src=\"https:\/\/ati-sports.com\/wp-content\/uploads\/2021\/01\/Titanium-1024x887.jpg\" alt=\"Titanium\" loading=\"lazy\" \/><\/figure><\/div><div class=\"swiper-slide\" role=\"group\" aria-roledescription=\"slide\" aria-label=\"4 sur 6\"><figure class=\"swiper-slide-inner\"><img decoding=\"async\" class=\"swiper-slide-image\" src=\"https:\/\/ati-sports.com\/wp-content\/uploads\/2021\/01\/IMG_20191202_1420071-768x1024.jpg\" alt=\"IMG_20191202_142007(1)\" loading=\"lazy\" \/><\/figure><\/div><div class=\"swiper-slide\" role=\"group\" aria-roledescription=\"slide\" aria-label=\"5 sur 6\"><figure class=\"swiper-slide-inner\"><img decoding=\"async\" class=\"swiper-slide-image\" src=\"https:\/\/ati-sports.com\/wp-content\/uploads\/2021\/01\/IMG_20191202_1424001-768x1024.jpg\" alt=\"IMG_20191202_142400(1)\" loading=\"lazy\" \/><\/figure><\/div><div class=\"swiper-slide\" role=\"group\" aria-roledescription=\"slide\" aria-label=\"6 sur 6\"><figure class=\"swiper-slide-inner\"><img decoding=\"async\" class=\"swiper-slide-image\" src=\"https:\/\/ati-sports.com\/wp-content\/uploads\/2021\/01\/IMG_20191202_142351-768x1024.jpg\" alt=\"IMG_20191202_142351\" loading=\"lazy\" \/><\/figure><\/div>\t\t\t<\/div>\n\t\t\t\t\t\t\t\t\t\t\t\t<div class=\"elementor-swiper-button elementor-swiper-button-prev\" role=\"button\" tabindex=\"0\">\n\t\t\t\t\t\t<i aria-hidden=\"true\" class=\"eicon-chevron-left\"><\/i>\t\t\t\t\t<\/div>\n\t\t\t\t\t<div class=\"elementor-swiper-button elementor-swiper-button-next\" role=\"button\" tabindex=\"0\">\n\t\t\t\t\t\t<i aria-hidden=\"true\" class=\"eicon-chevron-right\"><\/i>\t\t\t\t\t<\/div>\n\t\t\t\t\n\t\t\t\t\t\t\t\t\t<div class=\"swiper-pagination\"><\/div>\n\t\t\t\t\t\t\t\t\t<\/div>\n\t\t\t\t\t\t<\/div>\n\t\t\t\t<\/div>\n\t\t\t\t<div class=\"elementor-element elementor-element-3a0dd57 elementor-widget__width-initial elementor-widget elementor-widget-text-editor\" data-id=\"3a0dd57\" data-element_type=\"widget\" data-e-type=\"widget\" data-widget_type=\"text-editor.default\">\n\t\t\t\t<div class=\"elementor-widget-container\">\n\t\t\t\t\t\t\t\t\t<p>Le <strong>Titanium<\/strong> est une version all\u00e9g\u00e9 du <a href=\"https:\/\/ati-sports.com\/index.php\/matos-dete\/wake-assis\/chassis-wakeboard2019\/\"><strong>Classic<\/strong><\/a> . Nous avons travaill\u00e9s sur les mat\u00e9riaux et remplac\u00e9 la visserie et tous les \u00e9l\u00e9ments en Inox par des \u00e9l\u00e9ments en Titane TA6V.<\/p><p>Sa glissi\u00e8re arri\u00e8re est retravaill\u00e9e et nous avons am\u00e9lior\u00e9 son assise sur la board\u00a0 par l&rsquo;adjonction d&rsquo;une plaque carbone.<\/p><p>C&rsquo;est un ch\u00e2ssis r\u00e9solument fait pour les riders exigeants en recherche de hautes performances. Ces dumpers sp\u00e9cifiques sont plus raides pour s\u00e9curiser vos r\u00e9ceptions de figures de haut vol<\/p><p>Comme son cousin le <a href=\"https:\/\/ati-sports.com\/index.php\/matos-dete\/wake-assis\/chassis-wakeboard2019\/\"><strong>Classic<\/strong><\/a> il pourra accueillir les riders de 1.6m \u00e0 1.9m<\/p><p>Associ\u00e9 \u00e0 une coque extra light carbone de notre partenaire <a href=\"http:\/\/www.handikite.com\/prototypes\/jl-composites-ch%C3%A2ssis-mc1\/\">JL COMPOSITES<\/a> il sera optimis\u00e9 pour de grandes envol\u00e9es.<\/p><p>Poids: 3.1kg ch\u00e2ssis nu,<\/p><p>Option: Couleur\u00a0 au choix suivant notre catalogue de l&rsquo;ann\u00e9e<\/p><p>\u00a0<\/p>\t\t\t\t\t\t\t\t<\/div>\n\t\t\t\t<\/div>\n\t\t\t\t<div class=\"elementor-element elementor-element-24f7539 elementor-widget elementor-widget-heading\" data-id=\"24f7539\" data-element_type=\"widget\" data-e-type=\"widget\" data-widget_type=\"heading.default\">\n\t\t\t\t<div class=\"elementor-widget-container\">\n\t\t\t\t\t<h3 class=\"elementor-heading-title elementor-size-default\">Les prix n'\u00e9tant pas renseign\u00e9s, veuillez nous contacter ci-dessous afin d'obtenir un devis.\u200b<\/h3>\t\t\t\t<\/div>\n\t\t\t\t<\/div>\n\t\t\t\t\t<\/div>\n\t\t<\/div>\n\t\t\t\t\t<\/div>\n\t\t<\/section>\n\t\t\t\t<section class=\"elementor-section elementor-top-section elementor-element elementor-element-1486ae3 elementor-section-boxed elementor-section-height-default elementor-section-height-default\" data-id=\"1486ae3\" data-element_type=\"section\" data-e-type=\"section\">\n\t\t\t\t\t\t<div class=\"elementor-container elementor-column-gap-default\">\n\t\t\t\t\t<div class=\"elementor-column elementor-col-100 elementor-top-column elementor-element elementor-element-626833b\" data-id=\"626833b\" data-element_type=\"column\" data-e-type=\"column\">\n\t\t\t<div class=\"elementor-widget-wrap elementor-element-populated\">\n\t\t\t\t\t\t<div class=\"elementor-element elementor-element-35766c2 elementor-widget elementor-widget-shortcode\" data-id=\"35766c2\" data-element_type=\"widget\" data-e-type=\"widget\" data-widget_type=\"shortcode.default\">\n\t\t\t\t<div class=\"elementor-widget-container\">\n\t\t\t\t\t\t\t<div class=\"elementor-shortcode\">\n<div class=\"wpcf7 no-js\" id=\"wpcf7-f6144-o1\" lang=\"fr-FR\" dir=\"ltr\" data-wpcf7-id=\"6144\">\n<div class=\"screen-reader-response\"><p role=\"status\" aria-live=\"polite\" aria-atomic=\"true\"><\/p> <ul><\/ul><\/div>\n<form action=\"\/index.php\/wp-json\/wp\/v2\/pages\/6838#wpcf7-f6144-o1\" method=\"post\" class=\"wpcf7-form init\" aria-label=\"Formulaire de contact\" novalidate=\"novalidate\" data-status=\"init\">\n<fieldset class=\"hidden-fields-container\"><input type=\"hidden\" name=\"_wpcf7\" value=\"6144\" \/><input type=\"hidden\" name=\"_wpcf7_version\" value=\"6.1.5\" \/><input type=\"hidden\" name=\"_wpcf7_locale\" value=\"fr_FR\" \/><input type=\"hidden\" name=\"_wpcf7_unit_tag\" value=\"wpcf7-f6144-o1\" \/><input type=\"hidden\" name=\"_wpcf7_container_post\" value=\"0\" \/><input type=\"hidden\" name=\"_wpcf7_posted_data_hash\" value=\"\" \/><input type=\"hidden\" name=\"_wpcf7_recaptcha_response\" value=\"\" \/>\n<\/fieldset>\n<p><label> Votre nom:<br \/>\n<span class=\"wpcf7-form-control-wrap\" data-name=\"your-name\"><input size=\"40\" maxlength=\"400\" class=\"wpcf7-form-control wpcf7-text wpcf7-validates-as-required\" aria-required=\"true\" aria-invalid=\"false\" value=\"\" type=\"text\" name=\"your-name\" \/><\/span> <\/label>\n<\/p>\n<p><label> Votre pr\u00e9nom:<br \/>\n<span class=\"wpcf7-form-control-wrap\" data-name=\"your-surname\"><input size=\"40\" maxlength=\"400\" class=\"wpcf7-form-control wpcf7-text wpcf7-validates-as-required\" aria-required=\"true\" aria-invalid=\"false\" value=\"\" type=\"text\" name=\"your-surname\" \/><\/span> <\/label>\n<\/p>\n<p><label> Votre adresse de messagerie:<br \/>\n<span class=\"wpcf7-form-control-wrap\" data-name=\"your-email\"><input size=\"40\" maxlength=\"400\" class=\"wpcf7-form-control wpcf7-email wpcf7-validates-as-required wpcf7-text wpcf7-validates-as-email\" aria-required=\"true\" aria-invalid=\"false\" value=\"\" type=\"email\" name=\"your-email\" \/><\/span> <\/label>\n<\/p>\n<p><label>Votre num\u00e9ro de t\u00e9l\u00e9phone:<br \/>\n<span class=\"wpcf7-form-control-wrap\" data-name=\"tel-343\"><input size=\"40\" maxlength=\"400\" class=\"wpcf7-form-control wpcf7-tel wpcf7-validates-as-required wpcf7-text wpcf7-validates-as-tel\" aria-required=\"true\" aria-invalid=\"false\" value=\"\" type=\"tel\" name=\"tel-343\" \/><\/span> <\/label>\n<\/p>\n<p><label> Couleur:<br \/>\n<span class=\"wpcf7-form-control-wrap\" data-name=\"menu-couleur\"><select class=\"wpcf7-form-control wpcf7-select wpcf7-validates-as-required\" aria-required=\"true\" aria-invalid=\"false\" name=\"menu-couleur\"><option value=\"\">&#8212;Veuillez choisir une option&#8212;<\/option><option value=\"Couleur de base\">Couleur de base<\/option><option value=\"Couleur personnalis\u00e9e\">Couleur personnalis\u00e9e<\/option><\/select><\/span> <\/label>\n<\/p>\n<p><label> Type de ch\u00e2ssis:<br \/>\n<span class=\"wpcf7-form-control-wrap\" data-name=\"menu-type\"><select class=\"wpcf7-form-control wpcf7-select wpcf7-validates-as-required\" aria-required=\"true\" aria-invalid=\"false\" name=\"menu-type\"><option value=\"\">&#8212;Veuillez choisir une option&#8212;<\/option><option value=\"Ch\u00e2ssis de base\">Ch\u00e2ssis de base<\/option><option value=\"Ch\u00e2ssis full Titane\">Ch\u00e2ssis full Titane<\/option><\/select><\/span> <\/label>\n<\/p>\n<p><label> Demandes sp\u00e9cifiques:<br \/>\n<span class=\"wpcf7-form-control-wrap\" data-name=\"your-message\"><textarea cols=\"40\" rows=\"10\" maxlength=\"2000\" class=\"wpcf7-form-control wpcf7-textarea\" aria-invalid=\"false\" name=\"your-message\"><\/textarea><\/span> <\/label>\n<\/p>\n<p><input class=\"wpcf7-form-control wpcf7-submit has-spinner\" type=\"submit\" value=\"Envoyer\" \/><br \/>\n<span class=\"wpcf7-form-control-wrap kc_captcha\" data-name=\"kc_captcha\"><span class=\"wpcf7-form-control wpcf7-radio\"><span class=\"captcha-image\" ><span class=\"cf7ic_instructions\">Veuillez prouver que vous \u00eates humain en s\u00e9lectionnant<span> la tasse<\/span>.<\/span><label><input aria-label=\"1\" type=\"radio\" name=\"kc_captcha\" value=\"bot\" \/><svg aria-hidden=\"true\" role=\"img\" xmlns=\"http:\/\/www.w3.org\/2000\/svg\" viewBox=\"0 0 576 512\"><path fill=\"currentColor\" d=\"M488 313v143c0 13-11 24-24 24H348c-7 0-12-5-12-12V356c0-7-5-12-12-12h-72c-7 0-12 5-12 12v112c0 7-5 12-12 12H112c-13 0-24-11-24-24V313c0-4 2-7 4-10l188-154c5-4 11-4 16 0l188 154c2 3 4 6 4 10zm84-61l-84-69V44c0-6-5-12-12-12h-56c-7 0-12 6-12 12v73l-89-74a48 48 0 00-61 0L4 252c-5 4-5 12-1 17l25 31c5 5 12 5 17 1l235-193c5-4 11-4 16 0l235 193c5 5 13 4 17-1l25-31c4-6 4-13-1-17z\"\/><\/svg><\/label><label><input aria-label=\"2\" type=\"radio\" name=\"kc_captcha\" value=\"kc_human\" \/><svg aria-hidden=\"true\" role=\"img\" xmlns=\"http:\/\/www.w3.org\/2000\/svg\" viewBox=\"0 0 640 512\"><path fill=\"currentColor\" d=\"M192 384h192c53 0 96-43 96-96h32a128 128 0 000-256H120c-13 0-24 11-24 24v232c0 53 43 96 96 96zM512 96a64 64 0 010 128h-32V96h32zm48 384H48c-47 0-61-64-36-64h584c25 0 11 64-36 64z\"\/><\/svg><\/label><label><input aria-label=\"3\" type=\"radio\" name=\"kc_captcha\" value=\"bot\" \/><svg aria-hidden=\"true\" role=\"img\" xmlns=\"http:\/\/www.w3.org\/2000\/svg\" viewBox=\"0 0 512 512\"><path fill=\"currentColor\" d=\"M512 176a176 176 0 01-209 173l-24 27a24 24 0 01-18 8h-37v40c0 13-11 24-24 24h-40v40c0 13-11 24-24 24H24c-13 0-24-11-24-24v-78c0-6 3-13 7-17l162-162a176 176 0 11343-55zm-176-48a48 48 0 1096 0 48 48 0 00-96 0z\"\/><\/svg><\/label>\r\n    <\/span>\r\n    <span style=\"display:none\">\r\n        <input type=\"text\" name=\"kc_honeypot\">\r\n    <\/span><\/span><\/span>\n<\/p><div class=\"wpcf7-response-output\" aria-hidden=\"true\"><\/div>\n<\/form>\n<\/div>\n<\/div>\n\t\t\t\t\t\t<\/div>\n\t\t\t\t<\/div>\n\t\t\t\t\t<\/div>\n\t\t<\/div>\n\t\t\t\t\t<\/div>\n\t\t<\/section>\n\t\t\t\t<\/div>\n\t\t","protected":false},"excerpt":{"rendered":"<p>Pr\u00e9c\u00e9dent Suivant Le Titanium est une version all\u00e9g\u00e9 du Classic . Nous avons travaill\u00e9s sur les mat\u00e9riaux et remplac\u00e9 la visserie et tous les \u00e9l\u00e9ments en Inox par des \u00e9l\u00e9ments en Titane TA6V. Sa glissi\u00e8re arri\u00e8re est retravaill\u00e9e et nous avons am\u00e9lior\u00e9 son assise sur la board\u00a0 par l&rsquo;adjonction d&rsquo;une plaque carbone. C&rsquo;est un ch\u00e2ssis&hellip; <br \/> <a class=\"read-more\" href=\"https:\/\/ati-sports.com\/index.php\/produits-dequipement\/matos-dete\/wake-assis\/le-titanium\/\">Lire la suite<\/a><\/p>\n","protected":false},"author":5,"featured_media":0,"parent":6805,"menu_order":0,"comment_status":"closed","ping_status":"closed","template":"","meta":{"footnotes":""},"class_list":["post-6838","page","type-page","status-publish","hentry"],"yoast_head":"<!-- This site is optimized with the Yoast SEO plugin v27.5 - https:\/\/yoast.com\/product\/yoast-seo-wordpress\/ -->\n<title>Le Titanium - ATI Sports - Une glisse de qualit\u00e9 pour tous<\/title>\n<meta name=\"robots\" content=\"index, follow, max-snippet:-1, max-image-preview:large, max-video-preview:-1\" \/>\n<link rel=\"canonical\" href=\"https:\/\/ati-sports.com\/index.php\/produits-dequipement\/matos-dete\/wake-assis\/le-titanium\/\" \/>\n<meta property=\"og:locale\" content=\"fr_FR\" \/>\n<meta property=\"og:type\" content=\"article\" \/>\n<meta property=\"og:title\" content=\"Le Titanium - ATI Sports - Une glisse de qualit\u00e9 pour tous\" \/>\n<meta property=\"og:description\" content=\"Pr\u00e9c\u00e9dent Suivant Le Titanium est une version all\u00e9g\u00e9 du Classic . Nous avons travaill\u00e9s sur les mat\u00e9riaux et remplac\u00e9 la visserie et tous les \u00e9l\u00e9ments en Inox par des \u00e9l\u00e9ments en Titane TA6V. Sa glissi\u00e8re arri\u00e8re est retravaill\u00e9e et nous avons am\u00e9lior\u00e9 son assise sur la board\u00a0 par l&rsquo;adjonction d&rsquo;une plaque carbone. C&rsquo;est un ch\u00e2ssis&hellip; Lire la suite\" \/>\n<meta property=\"og:url\" content=\"https:\/\/ati-sports.com\/index.php\/produits-dequipement\/matos-dete\/wake-assis\/le-titanium\/\" \/>\n<meta property=\"og:site_name\" content=\"ATI Sports\" \/>\n<meta property=\"article:publisher\" content=\"https:\/\/www.facebook.com\/Atisports\" \/>\n<meta property=\"article:modified_time\" content=\"2021-01-29T09:23:50+00:00\" \/>\n<meta property=\"og:image\" content=\"https:\/\/ati-sports.com\/wp-content\/uploads\/2021\/01\/IMG_20191206_131611-768x1024.jpg\" \/>\n<meta name=\"twitter:card\" content=\"summary_large_image\" \/>\n<meta name=\"twitter:label1\" content=\"Dur\u00e9e de lecture estim\u00e9e\" \/>\n\t<meta name=\"twitter:data1\" content=\"3 minutes\" \/>\n<script type=\"application\/ld+json\" class=\"yoast-schema-graph\">{\"@context\":\"https:\\\/\\\/schema.org\",\"@graph\":[{\"@type\":\"WebPage\",\"@id\":\"https:\\\/\\\/ati-sports.com\\\/index.php\\\/produits-dequipement\\\/matos-dete\\\/wake-assis\\\/le-titanium\\\/\",\"url\":\"https:\\\/\\\/ati-sports.com\\\/index.php\\\/produits-dequipement\\\/matos-dete\\\/wake-assis\\\/le-titanium\\\/\",\"name\":\"Le Titanium - ATI Sports - Une glisse de qualit\u00e9 pour tous\",\"isPartOf\":{\"@id\":\"https:\\\/\\\/ati-sports.com\\\/#website\"},\"primaryImageOfPage\":{\"@id\":\"https:\\\/\\\/ati-sports.com\\\/index.php\\\/produits-dequipement\\\/matos-dete\\\/wake-assis\\\/le-titanium\\\/#primaryimage\"},\"image\":{\"@id\":\"https:\\\/\\\/ati-sports.com\\\/index.php\\\/produits-dequipement\\\/matos-dete\\\/wake-assis\\\/le-titanium\\\/#primaryimage\"},\"thumbnailUrl\":\"https:\\\/\\\/ati-sports.com\\\/wp-content\\\/uploads\\\/2021\\\/01\\\/IMG_20191206_131611-768x1024.jpg\",\"datePublished\":\"2021-01-28T13:56:09+00:00\",\"dateModified\":\"2021-01-29T09:23:50+00:00\",\"breadcrumb\":{\"@id\":\"https:\\\/\\\/ati-sports.com\\\/index.php\\\/produits-dequipement\\\/matos-dete\\\/wake-assis\\\/le-titanium\\\/#breadcrumb\"},\"inLanguage\":\"fr-FR\",\"potentialAction\":[{\"@type\":\"ReadAction\",\"target\":[\"https:\\\/\\\/ati-sports.com\\\/index.php\\\/produits-dequipement\\\/matos-dete\\\/wake-assis\\\/le-titanium\\\/\"]}]},{\"@type\":\"ImageObject\",\"inLanguage\":\"fr-FR\",\"@id\":\"https:\\\/\\\/ati-sports.com\\\/index.php\\\/produits-dequipement\\\/matos-dete\\\/wake-assis\\\/le-titanium\\\/#primaryimage\",\"url\":\"https:\\\/\\\/ati-sports.com\\\/wp-content\\\/uploads\\\/2021\\\/01\\\/IMG_20191206_131611-768x1024.jpg\",\"contentUrl\":\"https:\\\/\\\/ati-sports.com\\\/wp-content\\\/uploads\\\/2021\\\/01\\\/IMG_20191206_131611-768x1024.jpg\"},{\"@type\":\"BreadcrumbList\",\"@id\":\"https:\\\/\\\/ati-sports.com\\\/index.php\\\/produits-dequipement\\\/matos-dete\\\/wake-assis\\\/le-titanium\\\/#breadcrumb\",\"itemListElement\":[{\"@type\":\"ListItem\",\"position\":1,\"name\":\"Accueil\",\"item\":\"https:\\\/\\\/ati-sports.com\\\/\"},{\"@type\":\"ListItem\",\"position\":2,\"name\":\"Produits d&rsquo;\u00e9quipement\",\"item\":\"https:\\\/\\\/ati-sports.com\\\/index.php\\\/produits-dequipement\\\/\"},{\"@type\":\"ListItem\",\"position\":3,\"name\":\"Matos D&rsquo;\u00e9t\u00e9\",\"item\":\"https:\\\/\\\/ati-sports.com\\\/index.php\\\/produits-dequipement\\\/matos-dete\\\/\"},{\"@type\":\"ListItem\",\"position\":4,\"name\":\"Wake Assis\",\"item\":\"https:\\\/\\\/ati-sports.com\\\/index.php\\\/produits-dequipement\\\/matos-dete\\\/wake-assis\\\/\"},{\"@type\":\"ListItem\",\"position\":5,\"name\":\"Le Titanium\"}]},{\"@type\":\"WebSite\",\"@id\":\"https:\\\/\\\/ati-sports.com\\\/#website\",\"url\":\"https:\\\/\\\/ati-sports.com\\\/\",\"name\":\"ATI Sports\",\"description\":\"Une glisse de qualit\u00e9 pour tous\",\"publisher\":{\"@id\":\"https:\\\/\\\/ati-sports.com\\\/#organization\"},\"potentialAction\":[{\"@type\":\"SearchAction\",\"target\":{\"@type\":\"EntryPoint\",\"urlTemplate\":\"https:\\\/\\\/ati-sports.com\\\/?s={search_term_string}\"},\"query-input\":{\"@type\":\"PropertyValueSpecification\",\"valueRequired\":true,\"valueName\":\"search_term_string\"}}],\"inLanguage\":\"fr-FR\"},{\"@type\":\"Organization\",\"@id\":\"https:\\\/\\\/ati-sports.com\\\/#organization\",\"name\":\"Alpes Techniques Industrie Sports\",\"url\":\"https:\\\/\\\/ati-sports.com\\\/\",\"logo\":{\"@type\":\"ImageObject\",\"inLanguage\":\"fr-FR\",\"@id\":\"https:\\\/\\\/ati-sports.com\\\/#\\\/schema\\\/logo\\\/image\\\/\",\"url\":\"https:\\\/\\\/ati-sports.com\\\/wp-content\\\/uploads\\\/2021\\\/01\\\/logo_ATI_sports_blanc_detoure-1024x765-1.gif\",\"contentUrl\":\"https:\\\/\\\/ati-sports.com\\\/wp-content\\\/uploads\\\/2021\\\/01\\\/logo_ATI_sports_blanc_detoure-1024x765-1.gif\",\"width\":300,\"height\":223,\"caption\":\"Alpes Techniques Industrie Sports\"},\"image\":{\"@id\":\"https:\\\/\\\/ati-sports.com\\\/#\\\/schema\\\/logo\\\/image\\\/\"},\"sameAs\":[\"https:\\\/\\\/www.facebook.com\\\/Atisports\",\"https:\\\/\\\/www.instagram.com\\\/ati_sports\\\/\"]}]}<\/script>\n<!-- \/ Yoast SEO plugin. -->","yoast_head_json":{"title":"Le Titanium - ATI Sports - Une glisse de qualit\u00e9 pour tous","robots":{"index":"index","follow":"follow","max-snippet":"max-snippet:-1","max-image-preview":"max-image-preview:large","max-video-preview":"max-video-preview:-1"},"canonical":"https:\/\/ati-sports.com\/index.php\/produits-dequipement\/matos-dete\/wake-assis\/le-titanium\/","og_locale":"fr_FR","og_type":"article","og_title":"Le Titanium - ATI Sports - Une glisse de qualit\u00e9 pour tous","og_description":"Pr\u00e9c\u00e9dent Suivant Le Titanium est une version all\u00e9g\u00e9 du Classic . Nous avons travaill\u00e9s sur les mat\u00e9riaux et remplac\u00e9 la visserie et tous les \u00e9l\u00e9ments en Inox par des \u00e9l\u00e9ments en Titane TA6V. Sa glissi\u00e8re arri\u00e8re est retravaill\u00e9e et nous avons am\u00e9lior\u00e9 son assise sur la board\u00a0 par l&rsquo;adjonction d&rsquo;une plaque carbone. C&rsquo;est un ch\u00e2ssis&hellip; Lire la suite","og_url":"https:\/\/ati-sports.com\/index.php\/produits-dequipement\/matos-dete\/wake-assis\/le-titanium\/","og_site_name":"ATI Sports","article_publisher":"https:\/\/www.facebook.com\/Atisports","article_modified_time":"2021-01-29T09:23:50+00:00","og_image":[{"url":"https:\/\/ati-sports.com\/wp-content\/uploads\/2021\/01\/IMG_20191206_131611-768x1024.jpg","type":"","width":"","height":""}],"twitter_card":"summary_large_image","twitter_misc":{"Dur\u00e9e de lecture estim\u00e9e":"3 minutes"},"schema":{"@context":"https:\/\/schema.org","@graph":[{"@type":"WebPage","@id":"https:\/\/ati-sports.com\/index.php\/produits-dequipement\/matos-dete\/wake-assis\/le-titanium\/","url":"https:\/\/ati-sports.com\/index.php\/produits-dequipement\/matos-dete\/wake-assis\/le-titanium\/","name":"Le Titanium - ATI Sports - Une glisse de qualit\u00e9 pour tous","isPartOf":{"@id":"https:\/\/ati-sports.com\/#website"},"primaryImageOfPage":{"@id":"https:\/\/ati-sports.com\/index.php\/produits-dequipement\/matos-dete\/wake-assis\/le-titanium\/#primaryimage"},"image":{"@id":"https:\/\/ati-sports.com\/index.php\/produits-dequipement\/matos-dete\/wake-assis\/le-titanium\/#primaryimage"},"thumbnailUrl":"https:\/\/ati-sports.com\/wp-content\/uploads\/2021\/01\/IMG_20191206_131611-768x1024.jpg","datePublished":"2021-01-28T13:56:09+00:00","dateModified":"2021-01-29T09:23:50+00:00","breadcrumb":{"@id":"https:\/\/ati-sports.com\/index.php\/produits-dequipement\/matos-dete\/wake-assis\/le-titanium\/#breadcrumb"},"inLanguage":"fr-FR","potentialAction":[{"@type":"ReadAction","target":["https:\/\/ati-sports.com\/index.php\/produits-dequipement\/matos-dete\/wake-assis\/le-titanium\/"]}]},{"@type":"ImageObject","inLanguage":"fr-FR","@id":"https:\/\/ati-sports.com\/index.php\/produits-dequipement\/matos-dete\/wake-assis\/le-titanium\/#primaryimage","url":"https:\/\/ati-sports.com\/wp-content\/uploads\/2021\/01\/IMG_20191206_131611-768x1024.jpg","contentUrl":"https:\/\/ati-sports.com\/wp-content\/uploads\/2021\/01\/IMG_20191206_131611-768x1024.jpg"},{"@type":"BreadcrumbList","@id":"https:\/\/ati-sports.com\/index.php\/produits-dequipement\/matos-dete\/wake-assis\/le-titanium\/#breadcrumb","itemListElement":[{"@type":"ListItem","position":1,"name":"Accueil","item":"https:\/\/ati-sports.com\/"},{"@type":"ListItem","position":2,"name":"Produits d&rsquo;\u00e9quipement","item":"https:\/\/ati-sports.com\/index.php\/produits-dequipement\/"},{"@type":"ListItem","position":3,"name":"Matos D&rsquo;\u00e9t\u00e9","item":"https:\/\/ati-sports.com\/index.php\/produits-dequipement\/matos-dete\/"},{"@type":"ListItem","position":4,"name":"Wake Assis","item":"https:\/\/ati-sports.com\/index.php\/produits-dequipement\/matos-dete\/wake-assis\/"},{"@type":"ListItem","position":5,"name":"Le Titanium"}]},{"@type":"WebSite","@id":"https:\/\/ati-sports.com\/#website","url":"https:\/\/ati-sports.com\/","name":"ATI Sports","description":"Une glisse de qualit\u00e9 pour tous","publisher":{"@id":"https:\/\/ati-sports.com\/#organization"},"potentialAction":[{"@type":"SearchAction","target":{"@type":"EntryPoint","urlTemplate":"https:\/\/ati-sports.com\/?s={search_term_string}"},"query-input":{"@type":"PropertyValueSpecification","valueRequired":true,"valueName":"search_term_string"}}],"inLanguage":"fr-FR"},{"@type":"Organization","@id":"https:\/\/ati-sports.com\/#organization","name":"Alpes Techniques Industrie Sports","url":"https:\/\/ati-sports.com\/","logo":{"@type":"ImageObject","inLanguage":"fr-FR","@id":"https:\/\/ati-sports.com\/#\/schema\/logo\/image\/","url":"https:\/\/ati-sports.com\/wp-content\/uploads\/2021\/01\/logo_ATI_sports_blanc_detoure-1024x765-1.gif","contentUrl":"https:\/\/ati-sports.com\/wp-content\/uploads\/2021\/01\/logo_ATI_sports_blanc_detoure-1024x765-1.gif","width":300,"height":223,"caption":"Alpes Techniques Industrie Sports"},"image":{"@id":"https:\/\/ati-sports.com\/#\/schema\/logo\/image\/"},"sameAs":["https:\/\/www.facebook.com\/Atisports","https:\/\/www.instagram.com\/ati_sports\/"]}]}},"_links":{"self":[{"href":"https:\/\/ati-sports.com\/index.php\/wp-json\/wp\/v2\/pages\/6838","targetHints":{"allow":["GET"]}}],"collection":[{"href":"https:\/\/ati-sports.com\/index.php\/wp-json\/wp\/v2\/pages"}],"about":[{"href":"https:\/\/ati-sports.com\/index.php\/wp-json\/wp\/v2\/types\/page"}],"author":[{"embeddable":true,"href":"https:\/\/ati-sports.com\/index.php\/wp-json\/wp\/v2\/users\/5"}],"replies":[{"embeddable":true,"href":"https:\/\/ati-sports.com\/index.php\/wp-json\/wp\/v2\/comments?post=6838"}],"version-history":[{"count":62,"href":"https:\/\/ati-sports.com\/index.php\/wp-json\/wp\/v2\/pages\/6838\/revisions"}],"predecessor-version":[{"id":6982,"href":"https:\/\/ati-sports.com\/index.php\/wp-json\/wp\/v2\/pages\/6838\/revisions\/6982"}],"up":[{"embeddable":true,"href":"https:\/\/ati-sports.com\/index.php\/wp-json\/wp\/v2\/pages\/6805"}],"wp:attachment":[{"href":"https:\/\/ati-sports.com\/index.php\/wp-json\/wp\/v2\/media?parent=6838"}],"curies":[{"name":"wp","href":"https:\/\/api.w.org\/{rel}","templated":true}]}}